{"id":8345,"date":"2024-06-19T18:47:32","date_gmt":"2024-06-19T16:47:32","guid":{"rendered":"https:\/\/legrenierdelatour.be\/brocante\/?post_type=product&#038;p=8345"},"modified":"2024-06-19T18:47:32","modified_gmt":"2024-06-19T16:47:32","slug":"plat-a-fruits-vallauris-imitation-bois","status":"publish","type":"product","link":"https:\/\/legrenierdelatour.be\/brocante\/produit\/plat-a-fruits-vallauris-imitation-bois\/","title":{"rendered":"Plat \u00e0 fruits Vallauris, imitation bois"},"content":{"rendered":"<p>Plat \u00e0 fruits en fa\u00efence (24 cm de diam\u00e8tre) ayant l\u2019apparance d\u2019un tronc d\u2019arbre. Il est poin\u00e7onn\u00e9 en crux \u00ab\u00a0Vallauris\u00a0\u00bb et porte le num\u00e9ro 742. Il date sans doute de la fin du 20\u00e8 si\u00e8cle.<\/p>\n<div>R\u00e9f 32.01<\/div>\n","protected":false},"excerpt":{"rendered":"<p>Plat \u00e0 fruits en fa\u00efence (24 cm de diam\u00e8tre) ayant l\u2019apparance d\u2019un tronc d\u2019arbre. Il est poin\u00e7onn\u00e9 en crux \u00ab\u00a0Vallauris\u00a0\u00bb et porte le num\u00e9ro 742. Il date sans doute de la fin du 20\u00e8 si\u00e8cle. R\u00e9f 32.01<\/p>\n","protected":false},"featured_media":8347,"comment_status":"open","ping_status":"closed","template":"","meta":{"neve_meta_sidebar":"","neve_meta_container":"","neve_meta_enable_content_width":"off","neve_meta_content_width":100,"neve_meta_title_alignment":"","neve_meta_author_avatar":"","neve_post_elements_order":"","neve_meta_disable_header":"","neve_meta_disable_footer":"","neve_meta_disable_title":""},"product_brand":[],"product_cat":[16,59,94],"product_tag":[],"class_list":{"0":"post-8345","1":"product","2":"type-product","3":"status-publish","4":"has-post-thumbnail","6":"product_cat-ceramique","7":"product_cat-france","8":"product_cat-vallauris","10":"first","11":"instock","12":"shipping-taxable","13":"purchasable","14":"product-type-simple"},"_links":{"self":[{"href":"https:\/\/legrenierdelatour.be\/brocante\/wp-json\/wp\/v2\/product\/8345","targetHints":{"allow":["GET"]}}],"collection":[{"href":"https:\/\/legrenierdelatour.be\/brocante\/wp-json\/wp\/v2\/product"}],"about":[{"href":"https:\/\/legrenierdelatour.be\/brocante\/wp-json\/wp\/v2\/types\/product"}],"replies":[{"embeddable":true,"href":"https:\/\/legrenierdelatour.be\/brocante\/wp-json\/wp\/v2\/comments?post=8345"}],"wp:featuredmedia":[{"embeddable":true,"href":"https:\/\/legrenierdelatour.be\/brocante\/wp-json\/wp\/v2\/media\/8347"}],"wp:attachment":[{"href":"https:\/\/legrenierdelatour.be\/brocante\/wp-json\/wp\/v2\/media?parent=8345"}],"wp:term":[{"taxonomy":"product_brand","embeddable":true,"href":"https:\/\/legrenierdelatour.be\/brocante\/wp-json\/wp\/v2\/product_brand?post=8345"},{"taxonomy":"product_cat","embeddable":true,"href":"https:\/\/legrenierdelatour.be\/brocante\/wp-json\/wp\/v2\/product_cat?post=8345"},{"taxonomy":"product_tag","embeddable":true,"href":"https:\/\/legrenierdelatour.be\/brocante\/wp-json\/wp\/v2\/product_tag?post=8345"}],"curies":[{"name":"wp","href":"https:\/\/api.w.org\/{rel}","templated":true}]}}