{"id":8342,"date":"2024-06-19T18:35:56","date_gmt":"2024-06-19T16:35:56","guid":{"rendered":"https:\/\/legrenierdelatour.be\/brocante\/?post_type=product&#038;p=8342"},"modified":"2024-06-19T18:35:57","modified_gmt":"2024-06-19T16:35:57","slug":"vide-poche-patricia-lippert-villeroy-boch","status":"publish","type":"product","link":"https:\/\/legrenierdelatour.be\/brocante\/produit\/vide-poche-patricia-lippert-villeroy-boch\/","title":{"rendered":"Vide-poche Patricia Lippert, Villeroy &#038; Boch"},"content":{"rendered":"<p>Vide-poche en fa\u00efence (9,5 cm de c\u00f4t\u00e9) produit par Villeroy &amp; Boch Luxembourg. Ce petit vide-poche porte une s\u00e9rigraphie sign\u00e9e de Patricia Lippert.<\/p>\n<div>R\u00e9f 31.100<\/div>\n","protected":false},"excerpt":{"rendered":"<p>Vide-poche en fa\u00efence (9,5 cm de c\u00f4t\u00e9) produit par Villeroy &amp; Boch Luxembourg. Ce petit vide-poche porte une s\u00e9rigraphie sign\u00e9e de Patricia Lippert. R\u00e9f 31.100<\/p>\n","protected":false},"featured_media":8343,"comment_status":"open","ping_status":"closed","template":"","meta":{"neve_meta_sidebar":"","neve_meta_container":"","neve_meta_enable_content_width":"off","neve_meta_content_width":100,"neve_meta_title_alignment":"","neve_meta_author_avatar":"","neve_post_elements_order":"","neve_meta_disable_header":"","neve_meta_disable_footer":"","neve_meta_disable_title":""},"product_brand":[],"product_cat":[16,165,166,167,29],"product_tag":[],"class_list":{"0":"post-8342","1":"product","2":"type-product","3":"status-publish","4":"has-post-thumbnail","6":"product_cat-ceramique","7":"product_cat-luxembourg","8":"product_cat-luxemburgensia-luxemburgensia","9":"product_cat-peintures-et-sculptures","10":"product_cat-villeroy-boch","12":"first","13":"instock","14":"shipping-taxable","15":"purchasable","16":"product-type-simple"},"_links":{"self":[{"href":"https:\/\/legrenierdelatour.be\/brocante\/wp-json\/wp\/v2\/product\/8342","targetHints":{"allow":["GET"]}}],"collection":[{"href":"https:\/\/legrenierdelatour.be\/brocante\/wp-json\/wp\/v2\/product"}],"about":[{"href":"https:\/\/legrenierdelatour.be\/brocante\/wp-json\/wp\/v2\/types\/product"}],"replies":[{"embeddable":true,"href":"https:\/\/legrenierdelatour.be\/brocante\/wp-json\/wp\/v2\/comments?post=8342"}],"wp:featuredmedia":[{"embeddable":true,"href":"https:\/\/legrenierdelatour.be\/brocante\/wp-json\/wp\/v2\/media\/8343"}],"wp:attachment":[{"href":"https:\/\/legrenierdelatour.be\/brocante\/wp-json\/wp\/v2\/media?parent=8342"}],"wp:term":[{"taxonomy":"product_brand","embeddable":true,"href":"https:\/\/legrenierdelatour.be\/brocante\/wp-json\/wp\/v2\/product_brand?post=8342"},{"taxonomy":"product_cat","embeddable":true,"href":"https:\/\/legrenierdelatour.be\/brocante\/wp-json\/wp\/v2\/product_cat?post=8342"},{"taxonomy":"product_tag","embeddable":true,"href":"https:\/\/legrenierdelatour.be\/brocante\/wp-json\/wp\/v2\/product_tag?post=8342"}],"curies":[{"name":"wp","href":"https:\/\/api.w.org\/{rel}","templated":true}]}}