{"id":8316,"date":"2024-06-18T18:47:31","date_gmt":"2024-06-18T16:47:31","guid":{"rendered":"https:\/\/legrenierdelatour.be\/brocante\/?post_type=product&#038;p=8316"},"modified":"2024-06-18T18:47:31","modified_gmt":"2024-06-18T16:47:31","slug":"plaque-ctf-mammendag-lucien-wercollier","status":"publish","type":"product","link":"https:\/\/legrenierdelatour.be\/brocante\/produit\/plaque-ctf-mammendag-lucien-wercollier\/","title":{"rendered":"Plaque CTF Mammendag, Lucien Wercollier"},"content":{"rendered":"<p>Plaque en fa\u00efence (20 cm de long) \u00e9dit\u00e9e par le CTF pour la f\u00eate des M\u00e8res. Elle est sign\u00e9e en bas \u00e0 droite par Lucien Wercollier (1908-2002). Elle est sign\u00e9e \u00e0 l\u2019arri\u00e8re par Jean Peters (1902-1980), potier chez Villeroy &amp; Boch et artisan d\u2019art au Reckenthal. Elle est marqu\u00e9e \u00e9galement \u00ab\u00a0Made in Luxembourg\u00a0\u00bb \u00e0 l\u2019arri\u00e8re.<\/p>\n<div>R\u00e9f 31.89<\/div>\n","protected":false},"excerpt":{"rendered":"<p>Plaque en fa\u00efence (20 cm de long) \u00e9dit\u00e9e par le CTF pour la f\u00eate des M\u00e8res. Elle est sign\u00e9e en bas \u00e0 droite par Lucien Wercollier (1908-2002). Elle est sign\u00e9e \u00e0 l\u2019arri\u00e8re par Jean Peters (1902-1980), potier chez Villeroy &amp; Boch et artisan d\u2019art au Reckenthal. Elle est marqu\u00e9e \u00e9galement \u00ab\u00a0Made in Luxembourg\u00a0\u00bb \u00e0 l\u2019arri\u00e8re.&hellip;&nbsp;<a href=\"https:\/\/legrenierdelatour.be\/brocante\/produit\/plaque-ctf-mammendag-lucien-wercollier\/\" class=\"\" rel=\"bookmark\">Lire la suite &raquo;<span class=\"screen-reader-text\">Plaque CTF Mammendag, Lucien Wercollier<\/span><\/a><\/p>\n","protected":false},"featured_media":8317,"comment_status":"open","ping_status":"closed","template":"","meta":{"neve_meta_sidebar":"","neve_meta_container":"","neve_meta_enable_content_width":"off","neve_meta_content_width":100,"neve_meta_title_alignment":"","neve_meta_author_avatar":"","neve_post_elements_order":"","neve_meta_disable_header":"","neve_meta_disable_footer":"","neve_meta_disable_title":""},"product_brand":[],"product_cat":[16,165,30,166,29],"product_tag":[],"class_list":{"0":"post-8316","1":"product","2":"type-product","3":"status-publish","4":"has-post-thumbnail","6":"product_cat-ceramique","7":"product_cat-luxembourg","8":"product_cat-luxemburgensia","9":"product_cat-luxemburgensia-luxemburgensia","10":"product_cat-villeroy-boch","12":"first","13":"instock","14":"shipping-taxable","15":"purchasable","16":"product-type-simple"},"_links":{"self":[{"href":"https:\/\/legrenierdelatour.be\/brocante\/wp-json\/wp\/v2\/product\/8316","targetHints":{"allow":["GET"]}}],"collection":[{"href":"https:\/\/legrenierdelatour.be\/brocante\/wp-json\/wp\/v2\/product"}],"about":[{"href":"https:\/\/legrenierdelatour.be\/brocante\/wp-json\/wp\/v2\/types\/product"}],"replies":[{"embeddable":true,"href":"https:\/\/legrenierdelatour.be\/brocante\/wp-json\/wp\/v2\/comments?post=8316"}],"wp:featuredmedia":[{"embeddable":true,"href":"https:\/\/legrenierdelatour.be\/brocante\/wp-json\/wp\/v2\/media\/8317"}],"wp:attachment":[{"href":"https:\/\/legrenierdelatour.be\/brocante\/wp-json\/wp\/v2\/media?parent=8316"}],"wp:term":[{"taxonomy":"product_brand","embeddable":true,"href":"https:\/\/legrenierdelatour.be\/brocante\/wp-json\/wp\/v2\/product_brand?post=8316"},{"taxonomy":"product_cat","embeddable":true,"href":"https:\/\/legrenierdelatour.be\/brocante\/wp-json\/wp\/v2\/product_cat?post=8316"},{"taxonomy":"product_tag","embeddable":true,"href":"https:\/\/legrenierdelatour.be\/brocante\/wp-json\/wp\/v2\/product_tag?post=8316"}],"curies":[{"name":"wp","href":"https:\/\/api.w.org\/{rel}","templated":true}]}}