{"id":8312,"date":"2024-06-16T19:36:22","date_gmt":"2024-06-16T17:36:22","guid":{"rendered":"https:\/\/legrenierdelatour.be\/brocante\/?post_type=product&#038;p=8312"},"modified":"2024-06-16T19:36:50","modified_gmt":"2024-06-16T17:36:50","slug":"vase-west-germany-marzi-remy-1002-22","status":"publish","type":"product","link":"https:\/\/legrenierdelatour.be\/brocante\/produit\/vase-west-germany-marzi-remy-1002-22\/","title":{"rendered":"Vase West Germany Marzi &#038; Remy 1002\/22"},"content":{"rendered":"<p>Vase (22 cm de haut) West Germany, produit par Marzi &amp; Remy (M&amp;R Keramik). Ce vase d\u00e9cor\u00e9 de dorures peintes \u00e0 la main est en parfait \u00e9tat. Il porte le num\u00e9ro de forme1002\/22.<\/p>\n<div>R\u00e9f 31.86<\/div>\n","protected":false},"excerpt":{"rendered":"<p>Vase (22 cm de haut) West Germany, produit par Marzi &amp; Remy (M&amp;R Keramik). Ce vase d\u00e9cor\u00e9 de dorures peintes \u00e0 la main est en parfait \u00e9tat. Il porte le num\u00e9ro de forme1002\/22. R\u00e9f 31.86<\/p>\n","protected":false},"featured_media":8313,"comment_status":"open","ping_status":"closed","template":"","meta":{"neve_meta_sidebar":"","neve_meta_container":"","neve_meta_enable_content_width":"off","neve_meta_content_width":100,"neve_meta_title_alignment":"","neve_meta_author_avatar":"","neve_post_elements_order":"","neve_meta_disable_header":"","neve_meta_disable_footer":"","neve_meta_disable_title":""},"product_brand":[],"product_cat":[48,16,47],"product_tag":[],"class_list":{"0":"post-8312","1":"product","2":"type-product","3":"status-publish","4":"has-post-thumbnail","6":"product_cat-allemagne","7":"product_cat-ceramique","8":"product_cat-west-germany","10":"first","11":"instock","12":"shipping-taxable","13":"purchasable","14":"product-type-simple"},"_links":{"self":[{"href":"https:\/\/legrenierdelatour.be\/brocante\/wp-json\/wp\/v2\/product\/8312","targetHints":{"allow":["GET"]}}],"collection":[{"href":"https:\/\/legrenierdelatour.be\/brocante\/wp-json\/wp\/v2\/product"}],"about":[{"href":"https:\/\/legrenierdelatour.be\/brocante\/wp-json\/wp\/v2\/types\/product"}],"replies":[{"embeddable":true,"href":"https:\/\/legrenierdelatour.be\/brocante\/wp-json\/wp\/v2\/comments?post=8312"}],"wp:featuredmedia":[{"embeddable":true,"href":"https:\/\/legrenierdelatour.be\/brocante\/wp-json\/wp\/v2\/media\/8313"}],"wp:attachment":[{"href":"https:\/\/legrenierdelatour.be\/brocante\/wp-json\/wp\/v2\/media?parent=8312"}],"wp:term":[{"taxonomy":"product_brand","embeddable":true,"href":"https:\/\/legrenierdelatour.be\/brocante\/wp-json\/wp\/v2\/product_brand?post=8312"},{"taxonomy":"product_cat","embeddable":true,"href":"https:\/\/legrenierdelatour.be\/brocante\/wp-json\/wp\/v2\/product_cat?post=8312"},{"taxonomy":"product_tag","embeddable":true,"href":"https:\/\/legrenierdelatour.be\/brocante\/wp-json\/wp\/v2\/product_tag?post=8312"}],"curies":[{"name":"wp","href":"https:\/\/api.w.org\/{rel}","templated":true}]}}