{"id":8308,"date":"2024-06-16T18:23:18","date_gmt":"2024-06-16T16:23:18","guid":{"rendered":"https:\/\/legrenierdelatour.be\/brocante\/?post_type=product&#038;p=8308"},"modified":"2024-06-16T18:23:18","modified_gmt":"2024-06-16T16:23:18","slug":"flacon-a-liqueur-gout-de-boom-vert-et-or","status":"publish","type":"product","link":"https:\/\/legrenierdelatour.be\/brocante\/produit\/flacon-a-liqueur-gout-de-boom-vert-et-or\/","title":{"rendered":"Flacon \u00e0 liqueur, go\u00fbt de Boom, vert et or"},"content":{"rendered":"<p>Tr\u00e8s jolie carafe liqueur (21 cm de haut avec bouchon) en verre souffl\u00e9 tourn\u00e9. Le d\u00e9cor dor\u00e9 est en excellent \u00e9tat, fait \u00e0 la main et sign\u00e9 dessous d\u2019un H. Elle a \u00e9t\u00e9 produite en Belgique, dans le go\u00fbt de Boom; il n\u2019a pas \u00e9t\u00e9 possible de d\u00e9terminer le lieu de production exact.<\/p>\n<div>R\u00e9f 31.84<\/div>\n","protected":false},"excerpt":{"rendered":"<p>Tr\u00e8s jolie carafe liqueur (21 cm de haut avec bouchon) en verre souffl\u00e9 tourn\u00e9. Le d\u00e9cor dor\u00e9 est en excellent \u00e9tat, fait \u00e0 la main et sign\u00e9 dessous d\u2019un H. Elle a \u00e9t\u00e9 produite en Belgique, dans le go\u00fbt de Boom; il n\u2019a pas \u00e9t\u00e9 possible de d\u00e9terminer le lieu de production exact. R\u00e9f 31.84<\/p>\n","protected":false},"featured_media":8309,"comment_status":"open","ping_status":"closed","template":"","meta":{"neve_meta_sidebar":"","neve_meta_container":"","neve_meta_enable_content_width":"off","neve_meta_content_width":100,"neve_meta_title_alignment":"","neve_meta_author_avatar":"","neve_post_elements_order":"","neve_meta_disable_header":"","neve_meta_disable_footer":"","neve_meta_disable_title":""},"product_brand":[],"product_cat":[106,162,22],"product_tag":[],"class_list":{"0":"post-8308","1":"product","2":"type-product","3":"status-publish","4":"has-post-thumbnail","6":"product_cat-boom","7":"product_cat-productions-belges","8":"product_cat-verrerie","10":"first","11":"instock","12":"shipping-taxable","13":"purchasable","14":"product-type-simple"},"_links":{"self":[{"href":"https:\/\/legrenierdelatour.be\/brocante\/wp-json\/wp\/v2\/product\/8308","targetHints":{"allow":["GET"]}}],"collection":[{"href":"https:\/\/legrenierdelatour.be\/brocante\/wp-json\/wp\/v2\/product"}],"about":[{"href":"https:\/\/legrenierdelatour.be\/brocante\/wp-json\/wp\/v2\/types\/product"}],"replies":[{"embeddable":true,"href":"https:\/\/legrenierdelatour.be\/brocante\/wp-json\/wp\/v2\/comments?post=8308"}],"wp:featuredmedia":[{"embeddable":true,"href":"https:\/\/legrenierdelatour.be\/brocante\/wp-json\/wp\/v2\/media\/8309"}],"wp:attachment":[{"href":"https:\/\/legrenierdelatour.be\/brocante\/wp-json\/wp\/v2\/media?parent=8308"}],"wp:term":[{"taxonomy":"product_brand","embeddable":true,"href":"https:\/\/legrenierdelatour.be\/brocante\/wp-json\/wp\/v2\/product_brand?post=8308"},{"taxonomy":"product_cat","embeddable":true,"href":"https:\/\/legrenierdelatour.be\/brocante\/wp-json\/wp\/v2\/product_cat?post=8308"},{"taxonomy":"product_tag","embeddable":true,"href":"https:\/\/legrenierdelatour.be\/brocante\/wp-json\/wp\/v2\/product_tag?post=8308"}],"curies":[{"name":"wp","href":"https:\/\/api.w.org\/{rel}","templated":true}]}}