{"id":8285,"date":"2024-06-16T14:09:12","date_gmt":"2024-06-16T12:09:12","guid":{"rendered":"https:\/\/legrenierdelatour.be\/brocante\/?post_type=product&#038;p=8285"},"modified":"2024-06-16T14:09:12","modified_gmt":"2024-06-16T12:09:12","slug":"grand-plat-decoratif-cermonac-vintage","status":"publish","type":"product","link":"https:\/\/legrenierdelatour.be\/brocante\/produit\/grand-plat-decoratif-cermonac-vintage\/","title":{"rendered":"Grand plat d\u00e9coratif, Cermonac, vintage"},"content":{"rendered":"<p>Grand plat d\u00e9coratif (36 cm de diam\u00e8tre) avec la repr\u00e9sentation d\u2019une femme nue sur fond noir. Ce plat a \u00e9t\u00e9t produit par la manufacture Cermonac et d\u00e9cor\u00e9 \u00e0 la main. Cet atelier cr\u00e9\u00e9 par Pierre Manzonne et Natucci en 1955 \u00e0 Beausoleil pr\u00e8s de Monaco, fonctionna jusqu\u2019en 1992. On y fabriquait de nombreuses pi\u00e8ces d\u00e9coratives comme des lampes, aquariums plats, vases\u2026 Ce plat est en parfait \u00e9tat et peut \u00eatre suspendu.<\/p>\n<div>R\u00e9f 31.78<\/div>\n","protected":false},"excerpt":{"rendered":"<p>Grand plat d\u00e9coratif (36 cm de diam\u00e8tre) avec la repr\u00e9sentation d\u2019une femme nue sur fond noir. Ce plat a \u00e9t\u00e9t produit par la manufacture Cermonac et d\u00e9cor\u00e9 \u00e0 la main. Cet atelier cr\u00e9\u00e9 par Pierre Manzonne et Natucci en 1955 \u00e0 Beausoleil pr\u00e8s de Monaco, fonctionna jusqu\u2019en 1992. On y fabriquait de nombreuses pi\u00e8ces d\u00e9coratives&hellip;&nbsp;<a href=\"https:\/\/legrenierdelatour.be\/brocante\/produit\/grand-plat-decoratif-cermonac-vintage\/\" class=\"\" rel=\"bookmark\">Lire la suite &raquo;<span class=\"screen-reader-text\">Grand plat d\u00e9coratif, Cermonac, vintage<\/span><\/a><\/p>\n","protected":false},"featured_media":8288,"comment_status":"open","ping_status":"closed","template":"","meta":{"neve_meta_sidebar":"","neve_meta_container":"","neve_meta_enable_content_width":"off","neve_meta_content_width":100,"neve_meta_title_alignment":"","neve_meta_author_avatar":"","neve_post_elements_order":"","neve_meta_disable_header":"","neve_meta_disable_footer":"","neve_meta_disable_title":""},"product_brand":[],"product_cat":[16,59,94],"product_tag":[],"class_list":{"0":"post-8285","1":"product","2":"type-product","3":"status-publish","4":"has-post-thumbnail","6":"product_cat-ceramique","7":"product_cat-france","8":"product_cat-vallauris","10":"first","11":"instock","12":"shipping-taxable","13":"purchasable","14":"product-type-simple"},"_links":{"self":[{"href":"https:\/\/legrenierdelatour.be\/brocante\/wp-json\/wp\/v2\/product\/8285","targetHints":{"allow":["GET"]}}],"collection":[{"href":"https:\/\/legrenierdelatour.be\/brocante\/wp-json\/wp\/v2\/product"}],"about":[{"href":"https:\/\/legrenierdelatour.be\/brocante\/wp-json\/wp\/v2\/types\/product"}],"replies":[{"embeddable":true,"href":"https:\/\/legrenierdelatour.be\/brocante\/wp-json\/wp\/v2\/comments?post=8285"}],"wp:featuredmedia":[{"embeddable":true,"href":"https:\/\/legrenierdelatour.be\/brocante\/wp-json\/wp\/v2\/media\/8288"}],"wp:attachment":[{"href":"https:\/\/legrenierdelatour.be\/brocante\/wp-json\/wp\/v2\/media?parent=8285"}],"wp:term":[{"taxonomy":"product_brand","embeddable":true,"href":"https:\/\/legrenierdelatour.be\/brocante\/wp-json\/wp\/v2\/product_brand?post=8285"},{"taxonomy":"product_cat","embeddable":true,"href":"https:\/\/legrenierdelatour.be\/brocante\/wp-json\/wp\/v2\/product_cat?post=8285"},{"taxonomy":"product_tag","embeddable":true,"href":"https:\/\/legrenierdelatour.be\/brocante\/wp-json\/wp\/v2\/product_tag?post=8285"}],"curies":[{"name":"wp","href":"https:\/\/api.w.org\/{rel}","templated":true}]}}