{"id":8276,"date":"2024-06-16T13:48:37","date_gmt":"2024-06-16T11:48:37","guid":{"rendered":"https:\/\/legrenierdelatour.be\/brocante\/?post_type=product&#038;p=8276"},"modified":"2024-06-16T13:48:37","modified_gmt":"2024-06-16T11:48:37","slug":"lampe-champignon-ary-deco-scailmont-henri-heemskerk","status":"publish","type":"product","link":"https:\/\/legrenierdelatour.be\/brocante\/produit\/lampe-champignon-ary-deco-scailmont-henri-heemskerk\/","title":{"rendered":"Lampe champignon, Ary D\u00e9co, Scailmont Henri Heemskerk"},"content":{"rendered":"<p>Lampe champignon en deux parties (25 cm de haut partie inf\u00e9rieure, 27 cm de diam\u00e8tre partie sup\u00e9rieure) en verre press\u00e9-moul\u00e9 double ocre et satin\u00e9, produit par Les verreries de Scailmont (1901-2000). Elle est sign\u00e9e \u00ab\u00a0Scailmont H.H.\u00a0\u00bb sur la partie inf\u00e9rieure et \u00ab\u00a0Made in Belgium\u00a0\u00bb au revers de la base. Il s\u2019agit d\u2019une cr\u00e9ation de Henri Nicolas Heemskerk (H.H.) (1886-1953) qui commen\u00e7a \u00e0 travailler \u00e0 l\u2019\u00e2ge de 14 ans chez Boch Keramis, \u00e9l\u00e8ve de Charles Catteau. D\u00e8s 1924, il travailla pour Scailmont Manage, dont il signa des pi\u00e8ces jusqu\u2019en 1930. Le bord sup\u00e9rieure du \u00a0pied est ab\u00eem\u00e9 (v photo), ce qui n\u2019alt\u00e8re que peu le visuel de la lampe lorsqu\u2019elle est mont\u00e9e. Cette lampe Art D\u00e9co date des ann\u00e9es 1924-30.<\/p>\n<div>R\u00e9f 31.77<\/div>\n","protected":false},"excerpt":{"rendered":"<p>Lampe champignon en deux parties (25 cm de haut partie inf\u00e9rieure, 27 cm de diam\u00e8tre partie sup\u00e9rieure) en verre press\u00e9-moul\u00e9 double ocre et satin\u00e9, produit par Les verreries de Scailmont (1901-2000). Elle est sign\u00e9e \u00ab\u00a0Scailmont H.H.\u00a0\u00bb sur la partie inf\u00e9rieure et \u00ab\u00a0Made in Belgium\u00a0\u00bb au revers de la base. Il s\u2019agit d\u2019une cr\u00e9ation de Henri&hellip;&nbsp;<a href=\"https:\/\/legrenierdelatour.be\/brocante\/produit\/lampe-champignon-ary-deco-scailmont-henri-heemskerk\/\" class=\"\" rel=\"bookmark\">Lire la suite &raquo;<span class=\"screen-reader-text\">Lampe champignon, Ary D\u00e9co, Scailmont Henri Heemskerk<\/span><\/a><\/p>\n","protected":false},"featured_media":8282,"comment_status":"open","ping_status":"closed","template":"","meta":{"neve_meta_sidebar":"","neve_meta_container":"","neve_meta_enable_content_width":"off","neve_meta_content_width":100,"neve_meta_title_alignment":"","neve_meta_author_avatar":"","neve_post_elements_order":"","neve_meta_disable_header":"","neve_meta_disable_footer":"","neve_meta_disable_title":""},"product_brand":[],"product_cat":[15,24,162,139,22],"product_tag":[204],"class_list":{"0":"post-8276","1":"product","2":"type-product","3":"status-publish","4":"has-post-thumbnail","6":"product_cat-non-classe","7":"product_cat-luminaires","8":"product_cat-productions-belges","9":"product_cat-scailmont","10":"product_cat-verrerie","11":"product_tag-designer","13":"first","14":"instock","15":"shipping-taxable","16":"purchasable","17":"product-type-simple"},"_links":{"self":[{"href":"https:\/\/legrenierdelatour.be\/brocante\/wp-json\/wp\/v2\/product\/8276","targetHints":{"allow":["GET"]}}],"collection":[{"href":"https:\/\/legrenierdelatour.be\/brocante\/wp-json\/wp\/v2\/product"}],"about":[{"href":"https:\/\/legrenierdelatour.be\/brocante\/wp-json\/wp\/v2\/types\/product"}],"replies":[{"embeddable":true,"href":"https:\/\/legrenierdelatour.be\/brocante\/wp-json\/wp\/v2\/comments?post=8276"}],"wp:featuredmedia":[{"embeddable":true,"href":"https:\/\/legrenierdelatour.be\/brocante\/wp-json\/wp\/v2\/media\/8282"}],"wp:attachment":[{"href":"https:\/\/legrenierdelatour.be\/brocante\/wp-json\/wp\/v2\/media?parent=8276"}],"wp:term":[{"taxonomy":"product_brand","embeddable":true,"href":"https:\/\/legrenierdelatour.be\/brocante\/wp-json\/wp\/v2\/product_brand?post=8276"},{"taxonomy":"product_cat","embeddable":true,"href":"https:\/\/legrenierdelatour.be\/brocante\/wp-json\/wp\/v2\/product_cat?post=8276"},{"taxonomy":"product_tag","embeddable":true,"href":"https:\/\/legrenierdelatour.be\/brocante\/wp-json\/wp\/v2\/product_tag?post=8276"}],"curies":[{"name":"wp","href":"https:\/\/api.w.org\/{rel}","templated":true}]}}