{"id":8270,"date":"2024-06-15T17:57:38","date_gmt":"2024-06-15T15:57:38","guid":{"rendered":"https:\/\/legrenierdelatour.be\/brocante\/?post_type=product&#038;p=8270"},"modified":"2024-06-15T17:57:38","modified_gmt":"2024-06-15T15:57:38","slug":"vierge-a-lenfant-elisabeth-venderweghe-vintage","status":"publish","type":"product","link":"https:\/\/legrenierdelatour.be\/brocante\/produit\/vierge-a-lenfant-elisabeth-venderweghe-vintage\/","title":{"rendered":"Vierge \u00e0 l&rsquo;enfant, Elisabeth Venderweghe, vintage"},"content":{"rendered":"<p>Grande vierge \u00e0 l\u2019enfant en gr\u00e8s (48 cm de long), en tr\u00e8s bon \u00e9tat mais non sign\u00e9e, datant sans doute du dernier quart du 20\u00e8 si\u00e8cle. Ce pourrait \u00eatre un travail de Elisabeth Vanderweghe, artiste n\u00e9e en 1946, ayant travaill\u00e9 pour Perignem (1980-1989).<\/p>\n<div>R\u00e9f 31.75<\/div>\n","protected":false},"excerpt":{"rendered":"<p>Grande vierge \u00e0 l\u2019enfant en gr\u00e8s (48 cm de long), en tr\u00e8s bon \u00e9tat mais non sign\u00e9e, datant sans doute du dernier quart du 20\u00e8 si\u00e8cle. Ce pourrait \u00eatre un travail de Elisabeth Vanderweghe, artiste n\u00e9e en 1946, ayant travaill\u00e9 pour Perignem (1980-1989). R\u00e9f 31.75<\/p>\n","protected":false},"featured_media":8271,"comment_status":"open","ping_status":"closed","template":"","meta":{"neve_meta_sidebar":"","neve_meta_container":"","neve_meta_enable_content_width":"off","neve_meta_content_width":100,"neve_meta_title_alignment":"","neve_meta_author_avatar":"","neve_post_elements_order":"","neve_meta_disable_header":"","neve_meta_disable_footer":"","neve_meta_disable_title":""},"product_brand":[],"product_cat":[37,16,167],"product_tag":[],"class_list":{"0":"post-8270","1":"product","2":"type-product","3":"status-publish","4":"has-post-thumbnail","6":"product_cat-belgique","7":"product_cat-ceramique","8":"product_cat-peintures-et-sculptures","10":"first","11":"instock","12":"shipping-taxable","13":"purchasable","14":"product-type-simple"},"_links":{"self":[{"href":"https:\/\/legrenierdelatour.be\/brocante\/wp-json\/wp\/v2\/product\/8270","targetHints":{"allow":["GET"]}}],"collection":[{"href":"https:\/\/legrenierdelatour.be\/brocante\/wp-json\/wp\/v2\/product"}],"about":[{"href":"https:\/\/legrenierdelatour.be\/brocante\/wp-json\/wp\/v2\/types\/product"}],"replies":[{"embeddable":true,"href":"https:\/\/legrenierdelatour.be\/brocante\/wp-json\/wp\/v2\/comments?post=8270"}],"wp:featuredmedia":[{"embeddable":true,"href":"https:\/\/legrenierdelatour.be\/brocante\/wp-json\/wp\/v2\/media\/8271"}],"wp:attachment":[{"href":"https:\/\/legrenierdelatour.be\/brocante\/wp-json\/wp\/v2\/media?parent=8270"}],"wp:term":[{"taxonomy":"product_brand","embeddable":true,"href":"https:\/\/legrenierdelatour.be\/brocante\/wp-json\/wp\/v2\/product_brand?post=8270"},{"taxonomy":"product_cat","embeddable":true,"href":"https:\/\/legrenierdelatour.be\/brocante\/wp-json\/wp\/v2\/product_cat?post=8270"},{"taxonomy":"product_tag","embeddable":true,"href":"https:\/\/legrenierdelatour.be\/brocante\/wp-json\/wp\/v2\/product_tag?post=8270"}],"curies":[{"name":"wp","href":"https:\/\/api.w.org\/{rel}","templated":true}]}}