{"id":8254,"date":"2024-06-15T16:33:50","date_gmt":"2024-06-15T14:33:50","guid":{"rendered":"https:\/\/legrenierdelatour.be\/brocante\/?post_type=product&#038;p=8254"},"modified":"2024-07-14T11:53:35","modified_gmt":"2024-07-14T09:53:35","slug":"aquarelle-luxembourg-seiner-2010","status":"publish","type":"product","link":"https:\/\/legrenierdelatour.be\/brocante\/produit\/aquarelle-luxembourg-seiner-2010\/","title":{"rendered":"Aquarelle Luxembourg , Geimer 2010"},"content":{"rendered":"<p>Aquarelle (54&#215;44 cm cadre compris) repr\u00e9sentant une vue de Luxembourg-ville.\u00a0Elle est sign\u00e9e Geimer. Michel Geimer est n\u00e9 en 1963 \u00e0 Esch\/Alzette. Membre du Cercle Artistique de Luxembourg, il a \u00e9t\u00e9 form\u00e9 \u00e0 l\u2019Ecole des Arts et M\u00e9tiers de Luxembourg puis des Arts d\u00e9coratifs \u00e0 Strasbourg.<\/p>\n<div>R\u00e9f 31.71<\/div>\n","protected":false},"excerpt":{"rendered":"<p>Aquarelle (54&#215;44 cm cadre compris) repr\u00e9sentant une vue de Luxembourg-ville.\u00a0Elle est sign\u00e9e Geimer. Michel Geimer est n\u00e9 en 1963 \u00e0 Esch\/Alzette. Membre du Cercle Artistique de Luxembourg, il a \u00e9t\u00e9 form\u00e9 \u00e0 l\u2019Ecole des Arts et M\u00e9tiers de Luxembourg puis des Arts d\u00e9coratifs \u00e0 Strasbourg. R\u00e9f 31.71<\/p>\n","protected":false},"featured_media":8255,"comment_status":"open","ping_status":"closed","template":"","meta":{"neve_meta_sidebar":"","neve_meta_container":"","neve_meta_enable_content_width":"off","neve_meta_content_width":100,"neve_meta_title_alignment":"","neve_meta_author_avatar":"","neve_post_elements_order":"","neve_meta_disable_header":"","neve_meta_disable_footer":"","neve_meta_disable_title":""},"product_brand":[],"product_cat":[30,166,167],"product_tag":[],"class_list":{"0":"post-8254","1":"product","2":"type-product","3":"status-publish","4":"has-post-thumbnail","6":"product_cat-luxemburgensia","7":"product_cat-luxemburgensia-luxemburgensia","8":"product_cat-peintures-et-sculptures","10":"first","11":"instock","12":"shipping-taxable","13":"purchasable","14":"product-type-simple"},"_links":{"self":[{"href":"https:\/\/legrenierdelatour.be\/brocante\/wp-json\/wp\/v2\/product\/8254","targetHints":{"allow":["GET"]}}],"collection":[{"href":"https:\/\/legrenierdelatour.be\/brocante\/wp-json\/wp\/v2\/product"}],"about":[{"href":"https:\/\/legrenierdelatour.be\/brocante\/wp-json\/wp\/v2\/types\/product"}],"replies":[{"embeddable":true,"href":"https:\/\/legrenierdelatour.be\/brocante\/wp-json\/wp\/v2\/comments?post=8254"}],"wp:featuredmedia":[{"embeddable":true,"href":"https:\/\/legrenierdelatour.be\/brocante\/wp-json\/wp\/v2\/media\/8255"}],"wp:attachment":[{"href":"https:\/\/legrenierdelatour.be\/brocante\/wp-json\/wp\/v2\/media?parent=8254"}],"wp:term":[{"taxonomy":"product_brand","embeddable":true,"href":"https:\/\/legrenierdelatour.be\/brocante\/wp-json\/wp\/v2\/product_brand?post=8254"},{"taxonomy":"product_cat","embeddable":true,"href":"https:\/\/legrenierdelatour.be\/brocante\/wp-json\/wp\/v2\/product_cat?post=8254"},{"taxonomy":"product_tag","embeddable":true,"href":"https:\/\/legrenierdelatour.be\/brocante\/wp-json\/wp\/v2\/product_tag?post=8254"}],"curies":[{"name":"wp","href":"https:\/\/api.w.org\/{rel}","templated":true}]}}