{"id":8251,"date":"2024-06-14T08:22:35","date_gmt":"2024-06-14T06:22:35","guid":{"rendered":"https:\/\/legrenierdelatour.be\/brocante\/?post_type=product&#038;p=8251"},"modified":"2024-06-14T08:22:35","modified_gmt":"2024-06-14T06:22:35","slug":"peinture-le-moulin-de-habay-la-vieille-jules-pirotte","status":"publish","type":"product","link":"https:\/\/legrenierdelatour.be\/brocante\/produit\/peinture-le-moulin-de-habay-la-vieille-jules-pirotte\/","title":{"rendered":"Peinture \u00ab\u00a0Le moulin de Habay-la-Vieille\u00a0\u00bb, Jules Pirotte"},"content":{"rendered":"<p>Belle peinture (40x50cm hors cadre) intitul\u00e9e \u00ab\u00a0Le moulin d\u2019Habay-la-Vieille, r\u00e9alis\u00e9e par Jules Pirotte (Sainte-C\u00e9cile 1922 &#8211; Attert 2009) qui vivait et travaillait \u00e0 Arlon. La peinture est sign\u00e9e en bas \u00e0 gauche. Elle est \u00e9galement contre-sign\u00e9e et dat\u00e9e 1990.<\/p>\n<div>R\u00e9f 31.69<\/div>\n","protected":false},"excerpt":{"rendered":"<p>Belle peinture (40x50cm hors cadre) intitul\u00e9e \u00ab\u00a0Le moulin d\u2019Habay-la-Vieille, r\u00e9alis\u00e9e par Jules Pirotte (Sainte-C\u00e9cile 1922 &#8211; Attert 2009) qui vivait et travaillait \u00e0 Arlon. La peinture est sign\u00e9e en bas \u00e0 gauche. Elle est \u00e9galement contre-sign\u00e9e et dat\u00e9e 1990. R\u00e9f 31.69<\/p>\n","protected":false},"featured_media":8245,"comment_status":"open","ping_status":"closed","template":"","meta":{"neve_meta_sidebar":"","neve_meta_container":"","neve_meta_enable_content_width":"off","neve_meta_content_width":100,"neve_meta_title_alignment":"","neve_meta_author_avatar":"","neve_post_elements_order":"","neve_meta_disable_header":"","neve_meta_disable_footer":"","neve_meta_disable_title":""},"product_brand":[],"product_cat":[30,31,167],"product_tag":[],"class_list":{"0":"post-8251","1":"product","2":"type-product","3":"status-publish","4":"has-post-thumbnail","6":"product_cat-luxemburgensia","7":"product_cat-pays-darlon","8":"product_cat-peintures-et-sculptures","10":"first","11":"instock","12":"shipping-taxable","13":"purchasable","14":"product-type-simple"},"_links":{"self":[{"href":"https:\/\/legrenierdelatour.be\/brocante\/wp-json\/wp\/v2\/product\/8251","targetHints":{"allow":["GET"]}}],"collection":[{"href":"https:\/\/legrenierdelatour.be\/brocante\/wp-json\/wp\/v2\/product"}],"about":[{"href":"https:\/\/legrenierdelatour.be\/brocante\/wp-json\/wp\/v2\/types\/product"}],"replies":[{"embeddable":true,"href":"https:\/\/legrenierdelatour.be\/brocante\/wp-json\/wp\/v2\/comments?post=8251"}],"wp:featuredmedia":[{"embeddable":true,"href":"https:\/\/legrenierdelatour.be\/brocante\/wp-json\/wp\/v2\/media\/8245"}],"wp:attachment":[{"href":"https:\/\/legrenierdelatour.be\/brocante\/wp-json\/wp\/v2\/media?parent=8251"}],"wp:term":[{"taxonomy":"product_brand","embeddable":true,"href":"https:\/\/legrenierdelatour.be\/brocante\/wp-json\/wp\/v2\/product_brand?post=8251"},{"taxonomy":"product_cat","embeddable":true,"href":"https:\/\/legrenierdelatour.be\/brocante\/wp-json\/wp\/v2\/product_cat?post=8251"},{"taxonomy":"product_tag","embeddable":true,"href":"https:\/\/legrenierdelatour.be\/brocante\/wp-json\/wp\/v2\/product_tag?post=8251"}],"curies":[{"name":"wp","href":"https:\/\/api.w.org\/{rel}","templated":true}]}}