{"id":8236,"date":"2024-06-14T08:13:39","date_gmt":"2024-06-14T06:13:39","guid":{"rendered":"https:\/\/legrenierdelatour.be\/brocante\/?post_type=product&#038;p=8236"},"modified":"2024-06-14T08:13:39","modified_gmt":"2024-06-14T06:13:39","slug":"gravure-st-michel-luxembourg-geo-fosty","status":"publish","type":"product","link":"https:\/\/legrenierdelatour.be\/brocante\/produit\/gravure-st-michel-luxembourg-geo-fosty\/","title":{"rendered":"Gravure \u00ab\u00a0St Michel, Luxembourg\u00a0\u00bb, G\u00e9o Fosty"},"content":{"rendered":"<p>Gravure \u00a0(cuivre : 17,8&#215;12,5 cm; avec cadre : 37,5&#215;27 cm)\u00a0\u00ab\u00a0St Michel Luxembourg\u00a0\u00bb, sign\u00e9e G\u00e9o Fosty. Non dat\u00e9e et non num\u00e9rot\u00e9e.<\/p>\n<div>G\u00e9o Fosty (Arlon 1913- 2002) a fait ses \u00e9tudes \u00e0 l&rsquo;Acad\u00e9mie des Beaux-arts de Bruxelles, d&rsquo;o\u00f9 il sortit en 1934.\u00a0Il se lance alors dans le dessin humoristique et la caricature et ira m\u00eame jusqu&rsquo;\u00e0 repr\u00e9senter Staline et Hitler en fr\u00e8res Siamois.\u00a0C&rsquo;est en 1939 qu&rsquo;il entre comme professeur de dessin \u00e0 l&rsquo;Ath\u00e9n\u00e9e Royal d\u2019Arlon, o\u00f9 il enseignera jusqu\u2019en 1972.\u00a0En mai 1940, il a particip\u00e9 \u00e0 la campagne des 18 jours, puis a \u00e9t\u00e9 retenu prisonnier de guerre, o\u00f9 il fut autoris\u00e9 \u00e0 dessiner, d&rsquo;abord quelques croquis sur des carnets, puis des dessins plus travaill\u00e9s.\u00a0\u00c0 c\u00f4t\u00e9 de cela, il produit de nombreux dessins et aquarelles, excelle dans l&rsquo;art de l&rsquo;eau-forte et de la pointe s\u00e8che. Son sujet de pr\u00e9dilection : les paysages du Luxembourg, les beaux paysages d&rsquo;Arlon et des alentours.<\/div>\n<div>R\u00e9f 31.65<\/div>\n","protected":false},"excerpt":{"rendered":"<p>Gravure \u00a0(cuivre : 17,8&#215;12,5 cm; avec cadre : 37,5&#215;27 cm)\u00a0\u00ab\u00a0St Michel Luxembourg\u00a0\u00bb, sign\u00e9e G\u00e9o Fosty. Non dat\u00e9e et non num\u00e9rot\u00e9e. G\u00e9o Fosty (Arlon 1913- 2002) a fait ses \u00e9tudes \u00e0 l&rsquo;Acad\u00e9mie des Beaux-arts de Bruxelles, d&rsquo;o\u00f9 il sortit en 1934.\u00a0Il se lance alors dans le dessin humoristique et la caricature et ira m\u00eame jusqu&rsquo;\u00e0 repr\u00e9senter&hellip;&nbsp;<a href=\"https:\/\/legrenierdelatour.be\/brocante\/produit\/gravure-st-michel-luxembourg-geo-fosty\/\" class=\"\" rel=\"bookmark\">Lire la suite &raquo;<span class=\"screen-reader-text\">Gravure \u00ab\u00a0St Michel, Luxembourg\u00a0\u00bb, G\u00e9o Fosty<\/span><\/a><\/p>\n","protected":false},"featured_media":8237,"comment_status":"open","ping_status":"closed","template":"","meta":{"neve_meta_sidebar":"","neve_meta_container":"","neve_meta_enable_content_width":"off","neve_meta_content_width":100,"neve_meta_title_alignment":"","neve_meta_author_avatar":"","neve_post_elements_order":"","neve_meta_disable_header":"","neve_meta_disable_footer":"","neve_meta_disable_title":""},"product_brand":[],"product_cat":[30,31,167],"product_tag":[],"class_list":{"0":"post-8236","1":"product","2":"type-product","3":"status-publish","4":"has-post-thumbnail","6":"product_cat-luxemburgensia","7":"product_cat-pays-darlon","8":"product_cat-peintures-et-sculptures","10":"first","11":"instock","12":"shipping-taxable","13":"purchasable","14":"product-type-simple"},"_links":{"self":[{"href":"https:\/\/legrenierdelatour.be\/brocante\/wp-json\/wp\/v2\/product\/8236","targetHints":{"allow":["GET"]}}],"collection":[{"href":"https:\/\/legrenierdelatour.be\/brocante\/wp-json\/wp\/v2\/product"}],"about":[{"href":"https:\/\/legrenierdelatour.be\/brocante\/wp-json\/wp\/v2\/types\/product"}],"replies":[{"embeddable":true,"href":"https:\/\/legrenierdelatour.be\/brocante\/wp-json\/wp\/v2\/comments?post=8236"}],"wp:featuredmedia":[{"embeddable":true,"href":"https:\/\/legrenierdelatour.be\/brocante\/wp-json\/wp\/v2\/media\/8237"}],"wp:attachment":[{"href":"https:\/\/legrenierdelatour.be\/brocante\/wp-json\/wp\/v2\/media?parent=8236"}],"wp:term":[{"taxonomy":"product_brand","embeddable":true,"href":"https:\/\/legrenierdelatour.be\/brocante\/wp-json\/wp\/v2\/product_brand?post=8236"},{"taxonomy":"product_cat","embeddable":true,"href":"https:\/\/legrenierdelatour.be\/brocante\/wp-json\/wp\/v2\/product_cat?post=8236"},{"taxonomy":"product_tag","embeddable":true,"href":"https:\/\/legrenierdelatour.be\/brocante\/wp-json\/wp\/v2\/product_tag?post=8236"}],"curies":[{"name":"wp","href":"https:\/\/api.w.org\/{rel}","templated":true}]}}