{"id":8189,"date":"2024-06-10T15:50:03","date_gmt":"2024-06-10T13:50:03","guid":{"rendered":"https:\/\/legrenierdelatour.be\/brocante\/?post_type=product&#038;p=8189"},"modified":"2024-06-10T16:04:18","modified_gmt":"2024-06-10T14:04:18","slug":"vase-west-germany-bay-650-30","status":"publish","type":"product","link":"https:\/\/legrenierdelatour.be\/brocante\/produit\/vase-west-germany-bay-650-30\/","title":{"rendered":"Vase West Germany Bay 650 30"},"content":{"rendered":"<p>Vase West Germany (30 cm de haut) portant le num\u00e9ro de forme 650 30 et issu de la manufacture Bay (1933-1980). Il porte un d\u00e9cor en Spritzdekor (a\u00e9rographe) au pochoir, est en parfait \u00e9tat et date sans doute des ann\u00e9es 1960-70.<\/p>\n<div>R\u00e9f 31.48<\/div>\n","protected":false},"excerpt":{"rendered":"<p>Vase West Germany (30 cm de haut) portant le num\u00e9ro de forme 650 30 et issu de la manufacture Bay (1933-1980). Il porte un d\u00e9cor en Spritzdekor (a\u00e9rographe) au pochoir, est en parfait \u00e9tat et date sans doute des ann\u00e9es 1960-70. R\u00e9f 31.48<\/p>\n","protected":false},"featured_media":8190,"comment_status":"open","ping_status":"closed","template":"","meta":{"neve_meta_sidebar":"","neve_meta_container":"","neve_meta_enable_content_width":"off","neve_meta_content_width":100,"neve_meta_title_alignment":"","neve_meta_author_avatar":"","neve_post_elements_order":"","neve_meta_disable_header":"","neve_meta_disable_footer":"","neve_meta_disable_title":""},"product_brand":[],"product_cat":[48,53,16,47],"product_tag":[],"class_list":{"0":"post-8189","1":"product","2":"type-product","3":"status-publish","4":"has-post-thumbnail","6":"product_cat-allemagne","7":"product_cat-bay","8":"product_cat-ceramique","9":"product_cat-west-germany","11":"first","12":"instock","13":"shipping-taxable","14":"purchasable","15":"product-type-simple"},"_links":{"self":[{"href":"https:\/\/legrenierdelatour.be\/brocante\/wp-json\/wp\/v2\/product\/8189","targetHints":{"allow":["GET"]}}],"collection":[{"href":"https:\/\/legrenierdelatour.be\/brocante\/wp-json\/wp\/v2\/product"}],"about":[{"href":"https:\/\/legrenierdelatour.be\/brocante\/wp-json\/wp\/v2\/types\/product"}],"replies":[{"embeddable":true,"href":"https:\/\/legrenierdelatour.be\/brocante\/wp-json\/wp\/v2\/comments?post=8189"}],"wp:featuredmedia":[{"embeddable":true,"href":"https:\/\/legrenierdelatour.be\/brocante\/wp-json\/wp\/v2\/media\/8190"}],"wp:attachment":[{"href":"https:\/\/legrenierdelatour.be\/brocante\/wp-json\/wp\/v2\/media?parent=8189"}],"wp:term":[{"taxonomy":"product_brand","embeddable":true,"href":"https:\/\/legrenierdelatour.be\/brocante\/wp-json\/wp\/v2\/product_brand?post=8189"},{"taxonomy":"product_cat","embeddable":true,"href":"https:\/\/legrenierdelatour.be\/brocante\/wp-json\/wp\/v2\/product_cat?post=8189"},{"taxonomy":"product_tag","embeddable":true,"href":"https:\/\/legrenierdelatour.be\/brocante\/wp-json\/wp\/v2\/product_tag?post=8189"}],"curies":[{"name":"wp","href":"https:\/\/api.w.org\/{rel}","templated":true}]}}