{"id":818,"date":"2022-03-15T15:18:22","date_gmt":"2022-03-15T14:18:22","guid":{"rendered":"https:\/\/legrenierdelatour.be\/brocante\/?post_type=product&#038;p=818"},"modified":"2025-01-04T17:59:14","modified_gmt":"2025-01-04T16:59:14","slug":"sculpture-feminine-en-faience-art-deco","status":"publish","type":"product","link":"https:\/\/legrenierdelatour.be\/brocante\/produit\/sculpture-feminine-en-faience-art-deco\/","title":{"rendered":"Sculpture f\u00e9minine en gr\u00e8s, Jules Gu\u00e9rin"},"content":{"rendered":"<p>Petite sculpture f\u00e9minine (18 cm de haut) en gr\u00e8s, avec \u00e9mail cuivr\u00e9 et reflets bleu-vert, de style Art D\u00e9co, voire Bauhaus. Marque \u00e0 l\u2019int\u00e9rieur C42 et signature. Cette sculpture est une production de la manufacture Gu\u00e9rin \u00e0 Bouffioulx. Les premi\u00e8res pi\u00e8ces de ce mod\u00e8le ont \u00e9t\u00e9 produites entre 1947 et 1948. Jules Gu\u00e9rin (1896-1954) \u00e9tait \u00e0 la manoeuvre de l\u2019entreprise. Sa signature figure sur toutes les pi\u00e8ces produites \u00e0partir de 1944. Ce mod\u00e8ele sera encore produit dans les ann\u00e9es 1950.<\/p>\n<div>R\u00e9f 9.58<\/div>\n","protected":false},"excerpt":{"rendered":"<p>Petite sculpture f\u00e9minine (18 cm de haut) en gr\u00e8s, avec \u00e9mail cuivr\u00e9 et reflets bleu-vert, de style Art D\u00e9co, voire Bauhaus. Marque \u00e0 l\u2019int\u00e9rieur C42 et signature. Cette sculpture est une production de la manufacture Gu\u00e9rin \u00e0 Bouffioulx. Les premi\u00e8res pi\u00e8ces de ce mod\u00e8le ont \u00e9t\u00e9 produites entre 1947 et 1948. Jules Gu\u00e9rin (1896-1954) \u00e9tait&hellip;&nbsp;<a href=\"https:\/\/legrenierdelatour.be\/brocante\/produit\/sculpture-feminine-en-faience-art-deco\/\" class=\"\" rel=\"bookmark\">Lire la suite &raquo;<span class=\"screen-reader-text\">Sculpture f\u00e9minine en gr\u00e8s, Jules Gu\u00e9rin<\/span><\/a><\/p>\n","protected":false},"featured_media":785,"comment_status":"open","ping_status":"closed","template":"","meta":{"neve_meta_sidebar":"","neve_meta_container":"","neve_meta_enable_content_width":"off","neve_meta_content_width":100,"neve_meta_title_alignment":"","neve_meta_author_avatar":"","neve_post_elements_order":"","neve_meta_disable_header":"","neve_meta_disable_footer":"","neve_meta_disable_title":""},"product_brand":[],"product_cat":[16,167],"product_tag":[79,21,80,19],"class_list":{"0":"post-818","1":"product","2":"type-product","3":"status-publish","4":"has-post-thumbnail","6":"product_cat-ceramique","7":"product_cat-peintures-et-sculptures","8":"product_tag-art","9":"product_tag-art-deco","10":"product_tag-bauhaus","11":"product_tag-faience","13":"first","14":"instock","15":"shipping-taxable","16":"purchasable","17":"product-type-simple"},"_links":{"self":[{"href":"https:\/\/legrenierdelatour.be\/brocante\/wp-json\/wp\/v2\/product\/818","targetHints":{"allow":["GET"]}}],"collection":[{"href":"https:\/\/legrenierdelatour.be\/brocante\/wp-json\/wp\/v2\/product"}],"about":[{"href":"https:\/\/legrenierdelatour.be\/brocante\/wp-json\/wp\/v2\/types\/product"}],"replies":[{"embeddable":true,"href":"https:\/\/legrenierdelatour.be\/brocante\/wp-json\/wp\/v2\/comments?post=818"}],"wp:featuredmedia":[{"embeddable":true,"href":"https:\/\/legrenierdelatour.be\/brocante\/wp-json\/wp\/v2\/media\/785"}],"wp:attachment":[{"href":"https:\/\/legrenierdelatour.be\/brocante\/wp-json\/wp\/v2\/media?parent=818"}],"wp:term":[{"taxonomy":"product_brand","embeddable":true,"href":"https:\/\/legrenierdelatour.be\/brocante\/wp-json\/wp\/v2\/product_brand?post=818"},{"taxonomy":"product_cat","embeddable":true,"href":"https:\/\/legrenierdelatour.be\/brocante\/wp-json\/wp\/v2\/product_cat?post=818"},{"taxonomy":"product_tag","embeddable":true,"href":"https:\/\/legrenierdelatour.be\/brocante\/wp-json\/wp\/v2\/product_tag?post=818"}],"curies":[{"name":"wp","href":"https:\/\/api.w.org\/{rel}","templated":true}]}}