{"id":8164,"date":"2024-06-08T19:56:48","date_gmt":"2024-06-08T17:56:48","guid":{"rendered":"https:\/\/legrenierdelatour.be\/brocante\/?post_type=product&#038;p=8164"},"modified":"2024-06-20T17:05:48","modified_gmt":"2024-06-20T15:05:48","slug":"boite-de-fils-filature-et-filteries-reunies-alost","status":"publish","type":"product","link":"https:\/\/legrenierdelatour.be\/brocante\/produit\/boite-de-fils-filature-et-filteries-reunies-alost\/","title":{"rendered":"Bo\u00eete de fils Filature et filteries r\u00e9unies Alost"},"content":{"rendered":"<p>Bo\u00eete de fils \u00ab\u00a0cordonnet perl\u00e9\u00a0\u00bb issue de la Filature et filteries r\u00e9unies d&rsquo;Alost. Elle est pleine et en parfait \u00e9tat. La bo\u00eete de fils date sans doute des ann\u00e9es 1950.<\/p>\n<div>R\u00e9f 31.35<\/div>\n","protected":false},"excerpt":{"rendered":"<p>Bo\u00eete de fils \u00ab\u00a0cordonnet perl\u00e9\u00a0\u00bb issue de la Filature et filteries r\u00e9unies d&rsquo;Alost. Elle est pleine et en parfait \u00e9tat. La bo\u00eete de fils date sans doute des ann\u00e9es 1950. R\u00e9f 31.35<\/p>\n","protected":false},"featured_media":8165,"comment_status":"open","ping_status":"closed","template":"","meta":{"neve_meta_sidebar":"","neve_meta_container":"","neve_meta_enable_content_width":"off","neve_meta_content_width":100,"neve_meta_title_alignment":"","neve_meta_author_avatar":"","neve_post_elements_order":"","neve_meta_disable_header":"","neve_meta_disable_footer":"","neve_meta_disable_title":""},"product_brand":[],"product_cat":[160],"product_tag":[],"class_list":{"0":"post-8164","1":"product","2":"type-product","3":"status-publish","4":"has-post-thumbnail","6":"product_cat-la-mode","8":"first","9":"instock","10":"shipping-taxable","11":"purchasable","12":"product-type-simple"},"_links":{"self":[{"href":"https:\/\/legrenierdelatour.be\/brocante\/wp-json\/wp\/v2\/product\/8164","targetHints":{"allow":["GET"]}}],"collection":[{"href":"https:\/\/legrenierdelatour.be\/brocante\/wp-json\/wp\/v2\/product"}],"about":[{"href":"https:\/\/legrenierdelatour.be\/brocante\/wp-json\/wp\/v2\/types\/product"}],"replies":[{"embeddable":true,"href":"https:\/\/legrenierdelatour.be\/brocante\/wp-json\/wp\/v2\/comments?post=8164"}],"wp:featuredmedia":[{"embeddable":true,"href":"https:\/\/legrenierdelatour.be\/brocante\/wp-json\/wp\/v2\/media\/8165"}],"wp:attachment":[{"href":"https:\/\/legrenierdelatour.be\/brocante\/wp-json\/wp\/v2\/media?parent=8164"}],"wp:term":[{"taxonomy":"product_brand","embeddable":true,"href":"https:\/\/legrenierdelatour.be\/brocante\/wp-json\/wp\/v2\/product_brand?post=8164"},{"taxonomy":"product_cat","embeddable":true,"href":"https:\/\/legrenierdelatour.be\/brocante\/wp-json\/wp\/v2\/product_cat?post=8164"},{"taxonomy":"product_tag","embeddable":true,"href":"https:\/\/legrenierdelatour.be\/brocante\/wp-json\/wp\/v2\/product_tag?post=8164"}],"curies":[{"name":"wp","href":"https:\/\/api.w.org\/{rel}","templated":true}]}}