{"id":816,"date":"2022-03-15T10:37:39","date_gmt":"2022-03-15T09:37:39","guid":{"rendered":"https:\/\/legrenierdelatour.be\/brocante\/?post_type=product&#038;p=816"},"modified":"2022-05-19T16:50:49","modified_gmt":"2022-05-19T14:50:49","slug":"plat-a-anse-en-faience-germany","status":"publish","type":"product","link":"https:\/\/legrenierdelatour.be\/brocante\/produit\/plat-a-anse-en-faience-germany\/","title":{"rendered":"Plat \u00e0 anse en fa\u00efence Germany"},"content":{"rendered":"<p>Joli plat avec anse (18 cm haut) avec joli d\u00e9cor vintage rehauss\u00e9 de dorures. Cachet\u00e9 \u00ab\u00a0Germany\u00a0\u00bb en-dessous, il s\u2019agit d\u2019un tr\u00e8s bel objet de d\u00e9coration vintage.<\/p>\n<div>R\u00e9f 9.56<\/div>\n","protected":false},"excerpt":{"rendered":"<p>Joli plat avec anse (18 cm haut) avec joli d\u00e9cor vintage rehauss\u00e9 de dorures. Cachet\u00e9 \u00ab\u00a0Germany\u00a0\u00bb en-dessous, il s\u2019agit d\u2019un tr\u00e8s bel objet de d\u00e9coration vintage. R\u00e9f 9.56<\/p>\n","protected":false},"featured_media":786,"comment_status":"open","ping_status":"closed","template":"","meta":{"neve_meta_sidebar":"","neve_meta_container":"","neve_meta_enable_content_width":"off","neve_meta_content_width":100,"neve_meta_title_alignment":"","neve_meta_author_avatar":"","neve_post_elements_order":"","neve_meta_disable_header":"","neve_meta_disable_footer":"","neve_meta_disable_title":""},"product_brand":[],"product_cat":[48,16,47],"product_tag":[19,28],"class_list":{"0":"post-816","1":"product","2":"type-product","3":"status-publish","4":"has-post-thumbnail","6":"product_cat-allemagne","7":"product_cat-ceramique","8":"product_cat-west-germany","9":"product_tag-faience","10":"product_tag-vintage","12":"first","13":"instock","14":"shipping-taxable","15":"purchasable","16":"product-type-simple"},"_links":{"self":[{"href":"https:\/\/legrenierdelatour.be\/brocante\/wp-json\/wp\/v2\/product\/816","targetHints":{"allow":["GET"]}}],"collection":[{"href":"https:\/\/legrenierdelatour.be\/brocante\/wp-json\/wp\/v2\/product"}],"about":[{"href":"https:\/\/legrenierdelatour.be\/brocante\/wp-json\/wp\/v2\/types\/product"}],"replies":[{"embeddable":true,"href":"https:\/\/legrenierdelatour.be\/brocante\/wp-json\/wp\/v2\/comments?post=816"}],"wp:featuredmedia":[{"embeddable":true,"href":"https:\/\/legrenierdelatour.be\/brocante\/wp-json\/wp\/v2\/media\/786"}],"wp:attachment":[{"href":"https:\/\/legrenierdelatour.be\/brocante\/wp-json\/wp\/v2\/media?parent=816"}],"wp:term":[{"taxonomy":"product_brand","embeddable":true,"href":"https:\/\/legrenierdelatour.be\/brocante\/wp-json\/wp\/v2\/product_brand?post=816"},{"taxonomy":"product_cat","embeddable":true,"href":"https:\/\/legrenierdelatour.be\/brocante\/wp-json\/wp\/v2\/product_cat?post=816"},{"taxonomy":"product_tag","embeddable":true,"href":"https:\/\/legrenierdelatour.be\/brocante\/wp-json\/wp\/v2\/product_tag?post=816"}],"curies":[{"name":"wp","href":"https:\/\/api.w.org\/{rel}","templated":true}]}}