{"id":8155,"date":"2024-06-08T17:02:41","date_gmt":"2024-06-08T15:02:41","guid":{"rendered":"https:\/\/legrenierdelatour.be\/brocante\/?post_type=product&#038;p=8155"},"modified":"2024-08-01T15:17:27","modified_gmt":"2024-08-01T13:17:27","slug":"ensemble-charles-catteau-821-822-d695-art-deco","status":"publish","type":"product","link":"https:\/\/legrenierdelatour.be\/brocante\/produit\/ensemble-charles-catteau-821-822-d695-art-deco\/","title":{"rendered":"Ensemble Charles Catteau, 821-822, D695 Art D\u00e9co"},"content":{"rendered":"<p>Ensemble compos\u00e9 d\u2019une jardini\u00e8re (38 cm de long avec anses) et de deux vases \u00e0 anses (34 cm de haut avec anses) portant le d\u00e9cor Tango D695 dans les couleurs bleu et or. La jardini\u00e8re est grav\u00e9e dessous 821\/ZAK et porte le cachet avec le nom, le num\u00e9ro de d\u00e9cor et le monogramme BFK. Les deux vases portent \u00e9galement le num\u00e9ro de forme 822, les noms et numero de d\u00e9cor et le monogramme BFK. L\u2019ensemble est en parfait \u00e9tat et date des ann\u00e9es 1922-1940, dans le style Art D\u00e9co.<\/p>\n<div>D\u2019apr\u00e8s Marc Fairon \u00ab\u00a0Charles Catteau\u00a0\u00bb (0523, 551), les formes 821 et 822 sont n\u00e9es entre 1903 et 1919. Le d\u00e9cor quant \u00e0 lui daterait de 1922 (p.582). Le d\u00e9cor est d\u00e9crit p 646 : \u00ab\u00a0D\u00e9cor polychrome de fleurs et de feuilles stylis\u00e9es, variante en bleu et or\u00a0\u00bb.<\/div>\n<div>R\u00e9f 31.34<\/div>\n","protected":false},"excerpt":{"rendered":"<p>Ensemble compos\u00e9 d\u2019une jardini\u00e8re (38 cm de long avec anses) et de deux vases \u00e0 anses (34 cm de haut avec anses) portant le d\u00e9cor Tango D695 dans les couleurs bleu et or. La jardini\u00e8re est grav\u00e9e dessous 821\/ZAK et porte le cachet avec le nom, le num\u00e9ro de d\u00e9cor et le monogramme BFK. Les&hellip;&nbsp;<a href=\"https:\/\/legrenierdelatour.be\/brocante\/produit\/ensemble-charles-catteau-821-822-d695-art-deco\/\" class=\"\" rel=\"bookmark\">Lire la suite &raquo;<span class=\"screen-reader-text\">Ensemble Charles Catteau, 821-822, D695 Art D\u00e9co<\/span><\/a><\/p>\n","protected":false},"featured_media":8156,"comment_status":"open","ping_status":"closed","template":"","meta":{"neve_meta_sidebar":"","neve_meta_container":"","neve_meta_enable_content_width":"off","neve_meta_content_width":100,"neve_meta_title_alignment":"","neve_meta_author_avatar":"","neve_post_elements_order":"","neve_meta_disable_header":"","neve_meta_disable_footer":"","neve_meta_disable_title":""},"product_brand":[],"product_cat":[37,175,16],"product_tag":[21],"class_list":{"0":"post-8155","1":"product","2":"type-product","3":"status-publish","4":"has-post-thumbnail","6":"product_cat-belgique","7":"product_cat-boch","8":"product_cat-ceramique","9":"product_tag-art-deco","11":"first","12":"instock","13":"shipping-taxable","14":"purchasable","15":"product-type-simple"},"_links":{"self":[{"href":"https:\/\/legrenierdelatour.be\/brocante\/wp-json\/wp\/v2\/product\/8155","targetHints":{"allow":["GET"]}}],"collection":[{"href":"https:\/\/legrenierdelatour.be\/brocante\/wp-json\/wp\/v2\/product"}],"about":[{"href":"https:\/\/legrenierdelatour.be\/brocante\/wp-json\/wp\/v2\/types\/product"}],"replies":[{"embeddable":true,"href":"https:\/\/legrenierdelatour.be\/brocante\/wp-json\/wp\/v2\/comments?post=8155"}],"wp:featuredmedia":[{"embeddable":true,"href":"https:\/\/legrenierdelatour.be\/brocante\/wp-json\/wp\/v2\/media\/8156"}],"wp:attachment":[{"href":"https:\/\/legrenierdelatour.be\/brocante\/wp-json\/wp\/v2\/media?parent=8155"}],"wp:term":[{"taxonomy":"product_brand","embeddable":true,"href":"https:\/\/legrenierdelatour.be\/brocante\/wp-json\/wp\/v2\/product_brand?post=8155"},{"taxonomy":"product_cat","embeddable":true,"href":"https:\/\/legrenierdelatour.be\/brocante\/wp-json\/wp\/v2\/product_cat?post=8155"},{"taxonomy":"product_tag","embeddable":true,"href":"https:\/\/legrenierdelatour.be\/brocante\/wp-json\/wp\/v2\/product_tag?post=8155"}],"curies":[{"name":"wp","href":"https:\/\/api.w.org\/{rel}","templated":true}]}}