{"id":815,"date":"2022-03-15T10:23:36","date_gmt":"2022-03-15T09:23:36","guid":{"rendered":"https:\/\/legrenierdelatour.be\/brocante\/?post_type=product&#038;p=815"},"modified":"2025-05-05T13:29:14","modified_gmt":"2025-05-05T11:29:14","slug":"service-a-cafe-rose-winterling-marktleuthem","status":"publish","type":"product","link":"https:\/\/legrenierdelatour.be\/brocante\/produit\/service-a-cafe-rose-winterling-marktleuthem\/","title":{"rendered":"Service \u00e0 caf\u00e9 \u00ab\u00a0Rose\u00a0\u00bb Winterling Marktleuthem"},"content":{"rendered":"<p>3 assiettes \u00e0 dessert, avec d\u00e9cor de rose ferm\u00e9e. Produit par la manufacture Winterling(1906-?) \u00e0 Marktleuthem en Allemagne. Ce service date probablement des ann\u00e9es 1950-60.<\/p>\n<p>Les assiettes sont vendues \u00e0 la pi\u00e8ce au prix de 4\u20ac<\/p>\n<p>R\u00e9f 9.55<\/p>\n","protected":false},"excerpt":{"rendered":"<p>3 assiettes \u00e0 dessert, avec d\u00e9cor de rose ferm\u00e9e. Produit par la manufacture Winterling(1906-?) \u00e0 Marktleuthem en Allemagne. Ce service date probablement des ann\u00e9es 1950-60. Les assiettes sont vendues \u00e0 la pi\u00e8ce au prix de 4\u20ac R\u00e9f 9.55<\/p>\n","protected":false},"featured_media":779,"comment_status":"open","ping_status":"closed","template":"","meta":{"neve_meta_sidebar":"","neve_meta_container":"","neve_meta_enable_content_width":"off","neve_meta_content_width":100,"neve_meta_title_alignment":"","neve_meta_author_avatar":"","neve_post_elements_order":"","neve_meta_disable_header":"","neve_meta_disable_footer":"","neve_meta_disable_title":""},"product_brand":[],"product_cat":[48,168,172,16],"product_tag":[74,28,77],"class_list":{"0":"post-815","1":"product","2":"type-product","3":"status-publish","4":"has-post-thumbnail","6":"product_cat-allemagne","7":"product_cat-bavaria","8":"product_cat-en-cuisine","9":"product_cat-ceramique","10":"product_tag-porcelaine","11":"product_tag-vintage","12":"product_tag-winterling","14":"first","15":"instock","16":"shipping-taxable","17":"purchasable","18":"product-type-simple"},"_links":{"self":[{"href":"https:\/\/legrenierdelatour.be\/brocante\/wp-json\/wp\/v2\/product\/815","targetHints":{"allow":["GET"]}}],"collection":[{"href":"https:\/\/legrenierdelatour.be\/brocante\/wp-json\/wp\/v2\/product"}],"about":[{"href":"https:\/\/legrenierdelatour.be\/brocante\/wp-json\/wp\/v2\/types\/product"}],"replies":[{"embeddable":true,"href":"https:\/\/legrenierdelatour.be\/brocante\/wp-json\/wp\/v2\/comments?post=815"}],"wp:featuredmedia":[{"embeddable":true,"href":"https:\/\/legrenierdelatour.be\/brocante\/wp-json\/wp\/v2\/media\/779"}],"wp:attachment":[{"href":"https:\/\/legrenierdelatour.be\/brocante\/wp-json\/wp\/v2\/media?parent=815"}],"wp:term":[{"taxonomy":"product_brand","embeddable":true,"href":"https:\/\/legrenierdelatour.be\/brocante\/wp-json\/wp\/v2\/product_brand?post=815"},{"taxonomy":"product_cat","embeddable":true,"href":"https:\/\/legrenierdelatour.be\/brocante\/wp-json\/wp\/v2\/product_cat?post=815"},{"taxonomy":"product_tag","embeddable":true,"href":"https:\/\/legrenierdelatour.be\/brocante\/wp-json\/wp\/v2\/product_tag?post=815"}],"curies":[{"name":"wp","href":"https:\/\/api.w.org\/{rel}","templated":true}]}}