{"id":814,"date":"2022-03-15T10:15:37","date_gmt":"2022-03-15T09:15:37","guid":{"rendered":"https:\/\/legrenierdelatour.be\/brocante\/?post_type=product&#038;p=814"},"modified":"2022-05-19T16:51:19","modified_gmt":"2022-05-19T14:51:19","slug":"vase-277-1-rosenthal","status":"publish","type":"product","link":"https:\/\/legrenierdelatour.be\/brocante\/produit\/vase-277-1-rosenthal\/","title":{"rendered":"Vase 277 1 Rosenthal"},"content":{"rendered":"<p>Joli petit vase (15 cm haut) produit par Rosenthal Bavaria, sans doute dans les ann\u00e9es 1950, d\u2019apr\u00e8s la forme 277. Rehauss\u00e9 de dorures, il pr\u00e9sente malheureusement un f\u00eale.<\/p>\n<div>R\u00e9f 9.54<\/div>\n","protected":false},"excerpt":{"rendered":"<p>Joli petit vase (15 cm haut) produit par Rosenthal Bavaria, sans doute dans les ann\u00e9es 1950, d\u2019apr\u00e8s la forme 277. Rehauss\u00e9 de dorures, il pr\u00e9sente malheureusement un f\u00eale. R\u00e9f 9.54<\/p>\n","protected":false},"featured_media":790,"comment_status":"open","ping_status":"closed","template":"","meta":{"neve_meta_sidebar":"","neve_meta_container":"","neve_meta_enable_content_width":"off","neve_meta_content_width":100,"neve_meta_title_alignment":"","neve_meta_author_avatar":"","neve_post_elements_order":"","neve_meta_disable_header":"","neve_meta_disable_footer":"","neve_meta_disable_title":""},"product_brand":[],"product_cat":[48,168,16],"product_tag":[74,76],"class_list":{"0":"post-814","1":"product","2":"type-product","3":"status-publish","4":"has-post-thumbnail","6":"product_cat-allemagne","7":"product_cat-bavaria","8":"product_cat-ceramique","9":"product_tag-porcelaine","10":"product_tag-rosenthal","12":"first","13":"instock","14":"shipping-taxable","15":"purchasable","16":"product-type-simple"},"_links":{"self":[{"href":"https:\/\/legrenierdelatour.be\/brocante\/wp-json\/wp\/v2\/product\/814","targetHints":{"allow":["GET"]}}],"collection":[{"href":"https:\/\/legrenierdelatour.be\/brocante\/wp-json\/wp\/v2\/product"}],"about":[{"href":"https:\/\/legrenierdelatour.be\/brocante\/wp-json\/wp\/v2\/types\/product"}],"replies":[{"embeddable":true,"href":"https:\/\/legrenierdelatour.be\/brocante\/wp-json\/wp\/v2\/comments?post=814"}],"wp:featuredmedia":[{"embeddable":true,"href":"https:\/\/legrenierdelatour.be\/brocante\/wp-json\/wp\/v2\/media\/790"}],"wp:attachment":[{"href":"https:\/\/legrenierdelatour.be\/brocante\/wp-json\/wp\/v2\/media?parent=814"}],"wp:term":[{"taxonomy":"product_brand","embeddable":true,"href":"https:\/\/legrenierdelatour.be\/brocante\/wp-json\/wp\/v2\/product_brand?post=814"},{"taxonomy":"product_cat","embeddable":true,"href":"https:\/\/legrenierdelatour.be\/brocante\/wp-json\/wp\/v2\/product_cat?post=814"},{"taxonomy":"product_tag","embeddable":true,"href":"https:\/\/legrenierdelatour.be\/brocante\/wp-json\/wp\/v2\/product_tag?post=814"}],"curies":[{"name":"wp","href":"https:\/\/api.w.org\/{rel}","templated":true}]}}