{"id":8114,"date":"2024-05-29T10:27:02","date_gmt":"2024-05-29T08:27:02","guid":{"rendered":"https:\/\/legrenierdelatour.be\/brocante\/?post_type=product&#038;p=8114"},"modified":"2024-05-29T10:27:02","modified_gmt":"2024-05-29T08:27:02","slug":"vase-dumler-breiden-104-28","status":"publish","type":"product","link":"https:\/\/legrenierdelatour.be\/brocante\/produit\/vase-dumler-breiden-104-28\/","title":{"rendered":"Vase D\u00fcmler &#038; Breiden, 104\/28"},"content":{"rendered":"<p>Beau vase (28 cm de haut) portant l\u2019\u00e9tiquette de la manufacture D\u00fcmler &amp; Breiden (depuis 1883), d\u2019Allemagne de l\u2019Ouest (West Germany). Il porte un d\u00e9cor structur\u00e9 et date des ann\u00e9es 1970. Il est en parfait \u00e9tat.<\/p>\n<div>R\u00e9f 31.21<\/div>\n","protected":false},"excerpt":{"rendered":"<p>Beau vase (28 cm de haut) portant l\u2019\u00e9tiquette de la manufacture D\u00fcmler &amp; Breiden (depuis 1883), d\u2019Allemagne de l\u2019Ouest (West Germany). Il porte un d\u00e9cor structur\u00e9 et date des ann\u00e9es 1970. Il est en parfait \u00e9tat. R\u00e9f 31.21<\/p>\n","protected":false},"featured_media":8115,"comment_status":"open","ping_status":"closed","template":"","meta":{"neve_meta_sidebar":"","neve_meta_container":"","neve_meta_enable_content_width":"off","neve_meta_content_width":100,"neve_meta_title_alignment":"","neve_meta_author_avatar":"","neve_post_elements_order":"","neve_meta_disable_header":"","neve_meta_disable_footer":"","neve_meta_disable_title":""},"product_brand":[],"product_cat":[48,169,16,47],"product_tag":[],"class_list":{"0":"post-8114","1":"product","2":"type-product","3":"status-publish","4":"has-post-thumbnail","6":"product_cat-allemagne","7":"product_cat-dummler-breiden","8":"product_cat-ceramique","9":"product_cat-west-germany","11":"first","12":"instock","13":"shipping-taxable","14":"purchasable","15":"product-type-simple"},"_links":{"self":[{"href":"https:\/\/legrenierdelatour.be\/brocante\/wp-json\/wp\/v2\/product\/8114","targetHints":{"allow":["GET"]}}],"collection":[{"href":"https:\/\/legrenierdelatour.be\/brocante\/wp-json\/wp\/v2\/product"}],"about":[{"href":"https:\/\/legrenierdelatour.be\/brocante\/wp-json\/wp\/v2\/types\/product"}],"replies":[{"embeddable":true,"href":"https:\/\/legrenierdelatour.be\/brocante\/wp-json\/wp\/v2\/comments?post=8114"}],"wp:featuredmedia":[{"embeddable":true,"href":"https:\/\/legrenierdelatour.be\/brocante\/wp-json\/wp\/v2\/media\/8115"}],"wp:attachment":[{"href":"https:\/\/legrenierdelatour.be\/brocante\/wp-json\/wp\/v2\/media?parent=8114"}],"wp:term":[{"taxonomy":"product_brand","embeddable":true,"href":"https:\/\/legrenierdelatour.be\/brocante\/wp-json\/wp\/v2\/product_brand?post=8114"},{"taxonomy":"product_cat","embeddable":true,"href":"https:\/\/legrenierdelatour.be\/brocante\/wp-json\/wp\/v2\/product_cat?post=8114"},{"taxonomy":"product_tag","embeddable":true,"href":"https:\/\/legrenierdelatour.be\/brocante\/wp-json\/wp\/v2\/product_tag?post=8114"}],"curies":[{"name":"wp","href":"https:\/\/api.w.org\/{rel}","templated":true}]}}