{"id":8106,"date":"2024-05-29T10:13:03","date_gmt":"2024-05-29T08:13:03","guid":{"rendered":"https:\/\/legrenierdelatour.be\/brocante\/?post_type=product&#038;p=8106"},"modified":"2024-05-29T10:13:03","modified_gmt":"2024-05-29T08:13:03","slug":"boite-en-metal-chocolats-jacques","status":"publish","type":"product","link":"https:\/\/legrenierdelatour.be\/brocante\/produit\/boite-en-metal-chocolats-jacques\/","title":{"rendered":"Bo\u00eete en m\u00e9tal, Chocolats Jacques"},"content":{"rendered":"<p>Belle bo\u00eete ronde (17 cm de diam\u00e8tre) \u00e9dit\u00e9e par la marque de chocolats Jacques (depuis 1896). Cette bo\u00eete, probablement produite en Angleterre, est en bon \u00e9tat vu son \u00e2ge et date sans doute du d\u00e9but du 20\u00e8 si\u00e8cle.<\/p>\n<div>R\u00e9f 31.19<\/div>\n","protected":false},"excerpt":{"rendered":"<p>Belle bo\u00eete ronde (17 cm de diam\u00e8tre) \u00e9dit\u00e9e par la marque de chocolats Jacques (depuis 1896). Cette bo\u00eete, probablement produite en Angleterre, est en bon \u00e9tat vu son \u00e2ge et date sans doute du d\u00e9but du 20\u00e8 si\u00e8cle. R\u00e9f 31.19<\/p>\n","protected":false},"featured_media":8107,"comment_status":"open","ping_status":"closed","template":"","meta":{"neve_meta_sidebar":"","neve_meta_container":"","neve_meta_enable_content_width":"off","neve_meta_content_width":100,"neve_meta_title_alignment":"","neve_meta_author_avatar":"","neve_post_elements_order":"","neve_meta_disable_header":"","neve_meta_disable_footer":"","neve_meta_disable_title":""},"product_brand":[],"product_cat":[172,186,173],"product_tag":[],"class_list":{"0":"post-8106","1":"product","2":"type-product","3":"status-publish","4":"has-post-thumbnail","6":"product_cat-en-cuisine","7":"product_cat-laiton","8":"product_cat-objets-de-publicite","10":"first","11":"instock","12":"shipping-taxable","13":"purchasable","14":"product-type-simple"},"_links":{"self":[{"href":"https:\/\/legrenierdelatour.be\/brocante\/wp-json\/wp\/v2\/product\/8106","targetHints":{"allow":["GET"]}}],"collection":[{"href":"https:\/\/legrenierdelatour.be\/brocante\/wp-json\/wp\/v2\/product"}],"about":[{"href":"https:\/\/legrenierdelatour.be\/brocante\/wp-json\/wp\/v2\/types\/product"}],"replies":[{"embeddable":true,"href":"https:\/\/legrenierdelatour.be\/brocante\/wp-json\/wp\/v2\/comments?post=8106"}],"wp:featuredmedia":[{"embeddable":true,"href":"https:\/\/legrenierdelatour.be\/brocante\/wp-json\/wp\/v2\/media\/8107"}],"wp:attachment":[{"href":"https:\/\/legrenierdelatour.be\/brocante\/wp-json\/wp\/v2\/media?parent=8106"}],"wp:term":[{"taxonomy":"product_brand","embeddable":true,"href":"https:\/\/legrenierdelatour.be\/brocante\/wp-json\/wp\/v2\/product_brand?post=8106"},{"taxonomy":"product_cat","embeddable":true,"href":"https:\/\/legrenierdelatour.be\/brocante\/wp-json\/wp\/v2\/product_cat?post=8106"},{"taxonomy":"product_tag","embeddable":true,"href":"https:\/\/legrenierdelatour.be\/brocante\/wp-json\/wp\/v2\/product_tag?post=8106"}],"curies":[{"name":"wp","href":"https:\/\/api.w.org\/{rel}","templated":true}]}}