{"id":8098,"date":"2024-05-29T09:45:54","date_gmt":"2024-05-29T07:45:54","guid":{"rendered":"https:\/\/legrenierdelatour.be\/brocante\/?post_type=product&#038;p=8098"},"modified":"2024-10-09T14:24:36","modified_gmt":"2024-10-09T12:24:36","slug":"pot-a-lait-jaune-villeroy-boch-1950","status":"publish","type":"product","link":"https:\/\/legrenierdelatour.be\/brocante\/produit\/pot-a-lait-jaune-villeroy-boch-1950\/","title":{"rendered":"Pot \u00e0 lait jaune Villeroy &#038; Boch, 1950"},"content":{"rendered":"<p>Pot \u00e0 lait en faience Jaune (11 cm de haut), produit par Villeroy et Boch et portant le n\u00b0 de grandeur 4 pour l\u2019un et 5 pour l&rsquo;autre. En bon \u00e9tat, il a sans doute \u00e9t\u00e9 produit dans les ann\u00e9es 1950-60.<\/p>\n<div>Deux exemplaires disponibles.<\/p>\n<div>R\u00e9f 31.15<\/div>\n<\/div>\n","protected":false},"excerpt":{"rendered":"<p>Pot \u00e0 lait en faience Jaune (11 cm de haut), produit par Villeroy et Boch et portant le n\u00b0 de grandeur 4 pour l\u2019un et 5 pour l&rsquo;autre. En bon \u00e9tat, il a sans doute \u00e9t\u00e9 produit dans les ann\u00e9es 1950-60. Deux exemplaires disponibles. R\u00e9f 31.15<\/p>\n","protected":false},"featured_media":8099,"comment_status":"open","ping_status":"closed","template":"","meta":{"neve_meta_sidebar":"","neve_meta_container":"","neve_meta_enable_content_width":"off","neve_meta_content_width":100,"neve_meta_title_alignment":"","neve_meta_author_avatar":"","neve_post_elements_order":"","neve_meta_disable_header":"","neve_meta_disable_footer":"","neve_meta_disable_title":""},"product_brand":[],"product_cat":[172,16,165,29],"product_tag":[],"class_list":{"0":"post-8098","1":"product","2":"type-product","3":"status-publish","4":"has-post-thumbnail","6":"product_cat-en-cuisine","7":"product_cat-ceramique","8":"product_cat-luxembourg","9":"product_cat-villeroy-boch","11":"first","12":"instock","13":"shipping-taxable","14":"purchasable","15":"product-type-simple"},"_links":{"self":[{"href":"https:\/\/legrenierdelatour.be\/brocante\/wp-json\/wp\/v2\/product\/8098","targetHints":{"allow":["GET"]}}],"collection":[{"href":"https:\/\/legrenierdelatour.be\/brocante\/wp-json\/wp\/v2\/product"}],"about":[{"href":"https:\/\/legrenierdelatour.be\/brocante\/wp-json\/wp\/v2\/types\/product"}],"replies":[{"embeddable":true,"href":"https:\/\/legrenierdelatour.be\/brocante\/wp-json\/wp\/v2\/comments?post=8098"}],"wp:featuredmedia":[{"embeddable":true,"href":"https:\/\/legrenierdelatour.be\/brocante\/wp-json\/wp\/v2\/media\/8099"}],"wp:attachment":[{"href":"https:\/\/legrenierdelatour.be\/brocante\/wp-json\/wp\/v2\/media?parent=8098"}],"wp:term":[{"taxonomy":"product_brand","embeddable":true,"href":"https:\/\/legrenierdelatour.be\/brocante\/wp-json\/wp\/v2\/product_brand?post=8098"},{"taxonomy":"product_cat","embeddable":true,"href":"https:\/\/legrenierdelatour.be\/brocante\/wp-json\/wp\/v2\/product_cat?post=8098"},{"taxonomy":"product_tag","embeddable":true,"href":"https:\/\/legrenierdelatour.be\/brocante\/wp-json\/wp\/v2\/product_tag?post=8098"}],"curies":[{"name":"wp","href":"https:\/\/api.w.org\/{rel}","templated":true}]}}