{"id":8093,"date":"2024-05-27T18:37:43","date_gmt":"2024-05-27T16:37:43","guid":{"rendered":"https:\/\/legrenierdelatour.be\/brocante\/?post_type=product&#038;p=8093"},"modified":"2025-06-02T12:50:52","modified_gmt":"2025-06-02T10:50:52","slug":"coquetiers-en-faience-pastel-vintage","status":"publish","type":"product","link":"https:\/\/legrenierdelatour.be\/brocante\/produit\/coquetiers-en-faience-pastel-vintage\/","title":{"rendered":"Coquetiers en fa\u00efence pastel, vintage"},"content":{"rendered":"<p>Coquetier en fa\u00efence (10 cm de long) dans des couleurs pastels. Il n\u2019y a pas de marque visible mais il a sans doute \u00e9t\u00e9 produit dans les ann\u00e9es 1950-60.<\/p>\n<div>Il reste l&rsquo;exemplaire bleu clair.<\/div>\n<div>R\u00e9f 31.14<\/div>\n","protected":false},"excerpt":{"rendered":"<p>Coquetier en fa\u00efence (10 cm de long) dans des couleurs pastels. Il n\u2019y a pas de marque visible mais il a sans doute \u00e9t\u00e9 produit dans les ann\u00e9es 1950-60. Il reste l&rsquo;exemplaire bleu clair. R\u00e9f 31.14<\/p>\n","protected":false},"featured_media":8095,"comment_status":"open","ping_status":"closed","template":"","meta":{"neve_meta_sidebar":"","neve_meta_container":"","neve_meta_enable_content_width":"off","neve_meta_content_width":100,"neve_meta_title_alignment":"","neve_meta_author_avatar":"","neve_post_elements_order":"","neve_meta_disable_header":"","neve_meta_disable_footer":"","neve_meta_disable_title":""},"product_brand":[],"product_cat":[172,16],"product_tag":[28],"class_list":{"0":"post-8093","1":"product","2":"type-product","3":"status-publish","4":"has-post-thumbnail","6":"product_cat-en-cuisine","7":"product_cat-ceramique","8":"product_tag-vintage","10":"first","11":"instock","12":"shipping-taxable","13":"purchasable","14":"product-type-simple"},"_links":{"self":[{"href":"https:\/\/legrenierdelatour.be\/brocante\/wp-json\/wp\/v2\/product\/8093","targetHints":{"allow":["GET"]}}],"collection":[{"href":"https:\/\/legrenierdelatour.be\/brocante\/wp-json\/wp\/v2\/product"}],"about":[{"href":"https:\/\/legrenierdelatour.be\/brocante\/wp-json\/wp\/v2\/types\/product"}],"replies":[{"embeddable":true,"href":"https:\/\/legrenierdelatour.be\/brocante\/wp-json\/wp\/v2\/comments?post=8093"}],"wp:featuredmedia":[{"embeddable":true,"href":"https:\/\/legrenierdelatour.be\/brocante\/wp-json\/wp\/v2\/media\/8095"}],"wp:attachment":[{"href":"https:\/\/legrenierdelatour.be\/brocante\/wp-json\/wp\/v2\/media?parent=8093"}],"wp:term":[{"taxonomy":"product_brand","embeddable":true,"href":"https:\/\/legrenierdelatour.be\/brocante\/wp-json\/wp\/v2\/product_brand?post=8093"},{"taxonomy":"product_cat","embeddable":true,"href":"https:\/\/legrenierdelatour.be\/brocante\/wp-json\/wp\/v2\/product_cat?post=8093"},{"taxonomy":"product_tag","embeddable":true,"href":"https:\/\/legrenierdelatour.be\/brocante\/wp-json\/wp\/v2\/product_tag?post=8093"}],"curies":[{"name":"wp","href":"https:\/\/api.w.org\/{rel}","templated":true}]}}