{"id":809,"date":"2022-03-15T08:58:17","date_gmt":"2022-03-15T07:58:17","guid":{"rendered":"https:\/\/legrenierdelatour.be\/brocante\/?post_type=product&#038;p=809"},"modified":"2024-03-12T12:07:39","modified_gmt":"2024-03-12T11:07:39","slug":"sauciere-105-faience-belge","status":"publish","type":"product","link":"https:\/\/legrenierdelatour.be\/brocante\/produit\/sauciere-105-faience-belge\/","title":{"rendered":"Sauci\u00e8re 105 Fa\u00efence belge"},"content":{"rendered":"<p>Jolie sauci\u00e8re en fa\u00efence (26 cm long) avec d\u00e9coration florale matte, de forme \u00ab\u00a0105\u00a0\u00bb et produite en Belgiquedans la r\u00e9gion montoise. Ce pourrait \u00eatre de Wasmuel, ou de la la Majolique de Wasmuel. En bon \u00e9tat, elle date sans doute des ann\u00e9es 1950, fin de production \u00e0 Wasm\u00fcel. La forme est reprise dans \u00ab\u00a0Fa\u00efencerie imp\u00e9riale et royale de Nimy 1789-1951 et les manufactures de Wasm\u00fcel et St. Ghislain. par Ingrid et Lionel Dufrasne en 1992, p.77.<\/p>\n<div>R\u00e9f 9.49<\/div>\n","protected":false},"excerpt":{"rendered":"<p>Jolie sauci\u00e8re en fa\u00efence (26 cm long) avec d\u00e9coration florale matte, de forme \u00ab\u00a0105\u00a0\u00bb et produite en Belgiquedans la r\u00e9gion montoise. Ce pourrait \u00eatre de Wasmuel, ou de la la Majolique de Wasmuel. En bon \u00e9tat, elle date sans doute des ann\u00e9es 1950, fin de production \u00e0 Wasm\u00fcel. La forme est reprise dans \u00ab\u00a0Fa\u00efencerie imp\u00e9riale&hellip;&nbsp;<a href=\"https:\/\/legrenierdelatour.be\/brocante\/produit\/sauciere-105-faience-belge\/\" class=\"\" rel=\"bookmark\">Lire la suite &raquo;<span class=\"screen-reader-text\">Sauci\u00e8re 105 Fa\u00efence belge<\/span><\/a><\/p>\n","protected":false},"featured_media":803,"comment_status":"open","ping_status":"closed","template":"","meta":{"neve_meta_sidebar":"","neve_meta_container":"","neve_meta_enable_content_width":"off","neve_meta_content_width":100,"neve_meta_title_alignment":"","neve_meta_author_avatar":"","neve_post_elements_order":"","neve_meta_disable_header":"","neve_meta_disable_footer":"","neve_meta_disable_title":""},"product_brand":[],"product_cat":[37,187,172,16],"product_tag":[40,42,19,28],"class_list":{"0":"post-809","1":"product","2":"type-product","3":"status-publish","4":"has-post-thumbnail","6":"product_cat-belgique","7":"product_cat-ceramique-montoise","8":"product_cat-en-cuisine","9":"product_cat-ceramique","10":"product_tag-belgique","11":"product_tag-ceramique-montoise","12":"product_tag-faience","13":"product_tag-vintage","15":"first","16":"instock","17":"shipping-taxable","18":"purchasable","19":"product-type-simple"},"_links":{"self":[{"href":"https:\/\/legrenierdelatour.be\/brocante\/wp-json\/wp\/v2\/product\/809","targetHints":{"allow":["GET"]}}],"collection":[{"href":"https:\/\/legrenierdelatour.be\/brocante\/wp-json\/wp\/v2\/product"}],"about":[{"href":"https:\/\/legrenierdelatour.be\/brocante\/wp-json\/wp\/v2\/types\/product"}],"replies":[{"embeddable":true,"href":"https:\/\/legrenierdelatour.be\/brocante\/wp-json\/wp\/v2\/comments?post=809"}],"wp:featuredmedia":[{"embeddable":true,"href":"https:\/\/legrenierdelatour.be\/brocante\/wp-json\/wp\/v2\/media\/803"}],"wp:attachment":[{"href":"https:\/\/legrenierdelatour.be\/brocante\/wp-json\/wp\/v2\/media?parent=809"}],"wp:term":[{"taxonomy":"product_brand","embeddable":true,"href":"https:\/\/legrenierdelatour.be\/brocante\/wp-json\/wp\/v2\/product_brand?post=809"},{"taxonomy":"product_cat","embeddable":true,"href":"https:\/\/legrenierdelatour.be\/brocante\/wp-json\/wp\/v2\/product_cat?post=809"},{"taxonomy":"product_tag","embeddable":true,"href":"https:\/\/legrenierdelatour.be\/brocante\/wp-json\/wp\/v2\/product_tag?post=809"}],"curies":[{"name":"wp","href":"https:\/\/api.w.org\/{rel}","templated":true}]}}