{"id":8072,"date":"2024-05-27T16:30:53","date_gmt":"2024-05-27T14:30:53","guid":{"rendered":"https:\/\/legrenierdelatour.be\/brocante\/?post_type=product&#038;p=8072"},"modified":"2025-04-07T13:03:43","modified_gmt":"2025-04-07T11:03:43","slug":"carroussel-range-cassettes-space-age","status":"publish","type":"product","link":"https:\/\/legrenierdelatour.be\/brocante\/produit\/carroussel-range-cassettes-space-age\/","title":{"rendered":"Carroussel range-cassettes Space Age"},"content":{"rendered":"<p>Carroussel range-cassettes jaune (16x15x14 cm de haut) tournant et empillable, pour ranger 32 cassettes. I porte la marque \u00ab\u00a0Cassetten-Caroussell\u00a0\u00bb et a \u00e9t\u00e9 produit en Allemagne par Vela-Ton. De style Space Age, il date des ann\u00e9es 1980. Seul le jeune est disponible.<\/p>\n<div>R\u00e9f 31.09<\/div>\n","protected":false},"excerpt":{"rendered":"<p>Carroussel range-cassettes jaune (16x15x14 cm de haut) tournant et empillable, pour ranger 32 cassettes. I porte la marque \u00ab\u00a0Cassetten-Caroussell\u00a0\u00bb et a \u00e9t\u00e9 produit en Allemagne par Vela-Ton. De style Space Age, il date des ann\u00e9es 1980. Seul le jeune est disponible. R\u00e9f 31.09<\/p>\n","protected":false},"featured_media":8073,"comment_status":"open","ping_status":"closed","template":"","meta":{"neve_meta_sidebar":"","neve_meta_container":"","neve_meta_enable_content_width":"off","neve_meta_content_width":100,"neve_meta_title_alignment":"","neve_meta_author_avatar":"","neve_post_elements_order":"","neve_meta_disable_header":"","neve_meta_disable_footer":"","neve_meta_disable_title":""},"product_brand":[],"product_cat":[171],"product_tag":[28],"class_list":{"0":"post-8072","1":"product","2":"type-product","3":"status-publish","4":"has-post-thumbnail","6":"product_cat-jeux-et-jardin","7":"product_tag-vintage","9":"first","10":"instock","11":"shipping-taxable","12":"purchasable","13":"product-type-simple"},"_links":{"self":[{"href":"https:\/\/legrenierdelatour.be\/brocante\/wp-json\/wp\/v2\/product\/8072","targetHints":{"allow":["GET"]}}],"collection":[{"href":"https:\/\/legrenierdelatour.be\/brocante\/wp-json\/wp\/v2\/product"}],"about":[{"href":"https:\/\/legrenierdelatour.be\/brocante\/wp-json\/wp\/v2\/types\/product"}],"replies":[{"embeddable":true,"href":"https:\/\/legrenierdelatour.be\/brocante\/wp-json\/wp\/v2\/comments?post=8072"}],"wp:featuredmedia":[{"embeddable":true,"href":"https:\/\/legrenierdelatour.be\/brocante\/wp-json\/wp\/v2\/media\/8073"}],"wp:attachment":[{"href":"https:\/\/legrenierdelatour.be\/brocante\/wp-json\/wp\/v2\/media?parent=8072"}],"wp:term":[{"taxonomy":"product_brand","embeddable":true,"href":"https:\/\/legrenierdelatour.be\/brocante\/wp-json\/wp\/v2\/product_brand?post=8072"},{"taxonomy":"product_cat","embeddable":true,"href":"https:\/\/legrenierdelatour.be\/brocante\/wp-json\/wp\/v2\/product_cat?post=8072"},{"taxonomy":"product_tag","embeddable":true,"href":"https:\/\/legrenierdelatour.be\/brocante\/wp-json\/wp\/v2\/product_tag?post=8072"}],"curies":[{"name":"wp","href":"https:\/\/api.w.org\/{rel}","templated":true}]}}