{"id":8057,"date":"2024-05-27T11:46:54","date_gmt":"2024-05-27T09:46:54","guid":{"rendered":"https:\/\/legrenierdelatour.be\/brocante\/?post_type=product&#038;p=8057"},"modified":"2024-05-27T11:46:54","modified_gmt":"2024-05-27T09:46:54","slug":"assiette-decorative-chateau-de-clervaux-villeroy-boch","status":"publish","type":"product","link":"https:\/\/legrenierdelatour.be\/brocante\/produit\/assiette-decorative-chateau-de-clervaux-villeroy-boch\/","title":{"rendered":"Assiette d\u00e9corative Ch\u00e2teau de Clervaux, Villeroy &#038; Boch"},"content":{"rendered":"<p>Grande assiette (31 cm de diam\u00e8tre) \u00e9dit\u00e9e par le Kiwanus Club Eislek en 1994. Elle porte une repr\u00e9sentation du Ch\u00e2teau de Clervaux, aquarelle de l\u2019artiste Marc Zorzi. Elle est en parfait \u00e9tat et a \u00e9t\u00e9 produite par Villeroy &amp; Boch Luxembourg.<\/p>\n<div>R\u00e9f 31.04<\/div>\n","protected":false},"excerpt":{"rendered":"<p>Grande assiette (31 cm de diam\u00e8tre) \u00e9dit\u00e9e par le Kiwanus Club Eislek en 1994. Elle porte une repr\u00e9sentation du Ch\u00e2teau de Clervaux, aquarelle de l\u2019artiste Marc Zorzi. Elle est en parfait \u00e9tat et a \u00e9t\u00e9 produite par Villeroy &amp; Boch Luxembourg. R\u00e9f 31.04<\/p>\n","protected":false},"featured_media":8058,"comment_status":"open","ping_status":"closed","template":"","meta":{"neve_meta_sidebar":"","neve_meta_container":"","neve_meta_enable_content_width":"off","neve_meta_content_width":100,"neve_meta_title_alignment":"","neve_meta_author_avatar":"","neve_post_elements_order":"","neve_meta_disable_header":"","neve_meta_disable_footer":"","neve_meta_disable_title":""},"product_brand":[],"product_cat":[16,165,30,166,29],"product_tag":[],"class_list":{"0":"post-8057","1":"product","2":"type-product","3":"status-publish","4":"has-post-thumbnail","6":"product_cat-ceramique","7":"product_cat-luxembourg","8":"product_cat-luxemburgensia","9":"product_cat-luxemburgensia-luxemburgensia","10":"product_cat-villeroy-boch","12":"first","13":"instock","14":"shipping-taxable","15":"purchasable","16":"product-type-simple"},"_links":{"self":[{"href":"https:\/\/legrenierdelatour.be\/brocante\/wp-json\/wp\/v2\/product\/8057","targetHints":{"allow":["GET"]}}],"collection":[{"href":"https:\/\/legrenierdelatour.be\/brocante\/wp-json\/wp\/v2\/product"}],"about":[{"href":"https:\/\/legrenierdelatour.be\/brocante\/wp-json\/wp\/v2\/types\/product"}],"replies":[{"embeddable":true,"href":"https:\/\/legrenierdelatour.be\/brocante\/wp-json\/wp\/v2\/comments?post=8057"}],"wp:featuredmedia":[{"embeddable":true,"href":"https:\/\/legrenierdelatour.be\/brocante\/wp-json\/wp\/v2\/media\/8058"}],"wp:attachment":[{"href":"https:\/\/legrenierdelatour.be\/brocante\/wp-json\/wp\/v2\/media?parent=8057"}],"wp:term":[{"taxonomy":"product_brand","embeddable":true,"href":"https:\/\/legrenierdelatour.be\/brocante\/wp-json\/wp\/v2\/product_brand?post=8057"},{"taxonomy":"product_cat","embeddable":true,"href":"https:\/\/legrenierdelatour.be\/brocante\/wp-json\/wp\/v2\/product_cat?post=8057"},{"taxonomy":"product_tag","embeddable":true,"href":"https:\/\/legrenierdelatour.be\/brocante\/wp-json\/wp\/v2\/product_tag?post=8057"}],"curies":[{"name":"wp","href":"https:\/\/api.w.org\/{rel}","templated":true}]}}