{"id":8042,"date":"2024-05-25T14:54:31","date_gmt":"2024-05-25T12:54:31","guid":{"rendered":"https:\/\/legrenierdelatour.be\/brocante\/?post_type=product&#038;p=8042"},"modified":"2024-05-25T14:54:32","modified_gmt":"2024-05-25T12:54:32","slug":"pot-a-lait-petre-a-baudour","status":"publish","type":"product","link":"https:\/\/legrenierdelatour.be\/brocante\/produit\/pot-a-lait-petre-a-baudour\/","title":{"rendered":"Pot \u00e0 lait , P\u00eatre \u00e0 Baudour"},"content":{"rendered":"<p>Petit pot \u00e0 lait (11 cm de haut) avec un d\u00e9cor floral; Il a \u00e9t\u00e9 produit par la manufacture P\u00eatre \u00e0 Baudour. Il est en parfait \u00e9tat et date du d\u00e9but du 20\u00e8 si\u00e8cle. La manufcature P\u00eatre a produit de 1859 \u00e0 1956.\u00a0On produisait des services de table, des services \u00e0 caf\u00e9, des services de toilette, des articles pour la gastronomie, des objets de fantaisie, mais aussi des isolateurs c\u00e9ramiques, des pi\u00e8ces r\u00e9fractaires pour l&rsquo;industrie et des briques pour les fours des verreries etc.<\/p>\n<div>R\u00e9f 30.99<\/div>\n","protected":false},"excerpt":{"rendered":"<p>Petit pot \u00e0 lait (11 cm de haut) avec un d\u00e9cor floral; Il a \u00e9t\u00e9 produit par la manufacture P\u00eatre \u00e0 Baudour. Il est en parfait \u00e9tat et date du d\u00e9but du 20\u00e8 si\u00e8cle. La manufcature P\u00eatre a produit de 1859 \u00e0 1956.\u00a0On produisait des services de table, des services \u00e0 caf\u00e9, des services de&hellip;&nbsp;<a href=\"https:\/\/legrenierdelatour.be\/brocante\/produit\/pot-a-lait-petre-a-baudour\/\" class=\"\" rel=\"bookmark\">Lire la suite &raquo;<span class=\"screen-reader-text\">Pot \u00e0 lait , P\u00eatre \u00e0 Baudour<\/span><\/a><\/p>\n","protected":false},"featured_media":8044,"comment_status":"open","ping_status":"closed","template":"","meta":{"neve_meta_sidebar":"","neve_meta_container":"","neve_meta_enable_content_width":"off","neve_meta_content_width":100,"neve_meta_title_alignment":"","neve_meta_author_avatar":"","neve_post_elements_order":"","neve_meta_disable_header":"","neve_meta_disable_footer":"","neve_meta_disable_title":""},"product_brand":[],"product_cat":[37,172,16],"product_tag":[],"class_list":{"0":"post-8042","1":"product","2":"type-product","3":"status-publish","4":"has-post-thumbnail","6":"product_cat-belgique","7":"product_cat-en-cuisine","8":"product_cat-ceramique","10":"first","11":"instock","12":"shipping-taxable","13":"purchasable","14":"product-type-simple"},"_links":{"self":[{"href":"https:\/\/legrenierdelatour.be\/brocante\/wp-json\/wp\/v2\/product\/8042","targetHints":{"allow":["GET"]}}],"collection":[{"href":"https:\/\/legrenierdelatour.be\/brocante\/wp-json\/wp\/v2\/product"}],"about":[{"href":"https:\/\/legrenierdelatour.be\/brocante\/wp-json\/wp\/v2\/types\/product"}],"replies":[{"embeddable":true,"href":"https:\/\/legrenierdelatour.be\/brocante\/wp-json\/wp\/v2\/comments?post=8042"}],"wp:featuredmedia":[{"embeddable":true,"href":"https:\/\/legrenierdelatour.be\/brocante\/wp-json\/wp\/v2\/media\/8044"}],"wp:attachment":[{"href":"https:\/\/legrenierdelatour.be\/brocante\/wp-json\/wp\/v2\/media?parent=8042"}],"wp:term":[{"taxonomy":"product_brand","embeddable":true,"href":"https:\/\/legrenierdelatour.be\/brocante\/wp-json\/wp\/v2\/product_brand?post=8042"},{"taxonomy":"product_cat","embeddable":true,"href":"https:\/\/legrenierdelatour.be\/brocante\/wp-json\/wp\/v2\/product_cat?post=8042"},{"taxonomy":"product_tag","embeddable":true,"href":"https:\/\/legrenierdelatour.be\/brocante\/wp-json\/wp\/v2\/product_tag?post=8042"}],"curies":[{"name":"wp","href":"https:\/\/api.w.org\/{rel}","templated":true}]}}