{"id":8039,"date":"2024-05-25T14:44:13","date_gmt":"2024-05-25T12:44:13","guid":{"rendered":"https:\/\/legrenierdelatour.be\/brocante\/?post_type=product&#038;p=8039"},"modified":"2024-05-25T14:44:13","modified_gmt":"2024-05-25T12:44:13","slug":"petites-assiettes-power-flower","status":"publish","type":"product","link":"https:\/\/legrenierdelatour.be\/brocante\/produit\/petites-assiettes-power-flower\/","title":{"rendered":"Petites assiettes Power Flower"},"content":{"rendered":"<p>Deux petites assiettes (11 cm de diam\u00e8tre) en porcelaine, sans marque identifiable, avec un motif de fleur tr\u00e8s color\u00e9e. Deux assiettes disponibles, une bleue et une verte.<\/p>\n<div>L\u2019assiette est vendue \u00e0 la pi\u00e8ce au prix de 5\u20ac.<\/div>\n<div>R\u00e9f 30.97<\/div>\n","protected":false},"excerpt":{"rendered":"<p>Deux petites assiettes (11 cm de diam\u00e8tre) en porcelaine, sans marque identifiable, avec un motif de fleur tr\u00e8s color\u00e9e. Deux assiettes disponibles, une bleue et une verte. L\u2019assiette est vendue \u00e0 la pi\u00e8ce au prix de 5\u20ac. R\u00e9f 30.97<\/p>\n","protected":false},"featured_media":8040,"comment_status":"open","ping_status":"closed","template":"","meta":{"neve_meta_sidebar":"","neve_meta_container":"","neve_meta_enable_content_width":"off","neve_meta_content_width":100,"neve_meta_title_alignment":"","neve_meta_author_avatar":"","neve_post_elements_order":"","neve_meta_disable_header":"","neve_meta_disable_footer":"","neve_meta_disable_title":""},"product_brand":[],"product_cat":[172,16],"product_tag":[28],"class_list":{"0":"post-8039","1":"product","2":"type-product","3":"status-publish","4":"has-post-thumbnail","6":"product_cat-en-cuisine","7":"product_cat-ceramique","8":"product_tag-vintage","10":"first","11":"instock","12":"shipping-taxable","13":"purchasable","14":"product-type-simple"},"_links":{"self":[{"href":"https:\/\/legrenierdelatour.be\/brocante\/wp-json\/wp\/v2\/product\/8039","targetHints":{"allow":["GET"]}}],"collection":[{"href":"https:\/\/legrenierdelatour.be\/brocante\/wp-json\/wp\/v2\/product"}],"about":[{"href":"https:\/\/legrenierdelatour.be\/brocante\/wp-json\/wp\/v2\/types\/product"}],"replies":[{"embeddable":true,"href":"https:\/\/legrenierdelatour.be\/brocante\/wp-json\/wp\/v2\/comments?post=8039"}],"wp:featuredmedia":[{"embeddable":true,"href":"https:\/\/legrenierdelatour.be\/brocante\/wp-json\/wp\/v2\/media\/8040"}],"wp:attachment":[{"href":"https:\/\/legrenierdelatour.be\/brocante\/wp-json\/wp\/v2\/media?parent=8039"}],"wp:term":[{"taxonomy":"product_brand","embeddable":true,"href":"https:\/\/legrenierdelatour.be\/brocante\/wp-json\/wp\/v2\/product_brand?post=8039"},{"taxonomy":"product_cat","embeddable":true,"href":"https:\/\/legrenierdelatour.be\/brocante\/wp-json\/wp\/v2\/product_cat?post=8039"},{"taxonomy":"product_tag","embeddable":true,"href":"https:\/\/legrenierdelatour.be\/brocante\/wp-json\/wp\/v2\/product_tag?post=8039"}],"curies":[{"name":"wp","href":"https:\/\/api.w.org\/{rel}","templated":true}]}}