{"id":8029,"date":"2024-05-25T14:10:59","date_gmt":"2024-05-25T12:10:59","guid":{"rendered":"https:\/\/legrenierdelatour.be\/brocante\/?post_type=product&#038;p=8029"},"modified":"2024-05-25T14:10:59","modified_gmt":"2024-05-25T12:10:59","slug":"vase-jasba-antic-1679-25-west-germany","status":"publish","type":"product","link":"https:\/\/legrenierdelatour.be\/brocante\/produit\/vase-jasba-antic-1679-25-west-germany\/","title":{"rendered":"Vase Jasba \u00ab\u00a0Antic\u00a0\u00bb, 1679 25, West Germany"},"content":{"rendered":"<p>Vase West Germany (25 cm de haut) portant le num\u00e9ro de forme 1679 25 et appartenant \u00e0 la collection \u00ab\u00a0Anti\u00a0\u00bb de la manufacture Jasba (1926-1975 fin de la production d\u00e9corative). Il est en tr\u00e8s bon \u00e9tat et date des ann\u00e9es 1970. Le certificat d&rsquo;origine est joint.<\/p>\n<div>R\u00e9f 30.95<\/div>\n","protected":false},"excerpt":{"rendered":"<p>Vase West Germany (25 cm de haut) portant le num\u00e9ro de forme 1679 25 et appartenant \u00e0 la collection \u00ab\u00a0Anti\u00a0\u00bb de la manufacture Jasba (1926-1975 fin de la production d\u00e9corative). Il est en tr\u00e8s bon \u00e9tat et date des ann\u00e9es 1970. Le certificat d&rsquo;origine est joint. R\u00e9f 30.95<\/p>\n","protected":false},"featured_media":8030,"comment_status":"open","ping_status":"closed","template":"","meta":{"neve_meta_sidebar":"","neve_meta_container":"","neve_meta_enable_content_width":"off","neve_meta_content_width":100,"neve_meta_title_alignment":"","neve_meta_author_avatar":"","neve_post_elements_order":"","neve_meta_disable_header":"","neve_meta_disable_footer":"","neve_meta_disable_title":""},"product_brand":[],"product_cat":[48,16,47],"product_tag":[],"class_list":{"0":"post-8029","1":"product","2":"type-product","3":"status-publish","4":"has-post-thumbnail","6":"product_cat-allemagne","7":"product_cat-ceramique","8":"product_cat-west-germany","10":"first","11":"instock","12":"shipping-taxable","13":"purchasable","14":"product-type-simple"},"_links":{"self":[{"href":"https:\/\/legrenierdelatour.be\/brocante\/wp-json\/wp\/v2\/product\/8029","targetHints":{"allow":["GET"]}}],"collection":[{"href":"https:\/\/legrenierdelatour.be\/brocante\/wp-json\/wp\/v2\/product"}],"about":[{"href":"https:\/\/legrenierdelatour.be\/brocante\/wp-json\/wp\/v2\/types\/product"}],"replies":[{"embeddable":true,"href":"https:\/\/legrenierdelatour.be\/brocante\/wp-json\/wp\/v2\/comments?post=8029"}],"wp:featuredmedia":[{"embeddable":true,"href":"https:\/\/legrenierdelatour.be\/brocante\/wp-json\/wp\/v2\/media\/8030"}],"wp:attachment":[{"href":"https:\/\/legrenierdelatour.be\/brocante\/wp-json\/wp\/v2\/media?parent=8029"}],"wp:term":[{"taxonomy":"product_brand","embeddable":true,"href":"https:\/\/legrenierdelatour.be\/brocante\/wp-json\/wp\/v2\/product_brand?post=8029"},{"taxonomy":"product_cat","embeddable":true,"href":"https:\/\/legrenierdelatour.be\/brocante\/wp-json\/wp\/v2\/product_cat?post=8029"},{"taxonomy":"product_tag","embeddable":true,"href":"https:\/\/legrenierdelatour.be\/brocante\/wp-json\/wp\/v2\/product_tag?post=8029"}],"curies":[{"name":"wp","href":"https:\/\/api.w.org\/{rel}","templated":true}]}}