{"id":8015,"date":"2024-05-24T19:14:14","date_gmt":"2024-05-24T17:14:14","guid":{"rendered":"https:\/\/legrenierdelatour.be\/brocante\/?post_type=product&#038;p=8015"},"modified":"2024-05-24T19:14:15","modified_gmt":"2024-05-24T17:14:15","slug":"assiette-en-etain-isma-1989","status":"publish","type":"product","link":"https:\/\/legrenierdelatour.be\/brocante\/produit\/assiette-en-etain-isma-1989\/","title":{"rendered":"Assiette en \u00e9tain, ISMA 1989"},"content":{"rendered":"<p>Assiette en \u00e9tain 94% (22 cm de diam\u00e8tre) avec une repr\u00e9sentation de l\u2019Institut Ste Marie Arlon, 20 mai 1989, \u00e0 Arlon. C\u2019est une production de l\u2019atelier du Val d\u2019Attert \u00e0 Tontelange, cr\u00e9\u00e9 par Ren\u00e9 pougin en 1968, c\u00e9d\u00e9 \u00e0 son neveu en 1995 Alain Defernez, un des derniers postainiers wallons.<\/p>\n<div>R\u00e9f 30.88<\/div>\n","protected":false},"excerpt":{"rendered":"<p>Assiette en \u00e9tain 94% (22 cm de diam\u00e8tre) avec une repr\u00e9sentation de l\u2019Institut Ste Marie Arlon, 20 mai 1989, \u00e0 Arlon. C\u2019est une production de l\u2019atelier du Val d\u2019Attert \u00e0 Tontelange, cr\u00e9\u00e9 par Ren\u00e9 pougin en 1968, c\u00e9d\u00e9 \u00e0 son neveu en 1995 Alain Defernez, un des derniers postainiers wallons. R\u00e9f 30.88<\/p>\n","protected":false},"featured_media":8016,"comment_status":"open","ping_status":"closed","template":"","meta":{"neve_meta_sidebar":"","neve_meta_container":"","neve_meta_enable_content_width":"off","neve_meta_content_width":100,"neve_meta_title_alignment":"","neve_meta_author_avatar":"","neve_post_elements_order":"","neve_meta_disable_header":"","neve_meta_disable_footer":"","neve_meta_disable_title":""},"product_brand":[],"product_cat":[110,30,31],"product_tag":[],"class_list":{"0":"post-8015","1":"product","2":"type-product","3":"status-publish","4":"has-post-thumbnail","6":"product_cat-etain","7":"product_cat-luxemburgensia","8":"product_cat-pays-darlon","10":"first","11":"instock","12":"shipping-taxable","13":"purchasable","14":"product-type-simple"},"_links":{"self":[{"href":"https:\/\/legrenierdelatour.be\/brocante\/wp-json\/wp\/v2\/product\/8015","targetHints":{"allow":["GET"]}}],"collection":[{"href":"https:\/\/legrenierdelatour.be\/brocante\/wp-json\/wp\/v2\/product"}],"about":[{"href":"https:\/\/legrenierdelatour.be\/brocante\/wp-json\/wp\/v2\/types\/product"}],"replies":[{"embeddable":true,"href":"https:\/\/legrenierdelatour.be\/brocante\/wp-json\/wp\/v2\/comments?post=8015"}],"wp:featuredmedia":[{"embeddable":true,"href":"https:\/\/legrenierdelatour.be\/brocante\/wp-json\/wp\/v2\/media\/8016"}],"wp:attachment":[{"href":"https:\/\/legrenierdelatour.be\/brocante\/wp-json\/wp\/v2\/media?parent=8015"}],"wp:term":[{"taxonomy":"product_brand","embeddable":true,"href":"https:\/\/legrenierdelatour.be\/brocante\/wp-json\/wp\/v2\/product_brand?post=8015"},{"taxonomy":"product_cat","embeddable":true,"href":"https:\/\/legrenierdelatour.be\/brocante\/wp-json\/wp\/v2\/product_cat?post=8015"},{"taxonomy":"product_tag","embeddable":true,"href":"https:\/\/legrenierdelatour.be\/brocante\/wp-json\/wp\/v2\/product_tag?post=8015"}],"curies":[{"name":"wp","href":"https:\/\/api.w.org\/{rel}","templated":true}]}}