{"id":7985,"date":"2024-05-21T16:09:09","date_gmt":"2024-05-21T14:09:09","guid":{"rendered":"https:\/\/legrenierdelatour.be\/brocante\/?post_type=product&#038;p=7985"},"modified":"2024-05-21T16:09:10","modified_gmt":"2024-05-21T14:09:10","slug":"assiette-plate-dresden-villeroy-boch","status":"publish","type":"product","link":"https:\/\/legrenierdelatour.be\/brocante\/produit\/assiette-plate-dresden-villeroy-boch\/","title":{"rendered":"Assiette plate \u00ab\u00a0Dresden\u00a0\u00bb Villeroy&#038; Boch"},"content":{"rendered":"<p>Assiette plate en fa\u00efence (24 cm de diam\u00e8tre) de la collection Dresden de Villeroy &amp; Boch. D\u2019apr\u00e8s le cachet appos\u00e9 dessous, cette sauci\u00e8re date des ann\u00e9es 1874-1909. Elle pr\u00e9sente des craquelures d\u2019\u00e2ge.<\/p>\n<div>23 exemplaires disponibles au prix de 5\u20ac pi\u00e8ce<\/p>\n<div>R\u00e9f 30.73<\/div>\n<\/div>\n","protected":false},"excerpt":{"rendered":"<p>Assiette plate en fa\u00efence (24 cm de diam\u00e8tre) de la collection Dresden de Villeroy &amp; Boch. D\u2019apr\u00e8s le cachet appos\u00e9 dessous, cette sauci\u00e8re date des ann\u00e9es 1874-1909. Elle pr\u00e9sente des craquelures d\u2019\u00e2ge. 23 exemplaires disponibles au prix de 5\u20ac pi\u00e8ce R\u00e9f 30.73<\/p>\n","protected":false},"featured_media":7961,"comment_status":"open","ping_status":"closed","template":"","meta":{"neve_meta_sidebar":"","neve_meta_container":"","neve_meta_enable_content_width":"off","neve_meta_content_width":100,"neve_meta_title_alignment":"","neve_meta_author_avatar":"","neve_post_elements_order":"","neve_meta_disable_header":"","neve_meta_disable_footer":"","neve_meta_disable_title":""},"product_brand":[],"product_cat":[172,16,165,29],"product_tag":[],"class_list":{"0":"post-7985","1":"product","2":"type-product","3":"status-publish","4":"has-post-thumbnail","6":"product_cat-en-cuisine","7":"product_cat-ceramique","8":"product_cat-luxembourg","9":"product_cat-villeroy-boch","11":"first","12":"instock","13":"shipping-taxable","14":"purchasable","15":"product-type-simple"},"_links":{"self":[{"href":"https:\/\/legrenierdelatour.be\/brocante\/wp-json\/wp\/v2\/product\/7985","targetHints":{"allow":["GET"]}}],"collection":[{"href":"https:\/\/legrenierdelatour.be\/brocante\/wp-json\/wp\/v2\/product"}],"about":[{"href":"https:\/\/legrenierdelatour.be\/brocante\/wp-json\/wp\/v2\/types\/product"}],"replies":[{"embeddable":true,"href":"https:\/\/legrenierdelatour.be\/brocante\/wp-json\/wp\/v2\/comments?post=7985"}],"wp:featuredmedia":[{"embeddable":true,"href":"https:\/\/legrenierdelatour.be\/brocante\/wp-json\/wp\/v2\/media\/7961"}],"wp:attachment":[{"href":"https:\/\/legrenierdelatour.be\/brocante\/wp-json\/wp\/v2\/media?parent=7985"}],"wp:term":[{"taxonomy":"product_brand","embeddable":true,"href":"https:\/\/legrenierdelatour.be\/brocante\/wp-json\/wp\/v2\/product_brand?post=7985"},{"taxonomy":"product_cat","embeddable":true,"href":"https:\/\/legrenierdelatour.be\/brocante\/wp-json\/wp\/v2\/product_cat?post=7985"},{"taxonomy":"product_tag","embeddable":true,"href":"https:\/\/legrenierdelatour.be\/brocante\/wp-json\/wp\/v2\/product_tag?post=7985"}],"curies":[{"name":"wp","href":"https:\/\/api.w.org\/{rel}","templated":true}]}}