{"id":7960,"date":"2024-05-21T16:02:25","date_gmt":"2024-05-21T14:02:25","guid":{"rendered":"https:\/\/legrenierdelatour.be\/brocante\/?post_type=product&#038;p=7960"},"modified":"2024-05-21T16:02:25","modified_gmt":"2024-05-21T14:02:25","slug":"sauciere-dresden-villeroy-boch","status":"publish","type":"product","link":"https:\/\/legrenierdelatour.be\/brocante\/produit\/sauciere-dresden-villeroy-boch\/","title":{"rendered":"Sauci\u00e8re \u00ab\u00a0Dresden\u00a0\u00bb Villeroy &#038; boch"},"content":{"rendered":"<p>Sauci\u00e8re en fa\u00efence (18 cm de long) de la collection Dresden de Villeroy &amp; Boch. d\u2019apr\u00e8s le cachet appos\u00e9 dessous, cette sauci\u00e8re date des ann\u00e9es 1874-1909. Elle pr\u00e9sente des craquelures d\u2019\u00e2ge.<\/p>\n<div>R\u00e9f 30.71<\/div>\n","protected":false},"excerpt":{"rendered":"<p>Sauci\u00e8re en fa\u00efence (18 cm de long) de la collection Dresden de Villeroy &amp; Boch. d\u2019apr\u00e8s le cachet appos\u00e9 dessous, cette sauci\u00e8re date des ann\u00e9es 1874-1909. Elle pr\u00e9sente des craquelures d\u2019\u00e2ge. R\u00e9f 30.71<\/p>\n","protected":false},"featured_media":7967,"comment_status":"open","ping_status":"closed","template":"","meta":{"neve_meta_sidebar":"","neve_meta_container":"","neve_meta_enable_content_width":"off","neve_meta_content_width":100,"neve_meta_title_alignment":"","neve_meta_author_avatar":"","neve_post_elements_order":"","neve_meta_disable_header":"","neve_meta_disable_footer":"","neve_meta_disable_title":""},"product_brand":[],"product_cat":[172,16,165,29],"product_tag":[],"class_list":{"0":"post-7960","1":"product","2":"type-product","3":"status-publish","4":"has-post-thumbnail","6":"product_cat-en-cuisine","7":"product_cat-ceramique","8":"product_cat-luxembourg","9":"product_cat-villeroy-boch","11":"first","12":"instock","13":"shipping-taxable","14":"purchasable","15":"product-type-simple"},"_links":{"self":[{"href":"https:\/\/legrenierdelatour.be\/brocante\/wp-json\/wp\/v2\/product\/7960","targetHints":{"allow":["GET"]}}],"collection":[{"href":"https:\/\/legrenierdelatour.be\/brocante\/wp-json\/wp\/v2\/product"}],"about":[{"href":"https:\/\/legrenierdelatour.be\/brocante\/wp-json\/wp\/v2\/types\/product"}],"replies":[{"embeddable":true,"href":"https:\/\/legrenierdelatour.be\/brocante\/wp-json\/wp\/v2\/comments?post=7960"}],"wp:featuredmedia":[{"embeddable":true,"href":"https:\/\/legrenierdelatour.be\/brocante\/wp-json\/wp\/v2\/media\/7967"}],"wp:attachment":[{"href":"https:\/\/legrenierdelatour.be\/brocante\/wp-json\/wp\/v2\/media?parent=7960"}],"wp:term":[{"taxonomy":"product_brand","embeddable":true,"href":"https:\/\/legrenierdelatour.be\/brocante\/wp-json\/wp\/v2\/product_brand?post=7960"},{"taxonomy":"product_cat","embeddable":true,"href":"https:\/\/legrenierdelatour.be\/brocante\/wp-json\/wp\/v2\/product_cat?post=7960"},{"taxonomy":"product_tag","embeddable":true,"href":"https:\/\/legrenierdelatour.be\/brocante\/wp-json\/wp\/v2\/product_tag?post=7960"}],"curies":[{"name":"wp","href":"https:\/\/api.w.org\/{rel}","templated":true}]}}