{"id":7959,"date":"2024-05-21T15:46:40","date_gmt":"2024-05-21T13:46:40","guid":{"rendered":"https:\/\/legrenierdelatour.be\/brocante\/?post_type=product&#038;p=7959"},"modified":"2024-05-21T15:46:41","modified_gmt":"2024-05-21T13:46:41","slug":"bol-en-gres-dubois-armoiries-dathus","status":"publish","type":"product","link":"https:\/\/legrenierdelatour.be\/brocante\/produit\/bol-en-gres-dubois-armoiries-dathus\/","title":{"rendered":"Bol en gr\u00e8s, Dubois, armoiries d&rsquo;Athus"},"content":{"rendered":"<p>Bol en gr\u00e8s (11,5 cm de diam\u00e8tre) en gr\u00e8s sign\u00e9 Dubois. Il porte l\u2019\u00e9cusson de ma commune d\u2019Athus. Il est en parfait \u00e9tat. L\u2019atelier de potiers Dubois se trouve \u00e0 Bouffioulx.<\/p>\n<div>R\u00e9f 30.70<\/div>\n","protected":false},"excerpt":{"rendered":"<p>Bol en gr\u00e8s (11,5 cm de diam\u00e8tre) en gr\u00e8s sign\u00e9 Dubois. Il porte l\u2019\u00e9cusson de ma commune d\u2019Athus. Il est en parfait \u00e9tat. L\u2019atelier de potiers Dubois se trouve \u00e0 Bouffioulx. R\u00e9f 30.70<\/p>\n","protected":false},"featured_media":7950,"comment_status":"open","ping_status":"closed","template":"","meta":{"neve_meta_sidebar":"","neve_meta_container":"","neve_meta_enable_content_width":"off","neve_meta_content_width":100,"neve_meta_title_alignment":"","neve_meta_author_avatar":"","neve_post_elements_order":"","neve_meta_disable_header":"","neve_meta_disable_footer":"","neve_meta_disable_title":""},"product_brand":[],"product_cat":[37,16,30,31,167],"product_tag":[],"class_list":{"0":"post-7959","1":"product","2":"type-product","3":"status-publish","4":"has-post-thumbnail","6":"product_cat-belgique","7":"product_cat-ceramique","8":"product_cat-luxemburgensia","9":"product_cat-pays-darlon","10":"product_cat-peintures-et-sculptures","12":"first","13":"instock","14":"shipping-taxable","15":"purchasable","16":"product-type-simple"},"_links":{"self":[{"href":"https:\/\/legrenierdelatour.be\/brocante\/wp-json\/wp\/v2\/product\/7959","targetHints":{"allow":["GET"]}}],"collection":[{"href":"https:\/\/legrenierdelatour.be\/brocante\/wp-json\/wp\/v2\/product"}],"about":[{"href":"https:\/\/legrenierdelatour.be\/brocante\/wp-json\/wp\/v2\/types\/product"}],"replies":[{"embeddable":true,"href":"https:\/\/legrenierdelatour.be\/brocante\/wp-json\/wp\/v2\/comments?post=7959"}],"wp:featuredmedia":[{"embeddable":true,"href":"https:\/\/legrenierdelatour.be\/brocante\/wp-json\/wp\/v2\/media\/7950"}],"wp:attachment":[{"href":"https:\/\/legrenierdelatour.be\/brocante\/wp-json\/wp\/v2\/media?parent=7959"}],"wp:term":[{"taxonomy":"product_brand","embeddable":true,"href":"https:\/\/legrenierdelatour.be\/brocante\/wp-json\/wp\/v2\/product_brand?post=7959"},{"taxonomy":"product_cat","embeddable":true,"href":"https:\/\/legrenierdelatour.be\/brocante\/wp-json\/wp\/v2\/product_cat?post=7959"},{"taxonomy":"product_tag","embeddable":true,"href":"https:\/\/legrenierdelatour.be\/brocante\/wp-json\/wp\/v2\/product_tag?post=7959"}],"curies":[{"name":"wp","href":"https:\/\/api.w.org\/{rel}","templated":true}]}}