{"id":7949,"date":"2024-05-21T15:35:03","date_gmt":"2024-05-21T13:35:03","guid":{"rendered":"https:\/\/legrenierdelatour.be\/brocante\/?post_type=product&#038;p=7949"},"modified":"2024-05-21T15:35:04","modified_gmt":"2024-05-21T13:35:04","slug":"assiette-decorative-vianden-villeroy-boch","status":"publish","type":"product","link":"https:\/\/legrenierdelatour.be\/brocante\/produit\/assiette-decorative-vianden-villeroy-boch\/","title":{"rendered":"Assiette d\u00e9corative \u00ab\u00a0Vianden\u00a0\u00bb, Villeroy &#038; Boch"},"content":{"rendered":"<p>Petite assiette d\u00e9corative (23 cm de diam\u00e8tre) portant une repr\u00e9sentation de \u00ab\u00a0Vianden vers 1857\u00a0\u00bb d\u2019apres une gravure de JB Fresez. Cette assiette en tr\u00e8s bon \u00e9tat a \u00e9t\u00e9 produite par la manufacture Villeroy &amp; Boch Luxembourg, et date sans doute de la moiti\u00e9 du 20\u00e8 si\u00e8cle.<\/p>\n<div>R\u00e9f 30.68<\/div>\n","protected":false},"excerpt":{"rendered":"<p>Petite assiette d\u00e9corative (23 cm de diam\u00e8tre) portant une repr\u00e9sentation de \u00ab\u00a0Vianden vers 1857\u00a0\u00bb d\u2019apres une gravure de JB Fresez. Cette assiette en tr\u00e8s bon \u00e9tat a \u00e9t\u00e9 produite par la manufacture Villeroy &amp; Boch Luxembourg, et date sans doute de la moiti\u00e9 du 20\u00e8 si\u00e8cle. R\u00e9f 30.68<\/p>\n","protected":false},"featured_media":7956,"comment_status":"open","ping_status":"closed","template":"","meta":{"neve_meta_sidebar":"","neve_meta_container":"","neve_meta_enable_content_width":"off","neve_meta_content_width":100,"neve_meta_title_alignment":"","neve_meta_author_avatar":"","neve_post_elements_order":"","neve_meta_disable_header":"","neve_meta_disable_footer":"","neve_meta_disable_title":""},"product_brand":[],"product_cat":[16,165,30,166,29],"product_tag":[],"class_list":{"0":"post-7949","1":"product","2":"type-product","3":"status-publish","4":"has-post-thumbnail","6":"product_cat-ceramique","7":"product_cat-luxembourg","8":"product_cat-luxemburgensia","9":"product_cat-luxemburgensia-luxemburgensia","10":"product_cat-villeroy-boch","12":"first","13":"instock","14":"shipping-taxable","15":"purchasable","16":"product-type-simple"},"_links":{"self":[{"href":"https:\/\/legrenierdelatour.be\/brocante\/wp-json\/wp\/v2\/product\/7949","targetHints":{"allow":["GET"]}}],"collection":[{"href":"https:\/\/legrenierdelatour.be\/brocante\/wp-json\/wp\/v2\/product"}],"about":[{"href":"https:\/\/legrenierdelatour.be\/brocante\/wp-json\/wp\/v2\/types\/product"}],"replies":[{"embeddable":true,"href":"https:\/\/legrenierdelatour.be\/brocante\/wp-json\/wp\/v2\/comments?post=7949"}],"wp:featuredmedia":[{"embeddable":true,"href":"https:\/\/legrenierdelatour.be\/brocante\/wp-json\/wp\/v2\/media\/7956"}],"wp:attachment":[{"href":"https:\/\/legrenierdelatour.be\/brocante\/wp-json\/wp\/v2\/media?parent=7949"}],"wp:term":[{"taxonomy":"product_brand","embeddable":true,"href":"https:\/\/legrenierdelatour.be\/brocante\/wp-json\/wp\/v2\/product_brand?post=7949"},{"taxonomy":"product_cat","embeddable":true,"href":"https:\/\/legrenierdelatour.be\/brocante\/wp-json\/wp\/v2\/product_cat?post=7949"},{"taxonomy":"product_tag","embeddable":true,"href":"https:\/\/legrenierdelatour.be\/brocante\/wp-json\/wp\/v2\/product_tag?post=7949"}],"curies":[{"name":"wp","href":"https:\/\/api.w.org\/{rel}","templated":true}]}}