{"id":7945,"date":"2024-05-21T15:24:11","date_gmt":"2024-05-21T13:24:11","guid":{"rendered":"https:\/\/legrenierdelatour.be\/brocante\/?post_type=product&#038;p=7945"},"modified":"2024-05-21T15:24:12","modified_gmt":"2024-05-21T13:24:12","slug":"cadre-tramp-art-communion-athus-1909","status":"publish","type":"product","link":"https:\/\/legrenierdelatour.be\/brocante\/produit\/cadre-tramp-art-communion-athus-1909\/","title":{"rendered":"Cadre Tramp Art, communion Athus 1909"},"content":{"rendered":"<p>Cadre en Tramp Art (40&#215;29 cm) encadrant un souvenir de communion d\u2019Athus en 1909.\u00a0Tramp Art : il s&rsquo;agit d&rsquo;une forme d&rsquo;art populaire, cr\u00e9ation d&rsquo;objets de culte ou de d\u00e9coration, \u00e0 base de mat\u00e9riaux r\u00e9cup\u00e9r\u00e9s tels des bo\u00eetes \u00e0 cigares, caisses de transport&#8230; Ces objets \u00e9taient fabriqu\u00e9s \u00e0 la maison avec un simple couteau, et \u00e9taient fort appr\u00e9ci\u00e9s de 1870 et 1940.<\/p>\n<div>R\u00e9f 30.67<\/div>\n","protected":false},"excerpt":{"rendered":"<p>Cadre en Tramp Art (40&#215;29 cm) encadrant un souvenir de communion d\u2019Athus en 1909.\u00a0Tramp Art : il s&rsquo;agit d&rsquo;une forme d&rsquo;art populaire, cr\u00e9ation d&rsquo;objets de culte ou de d\u00e9coration, \u00e0 base de mat\u00e9riaux r\u00e9cup\u00e9r\u00e9s tels des bo\u00eetes \u00e0 cigares, caisses de transport&#8230; Ces objets \u00e9taient fabriqu\u00e9s \u00e0 la maison avec un simple couteau, et \u00e9taient&hellip;&nbsp;<a href=\"https:\/\/legrenierdelatour.be\/brocante\/produit\/cadre-tramp-art-communion-athus-1909\/\" class=\"\" rel=\"bookmark\">Lire la suite &raquo;<span class=\"screen-reader-text\">Cadre Tramp Art, communion Athus 1909<\/span><\/a><\/p>\n","protected":false},"featured_media":7946,"comment_status":"open","ping_status":"closed","template":"","meta":{"neve_meta_sidebar":"","neve_meta_container":"","neve_meta_enable_content_width":"off","neve_meta_content_width":100,"neve_meta_title_alignment":"","neve_meta_author_avatar":"","neve_post_elements_order":"","neve_meta_disable_header":"","neve_meta_disable_footer":"","neve_meta_disable_title":""},"product_brand":[],"product_cat":[30,31,167,34],"product_tag":[],"class_list":{"0":"post-7945","1":"product","2":"type-product","3":"status-publish","4":"has-post-thumbnail","6":"product_cat-luxemburgensia","7":"product_cat-pays-darlon","8":"product_cat-peintures-et-sculptures","9":"product_cat-religiosa","11":"first","12":"instock","13":"shipping-taxable","14":"purchasable","15":"product-type-simple"},"_links":{"self":[{"href":"https:\/\/legrenierdelatour.be\/brocante\/wp-json\/wp\/v2\/product\/7945","targetHints":{"allow":["GET"]}}],"collection":[{"href":"https:\/\/legrenierdelatour.be\/brocante\/wp-json\/wp\/v2\/product"}],"about":[{"href":"https:\/\/legrenierdelatour.be\/brocante\/wp-json\/wp\/v2\/types\/product"}],"replies":[{"embeddable":true,"href":"https:\/\/legrenierdelatour.be\/brocante\/wp-json\/wp\/v2\/comments?post=7945"}],"wp:featuredmedia":[{"embeddable":true,"href":"https:\/\/legrenierdelatour.be\/brocante\/wp-json\/wp\/v2\/media\/7946"}],"wp:attachment":[{"href":"https:\/\/legrenierdelatour.be\/brocante\/wp-json\/wp\/v2\/media?parent=7945"}],"wp:term":[{"taxonomy":"product_brand","embeddable":true,"href":"https:\/\/legrenierdelatour.be\/brocante\/wp-json\/wp\/v2\/product_brand?post=7945"},{"taxonomy":"product_cat","embeddable":true,"href":"https:\/\/legrenierdelatour.be\/brocante\/wp-json\/wp\/v2\/product_cat?post=7945"},{"taxonomy":"product_tag","embeddable":true,"href":"https:\/\/legrenierdelatour.be\/brocante\/wp-json\/wp\/v2\/product_tag?post=7945"}],"curies":[{"name":"wp","href":"https:\/\/api.w.org\/{rel}","templated":true}]}}