{"id":7944,"date":"2024-05-20T20:13:20","date_gmt":"2024-05-20T18:13:20","guid":{"rendered":"https:\/\/legrenierdelatour.be\/brocante\/?post_type=product&#038;p=7944"},"modified":"2024-05-20T20:13:20","modified_gmt":"2024-05-20T18:13:20","slug":"flacon-de-parfum-en-cristal-taille-art-deco","status":"publish","type":"product","link":"https:\/\/legrenierdelatour.be\/brocante\/produit\/flacon-de-parfum-en-cristal-taille-art-deco\/","title":{"rendered":"Flacon de parfum en cristal taill\u00e9, Art d\u00e9co"},"content":{"rendered":"<p>Flacon de parfum (13 cm de haut), en cristal taill\u00e9, datant sans doute des ann\u00e9es 1930. Dans son style Art D\u00e9co, il est en verre fum\u00e9 et est en bon \u00e9tat. la poire encore pr\u00e9sente n\u2019est plus op\u00e9rationnelle.<\/p>\n<div>R\u00e9f 30.65<\/div>\n","protected":false},"excerpt":{"rendered":"<p>Flacon de parfum (13 cm de haut), en cristal taill\u00e9, datant sans doute des ann\u00e9es 1930. Dans son style Art D\u00e9co, il est en verre fum\u00e9 et est en bon \u00e9tat. la poire encore pr\u00e9sente n\u2019est plus op\u00e9rationnelle. R\u00e9f 30.65<\/p>\n","protected":false},"featured_media":7932,"comment_status":"open","ping_status":"closed","template":"","meta":{"neve_meta_sidebar":"","neve_meta_container":"","neve_meta_enable_content_width":"off","neve_meta_content_width":100,"neve_meta_title_alignment":"","neve_meta_author_avatar":"","neve_post_elements_order":"","neve_meta_disable_header":"","neve_meta_disable_footer":"","neve_meta_disable_title":""},"product_brand":[],"product_cat":[22],"product_tag":[],"class_list":{"0":"post-7944","1":"product","2":"type-product","3":"status-publish","4":"has-post-thumbnail","6":"product_cat-verrerie","8":"first","9":"instock","10":"shipping-taxable","11":"purchasable","12":"product-type-simple"},"_links":{"self":[{"href":"https:\/\/legrenierdelatour.be\/brocante\/wp-json\/wp\/v2\/product\/7944","targetHints":{"allow":["GET"]}}],"collection":[{"href":"https:\/\/legrenierdelatour.be\/brocante\/wp-json\/wp\/v2\/product"}],"about":[{"href":"https:\/\/legrenierdelatour.be\/brocante\/wp-json\/wp\/v2\/types\/product"}],"replies":[{"embeddable":true,"href":"https:\/\/legrenierdelatour.be\/brocante\/wp-json\/wp\/v2\/comments?post=7944"}],"wp:featuredmedia":[{"embeddable":true,"href":"https:\/\/legrenierdelatour.be\/brocante\/wp-json\/wp\/v2\/media\/7932"}],"wp:attachment":[{"href":"https:\/\/legrenierdelatour.be\/brocante\/wp-json\/wp\/v2\/media?parent=7944"}],"wp:term":[{"taxonomy":"product_brand","embeddable":true,"href":"https:\/\/legrenierdelatour.be\/brocante\/wp-json\/wp\/v2\/product_brand?post=7944"},{"taxonomy":"product_cat","embeddable":true,"href":"https:\/\/legrenierdelatour.be\/brocante\/wp-json\/wp\/v2\/product_cat?post=7944"},{"taxonomy":"product_tag","embeddable":true,"href":"https:\/\/legrenierdelatour.be\/brocante\/wp-json\/wp\/v2\/product_tag?post=7944"}],"curies":[{"name":"wp","href":"https:\/\/api.w.org\/{rel}","templated":true}]}}