{"id":7941,"date":"2024-05-20T19:09:31","date_gmt":"2024-05-20T17:09:31","guid":{"rendered":"https:\/\/legrenierdelatour.be\/brocante\/?post_type=product&#038;p=7941"},"modified":"2024-05-20T19:09:31","modified_gmt":"2024-05-20T17:09:31","slug":"flacon-de-parfum-en-verre-de-boheme-1950","status":"publish","type":"product","link":"https:\/\/legrenierdelatour.be\/brocante\/produit\/flacon-de-parfum-en-verre-de-boheme-1950\/","title":{"rendered":"Flacon de parfum en verre de Boh\u00eame, 1950"},"content":{"rendered":"<p>Flacon de parfum (11 cm de haut), en verre moul\u00e9, datant sans doute des ann\u00e9es 1930-50. Il provient de Boh\u00e8me et est en bon \u00e9tat, m\u00eame si la poire n\u2019est plus op\u00e9rationnelle.<\/p>\n<div>R\u00e9f 30.62<\/div>\n","protected":false},"excerpt":{"rendered":"<p>Flacon de parfum (11 cm de haut), en verre moul\u00e9, datant sans doute des ann\u00e9es 1930-50. Il provient de Boh\u00e8me et est en bon \u00e9tat, m\u00eame si la poire n\u2019est plus op\u00e9rationnelle. R\u00e9f 30.62<\/p>\n","protected":false},"featured_media":7934,"comment_status":"open","ping_status":"closed","template":"","meta":{"neve_meta_sidebar":"","neve_meta_container":"","neve_meta_enable_content_width":"off","neve_meta_content_width":100,"neve_meta_title_alignment":"","neve_meta_author_avatar":"","neve_post_elements_order":"","neve_meta_disable_header":"","neve_meta_disable_footer":"","neve_meta_disable_title":""},"product_brand":[],"product_cat":[22],"product_tag":[],"class_list":{"0":"post-7941","1":"product","2":"type-product","3":"status-publish","4":"has-post-thumbnail","6":"product_cat-verrerie","8":"first","9":"instock","10":"shipping-taxable","11":"purchasable","12":"product-type-simple"},"_links":{"self":[{"href":"https:\/\/legrenierdelatour.be\/brocante\/wp-json\/wp\/v2\/product\/7941","targetHints":{"allow":["GET"]}}],"collection":[{"href":"https:\/\/legrenierdelatour.be\/brocante\/wp-json\/wp\/v2\/product"}],"about":[{"href":"https:\/\/legrenierdelatour.be\/brocante\/wp-json\/wp\/v2\/types\/product"}],"replies":[{"embeddable":true,"href":"https:\/\/legrenierdelatour.be\/brocante\/wp-json\/wp\/v2\/comments?post=7941"}],"wp:featuredmedia":[{"embeddable":true,"href":"https:\/\/legrenierdelatour.be\/brocante\/wp-json\/wp\/v2\/media\/7934"}],"wp:attachment":[{"href":"https:\/\/legrenierdelatour.be\/brocante\/wp-json\/wp\/v2\/media?parent=7941"}],"wp:term":[{"taxonomy":"product_brand","embeddable":true,"href":"https:\/\/legrenierdelatour.be\/brocante\/wp-json\/wp\/v2\/product_brand?post=7941"},{"taxonomy":"product_cat","embeddable":true,"href":"https:\/\/legrenierdelatour.be\/brocante\/wp-json\/wp\/v2\/product_cat?post=7941"},{"taxonomy":"product_tag","embeddable":true,"href":"https:\/\/legrenierdelatour.be\/brocante\/wp-json\/wp\/v2\/product_tag?post=7941"}],"curies":[{"name":"wp","href":"https:\/\/api.w.org\/{rel}","templated":true}]}}