{"id":7928,"date":"2024-05-20T19:04:30","date_gmt":"2024-05-20T17:04:30","guid":{"rendered":"https:\/\/legrenierdelatour.be\/brocante\/?post_type=product&#038;p=7928"},"modified":"2024-05-20T19:06:25","modified_gmt":"2024-05-20T17:06:25","slug":"flacon-de-parfum-verre-de-boheme-annees-1950","status":"publish","type":"product","link":"https:\/\/legrenierdelatour.be\/brocante\/produit\/flacon-de-parfum-verre-de-boheme-annees-1950\/","title":{"rendered":"Flacon de parfum en verre (de Boh\u00e8me), ann\u00e9es 1950"},"content":{"rendered":"<p>Flacon de parfum (10 cm de haut), en verre moul\u00e9, datant sans doute des ann\u00e9es 1930-50. Il est en bon \u00e9tat, m\u00eame si la poire n\u2019est olus pr\u00e9sente.<\/p>\n<div>R\u00e9f 30.61<\/div>\n","protected":false},"excerpt":{"rendered":"<p>Flacon de parfum (10 cm de haut), en verre moul\u00e9, datant sans doute des ann\u00e9es 1930-50. Il est en bon \u00e9tat, m\u00eame si la poire n\u2019est olus pr\u00e9sente. R\u00e9f 30.61<\/p>\n","protected":false},"featured_media":7936,"comment_status":"open","ping_status":"closed","template":"","meta":{"neve_meta_sidebar":"","neve_meta_container":"","neve_meta_enable_content_width":"off","neve_meta_content_width":100,"neve_meta_title_alignment":"","neve_meta_author_avatar":"","neve_post_elements_order":"","neve_meta_disable_header":"","neve_meta_disable_footer":"","neve_meta_disable_title":""},"product_brand":[],"product_cat":[22],"product_tag":[],"class_list":{"0":"post-7928","1":"product","2":"type-product","3":"status-publish","4":"has-post-thumbnail","6":"product_cat-verrerie","8":"first","9":"instock","10":"shipping-taxable","11":"purchasable","12":"product-type-simple"},"_links":{"self":[{"href":"https:\/\/legrenierdelatour.be\/brocante\/wp-json\/wp\/v2\/product\/7928","targetHints":{"allow":["GET"]}}],"collection":[{"href":"https:\/\/legrenierdelatour.be\/brocante\/wp-json\/wp\/v2\/product"}],"about":[{"href":"https:\/\/legrenierdelatour.be\/brocante\/wp-json\/wp\/v2\/types\/product"}],"replies":[{"embeddable":true,"href":"https:\/\/legrenierdelatour.be\/brocante\/wp-json\/wp\/v2\/comments?post=7928"}],"wp:featuredmedia":[{"embeddable":true,"href":"https:\/\/legrenierdelatour.be\/brocante\/wp-json\/wp\/v2\/media\/7936"}],"wp:attachment":[{"href":"https:\/\/legrenierdelatour.be\/brocante\/wp-json\/wp\/v2\/media?parent=7928"}],"wp:term":[{"taxonomy":"product_brand","embeddable":true,"href":"https:\/\/legrenierdelatour.be\/brocante\/wp-json\/wp\/v2\/product_brand?post=7928"},{"taxonomy":"product_cat","embeddable":true,"href":"https:\/\/legrenierdelatour.be\/brocante\/wp-json\/wp\/v2\/product_cat?post=7928"},{"taxonomy":"product_tag","embeddable":true,"href":"https:\/\/legrenierdelatour.be\/brocante\/wp-json\/wp\/v2\/product_tag?post=7928"}],"curies":[{"name":"wp","href":"https:\/\/api.w.org\/{rel}","templated":true}]}}