{"id":7913,"date":"2024-05-19T18:29:49","date_gmt":"2024-05-19T16:29:49","guid":{"rendered":"https:\/\/legrenierdelatour.be\/brocante\/?post_type=product&#038;p=7913"},"modified":"2024-05-19T18:29:49","modified_gmt":"2024-05-19T16:29:49","slug":"peinture-eglise-st-quirin-de-luxembourg-josee-gloden-1968","status":"publish","type":"product","link":"https:\/\/legrenierdelatour.be\/brocante\/produit\/peinture-eglise-st-quirin-de-luxembourg-josee-gloden-1968\/","title":{"rendered":"Peinture Eglise St Quirin de Luxembourg, Jos\u00e9e Gloden, 1968"},"content":{"rendered":"<p>Peinture \u00e0 l\u2019huile sur toile (40&#215;50 cm hors cadre), de l\u2019\u00e9glise St Quirin de Luxembourg, sign\u00e9e et contre-sign\u00e9e par Jos\u00e9e Gloden, et dat\u00e9e \u00e0 l\u2019aari\u00e8re de 1968. Jos\u00e9e Gloden (1915-1998) est une artiste luxembourgeoise. El\u00e8ve chez Carine Meyers-Urban, Jos\u00e9e Gloden a fait partie du Cercle Artistique de Luxembourg de 1952 \u00e0 1960. Elle a particip\u00e9 \u00e0 diverses expositions et a re\u00e7u le Dipl\u00f4me d\u2019honneur au Salon international de Paris, art la m\u00e9daille d\u2019or de la Ville de Paris.<\/p>\n<div>R\u00e9f 30.56<\/div>\n","protected":false},"excerpt":{"rendered":"<p>Peinture \u00e0 l\u2019huile sur toile (40&#215;50 cm hors cadre), de l\u2019\u00e9glise St Quirin de Luxembourg, sign\u00e9e et contre-sign\u00e9e par Jos\u00e9e Gloden, et dat\u00e9e \u00e0 l\u2019aari\u00e8re de 1968. Jos\u00e9e Gloden (1915-1998) est une artiste luxembourgeoise. El\u00e8ve chez Carine Meyers-Urban, Jos\u00e9e Gloden a fait partie du Cercle Artistique de Luxembourg de 1952 \u00e0 1960. Elle a particip\u00e9&hellip;&nbsp;<a href=\"https:\/\/legrenierdelatour.be\/brocante\/produit\/peinture-eglise-st-quirin-de-luxembourg-josee-gloden-1968\/\" class=\"\" rel=\"bookmark\">Lire la suite &raquo;<span class=\"screen-reader-text\">Peinture Eglise St Quirin de Luxembourg, Jos\u00e9e Gloden, 1968<\/span><\/a><\/p>\n","protected":false},"featured_media":7914,"comment_status":"open","ping_status":"closed","template":"","meta":{"neve_meta_sidebar":"","neve_meta_container":"","neve_meta_enable_content_width":"off","neve_meta_content_width":100,"neve_meta_title_alignment":"","neve_meta_author_avatar":"","neve_post_elements_order":"","neve_meta_disable_header":"","neve_meta_disable_footer":"","neve_meta_disable_title":""},"product_brand":[],"product_cat":[30,166,167],"product_tag":[],"class_list":{"0":"post-7913","1":"product","2":"type-product","3":"status-publish","4":"has-post-thumbnail","6":"product_cat-luxemburgensia","7":"product_cat-luxemburgensia-luxemburgensia","8":"product_cat-peintures-et-sculptures","10":"first","11":"instock","12":"shipping-taxable","13":"purchasable","14":"product-type-simple"},"_links":{"self":[{"href":"https:\/\/legrenierdelatour.be\/brocante\/wp-json\/wp\/v2\/product\/7913","targetHints":{"allow":["GET"]}}],"collection":[{"href":"https:\/\/legrenierdelatour.be\/brocante\/wp-json\/wp\/v2\/product"}],"about":[{"href":"https:\/\/legrenierdelatour.be\/brocante\/wp-json\/wp\/v2\/types\/product"}],"replies":[{"embeddable":true,"href":"https:\/\/legrenierdelatour.be\/brocante\/wp-json\/wp\/v2\/comments?post=7913"}],"wp:featuredmedia":[{"embeddable":true,"href":"https:\/\/legrenierdelatour.be\/brocante\/wp-json\/wp\/v2\/media\/7914"}],"wp:attachment":[{"href":"https:\/\/legrenierdelatour.be\/brocante\/wp-json\/wp\/v2\/media?parent=7913"}],"wp:term":[{"taxonomy":"product_brand","embeddable":true,"href":"https:\/\/legrenierdelatour.be\/brocante\/wp-json\/wp\/v2\/product_brand?post=7913"},{"taxonomy":"product_cat","embeddable":true,"href":"https:\/\/legrenierdelatour.be\/brocante\/wp-json\/wp\/v2\/product_cat?post=7913"},{"taxonomy":"product_tag","embeddable":true,"href":"https:\/\/legrenierdelatour.be\/brocante\/wp-json\/wp\/v2\/product_tag?post=7913"}],"curies":[{"name":"wp","href":"https:\/\/api.w.org\/{rel}","templated":true}]}}