{"id":7909,"date":"2024-05-19T18:05:03","date_gmt":"2024-05-19T16:05:03","guid":{"rendered":"https:\/\/legrenierdelatour.be\/brocante\/?post_type=product&#038;p=7909"},"modified":"2024-05-19T18:05:03","modified_gmt":"2024-05-19T16:05:03","slug":"assiette-watteau-villeroy-boch-1900","status":"publish","type":"product","link":"https:\/\/legrenierdelatour.be\/brocante\/produit\/assiette-watteau-villeroy-boch-1900\/","title":{"rendered":"Assiette Watteau, Villeroy &#038; Boch, 1900"},"content":{"rendered":"<p>Belle assiette (26 cm de diam\u00e8tre) portant une repr\u00e9sentation romantique d\u2019un couple \u00e0 cheval. Cette assiette a \u00e9t\u00e9 produite par Villeroy et Boch Mettlach, et fait partie de la collection Watteau. Cette assiette date sans doute des ann\u00e9es 1900. Elle est en parfait \u00e9tat.<\/p>\n<div>R\u00e9f 30.55<\/div>\n","protected":false},"excerpt":{"rendered":"<p>Belle assiette (26 cm de diam\u00e8tre) portant une repr\u00e9sentation romantique d\u2019un couple \u00e0 cheval. Cette assiette a \u00e9t\u00e9 produite par Villeroy et Boch Mettlach, et fait partie de la collection Watteau. Cette assiette date sans doute des ann\u00e9es 1900. Elle est en parfait \u00e9tat. R\u00e9f 30.55<\/p>\n","protected":false},"featured_media":7910,"comment_status":"open","ping_status":"closed","template":"","meta":{"neve_meta_sidebar":"","neve_meta_container":"","neve_meta_enable_content_width":"off","neve_meta_content_width":100,"neve_meta_title_alignment":"","neve_meta_author_avatar":"","neve_post_elements_order":"","neve_meta_disable_header":"","neve_meta_disable_footer":"","neve_meta_disable_title":""},"product_brand":[],"product_cat":[16,29],"product_tag":[],"class_list":{"0":"post-7909","1":"product","2":"type-product","3":"status-publish","4":"has-post-thumbnail","6":"product_cat-ceramique","7":"product_cat-villeroy-boch","9":"first","10":"instock","11":"shipping-taxable","12":"purchasable","13":"product-type-simple"},"_links":{"self":[{"href":"https:\/\/legrenierdelatour.be\/brocante\/wp-json\/wp\/v2\/product\/7909","targetHints":{"allow":["GET"]}}],"collection":[{"href":"https:\/\/legrenierdelatour.be\/brocante\/wp-json\/wp\/v2\/product"}],"about":[{"href":"https:\/\/legrenierdelatour.be\/brocante\/wp-json\/wp\/v2\/types\/product"}],"replies":[{"embeddable":true,"href":"https:\/\/legrenierdelatour.be\/brocante\/wp-json\/wp\/v2\/comments?post=7909"}],"wp:featuredmedia":[{"embeddable":true,"href":"https:\/\/legrenierdelatour.be\/brocante\/wp-json\/wp\/v2\/media\/7910"}],"wp:attachment":[{"href":"https:\/\/legrenierdelatour.be\/brocante\/wp-json\/wp\/v2\/media?parent=7909"}],"wp:term":[{"taxonomy":"product_brand","embeddable":true,"href":"https:\/\/legrenierdelatour.be\/brocante\/wp-json\/wp\/v2\/product_brand?post=7909"},{"taxonomy":"product_cat","embeddable":true,"href":"https:\/\/legrenierdelatour.be\/brocante\/wp-json\/wp\/v2\/product_cat?post=7909"},{"taxonomy":"product_tag","embeddable":true,"href":"https:\/\/legrenierdelatour.be\/brocante\/wp-json\/wp\/v2\/product_tag?post=7909"}],"curies":[{"name":"wp","href":"https:\/\/api.w.org\/{rel}","templated":true}]}}