{"id":7892,"date":"2024-05-19T16:23:57","date_gmt":"2024-05-19T14:23:57","guid":{"rendered":"https:\/\/legrenierdelatour.be\/brocante\/?post_type=product&#038;p=7892"},"modified":"2024-05-19T16:23:57","modified_gmt":"2024-05-19T14:23:57","slug":"huile-la-fagne-joseph-kinot-1953","status":"publish","type":"product","link":"https:\/\/legrenierdelatour.be\/brocante\/produit\/huile-la-fagne-joseph-kinot-1953\/","title":{"rendered":"Huile \u00ab\u00a0La Fagne\u00a0\u00bb, Joseph Kinot 1953"},"content":{"rendered":"<p>Peinture \u00e0 l\u2019huile sur toile (29,5&#215;40 cm) r\u00e9alis\u00e9e par Joseph Kinot (1903 Marche &#8211; 1968 Li\u00e8ge), peintre qui fait partie de l&rsquo;Ecole li\u00e9geoise du Paysage. Sa principale source d\u2019inspiration se situe en Ardenne, mais l\u2019influence des impressionnistes fran\u00e7ais fut d\u00e9terminante. Ce tableau repr\u00e9sente (notice \u00e0 l\u2019arri\u00e8re) \u00ab\u00a0La Fagne\u00a0\u00bb et est dat\u00e9e (\u00e0 l\u2019arri\u00e8re) de 1953. Le tableau est d\u2019une belle texture et en parfait \u00e9tat.<\/p>\n<div>R\u00e9f 30.52<\/div>\n","protected":false},"excerpt":{"rendered":"<p>Peinture \u00e0 l\u2019huile sur toile (29,5&#215;40 cm) r\u00e9alis\u00e9e par Joseph Kinot (1903 Marche &#8211; 1968 Li\u00e8ge), peintre qui fait partie de l&rsquo;Ecole li\u00e9geoise du Paysage. Sa principale source d\u2019inspiration se situe en Ardenne, mais l\u2019influence des impressionnistes fran\u00e7ais fut d\u00e9terminante. Ce tableau repr\u00e9sente (notice \u00e0 l\u2019arri\u00e8re) \u00ab\u00a0La Fagne\u00a0\u00bb et est dat\u00e9e (\u00e0 l\u2019arri\u00e8re) de 1953.&hellip;&nbsp;<a href=\"https:\/\/legrenierdelatour.be\/brocante\/produit\/huile-la-fagne-joseph-kinot-1953\/\" class=\"\" rel=\"bookmark\">Lire la suite &raquo;<span class=\"screen-reader-text\">Huile \u00ab\u00a0La Fagne\u00a0\u00bb, Joseph Kinot 1953<\/span><\/a><\/p>\n","protected":false},"featured_media":7893,"comment_status":"open","ping_status":"closed","template":"","meta":{"neve_meta_sidebar":"","neve_meta_container":"","neve_meta_enable_content_width":"off","neve_meta_content_width":100,"neve_meta_title_alignment":"","neve_meta_author_avatar":"","neve_post_elements_order":"","neve_meta_disable_header":"","neve_meta_disable_footer":"","neve_meta_disable_title":""},"product_brand":[],"product_cat":[167],"product_tag":[],"class_list":{"0":"post-7892","1":"product","2":"type-product","3":"status-publish","4":"has-post-thumbnail","6":"product_cat-peintures-et-sculptures","8":"first","9":"instock","10":"shipping-taxable","11":"purchasable","12":"product-type-simple"},"_links":{"self":[{"href":"https:\/\/legrenierdelatour.be\/brocante\/wp-json\/wp\/v2\/product\/7892","targetHints":{"allow":["GET"]}}],"collection":[{"href":"https:\/\/legrenierdelatour.be\/brocante\/wp-json\/wp\/v2\/product"}],"about":[{"href":"https:\/\/legrenierdelatour.be\/brocante\/wp-json\/wp\/v2\/types\/product"}],"replies":[{"embeddable":true,"href":"https:\/\/legrenierdelatour.be\/brocante\/wp-json\/wp\/v2\/comments?post=7892"}],"wp:featuredmedia":[{"embeddable":true,"href":"https:\/\/legrenierdelatour.be\/brocante\/wp-json\/wp\/v2\/media\/7893"}],"wp:attachment":[{"href":"https:\/\/legrenierdelatour.be\/brocante\/wp-json\/wp\/v2\/media?parent=7892"}],"wp:term":[{"taxonomy":"product_brand","embeddable":true,"href":"https:\/\/legrenierdelatour.be\/brocante\/wp-json\/wp\/v2\/product_brand?post=7892"},{"taxonomy":"product_cat","embeddable":true,"href":"https:\/\/legrenierdelatour.be\/brocante\/wp-json\/wp\/v2\/product_cat?post=7892"},{"taxonomy":"product_tag","embeddable":true,"href":"https:\/\/legrenierdelatour.be\/brocante\/wp-json\/wp\/v2\/product_tag?post=7892"}],"curies":[{"name":"wp","href":"https:\/\/api.w.org\/{rel}","templated":true}]}}