{"id":7883,"date":"2024-05-03T21:13:49","date_gmt":"2024-05-03T19:13:49","guid":{"rendered":"https:\/\/legrenierdelatour.be\/brocante\/?post_type=product&#038;p=7883"},"modified":"2024-05-03T21:13:49","modified_gmt":"2024-05-03T19:13:49","slug":"vide-poche-perroquet-haviland-alain-thomas","status":"publish","type":"product","link":"https:\/\/legrenierdelatour.be\/brocante\/produit\/vide-poche-perroquet-haviland-alain-thomas\/","title":{"rendered":"Vide-poche Perroquet, Haviland, Alain Thomas"},"content":{"rendered":"<div>Petit vide-poche (10 cm de c\u00f4t\u00e9) en porcelaine repr\u00e9sentant un perroquet. Il est sign\u00e9 Alain Thomas, et il s\u2019agit de la collection \u00ab\u00a0Le Bestiaire\u00a0\u00bb de la manufacture Haviland. Alain Thomas (n\u00e9 en 1942) est un peintre reconnu comme chef de file de la peinture \u00ab\u00a0na\u00efve-primitive\u00a0\u00bb. Depuis 2003, il cr\u00e9e avec la manufacture Havilandune collection de table.<\/div>\n<div>R\u00e9f 30.48<\/div>\n","protected":false},"excerpt":{"rendered":"<p>Petit vide-poche (10 cm de c\u00f4t\u00e9) en porcelaine repr\u00e9sentant un perroquet. Il est sign\u00e9 Alain Thomas, et il s\u2019agit de la collection \u00ab\u00a0Le Bestiaire\u00a0\u00bb de la manufacture Haviland. Alain Thomas (n\u00e9 en 1942) est un peintre reconnu comme chef de file de la peinture \u00ab\u00a0na\u00efve-primitive\u00a0\u00bb. Depuis 2003, il cr\u00e9e avec la manufacture Havilandune collection de&hellip;&nbsp;<a href=\"https:\/\/legrenierdelatour.be\/brocante\/produit\/vide-poche-perroquet-haviland-alain-thomas\/\" class=\"\" rel=\"bookmark\">Lire la suite &raquo;<span class=\"screen-reader-text\">Vide-poche Perroquet, Haviland, Alain Thomas<\/span><\/a><\/p>\n","protected":false},"featured_media":7884,"comment_status":"open","ping_status":"closed","template":"","meta":{"neve_meta_sidebar":"","neve_meta_container":"","neve_meta_enable_content_width":"off","neve_meta_content_width":100,"neve_meta_title_alignment":"","neve_meta_author_avatar":"","neve_post_elements_order":"","neve_meta_disable_header":"","neve_meta_disable_footer":"","neve_meta_disable_title":""},"product_brand":[],"product_cat":[16,59,167],"product_tag":[],"class_list":{"0":"post-7883","1":"product","2":"type-product","3":"status-publish","4":"has-post-thumbnail","6":"product_cat-ceramique","7":"product_cat-france","8":"product_cat-peintures-et-sculptures","10":"first","11":"instock","12":"shipping-taxable","13":"purchasable","14":"product-type-simple"},"_links":{"self":[{"href":"https:\/\/legrenierdelatour.be\/brocante\/wp-json\/wp\/v2\/product\/7883","targetHints":{"allow":["GET"]}}],"collection":[{"href":"https:\/\/legrenierdelatour.be\/brocante\/wp-json\/wp\/v2\/product"}],"about":[{"href":"https:\/\/legrenierdelatour.be\/brocante\/wp-json\/wp\/v2\/types\/product"}],"replies":[{"embeddable":true,"href":"https:\/\/legrenierdelatour.be\/brocante\/wp-json\/wp\/v2\/comments?post=7883"}],"wp:featuredmedia":[{"embeddable":true,"href":"https:\/\/legrenierdelatour.be\/brocante\/wp-json\/wp\/v2\/media\/7884"}],"wp:attachment":[{"href":"https:\/\/legrenierdelatour.be\/brocante\/wp-json\/wp\/v2\/media?parent=7883"}],"wp:term":[{"taxonomy":"product_brand","embeddable":true,"href":"https:\/\/legrenierdelatour.be\/brocante\/wp-json\/wp\/v2\/product_brand?post=7883"},{"taxonomy":"product_cat","embeddable":true,"href":"https:\/\/legrenierdelatour.be\/brocante\/wp-json\/wp\/v2\/product_cat?post=7883"},{"taxonomy":"product_tag","embeddable":true,"href":"https:\/\/legrenierdelatour.be\/brocante\/wp-json\/wp\/v2\/product_tag?post=7883"}],"curies":[{"name":"wp","href":"https:\/\/api.w.org\/{rel}","templated":true}]}}