{"id":7877,"date":"2024-05-03T20:39:19","date_gmt":"2024-05-03T18:39:19","guid":{"rendered":"https:\/\/legrenierdelatour.be\/brocante\/?post_type=product&#038;p=7877"},"modified":"2024-05-03T20:39:19","modified_gmt":"2024-05-03T18:39:19","slug":"petite-assiette-croix-rouge-de-belgique-coceram","status":"publish","type":"product","link":"https:\/\/legrenierdelatour.be\/brocante\/produit\/petite-assiette-croix-rouge-de-belgique-coceram\/","title":{"rendered":"Petite assiette Croix rouge de Belgique, Coceram"},"content":{"rendered":"<p>Petite assiette (12 cm de diam\u00e8tre) \u00e9dit\u00e9e pour \u00abCroix rouge de Belgique &#8211; Donneur de sang &#8211; Sauveur de vies \u00bb avec inscription au dos de l&rsquo;assiette. Elle porte le cachet de la manufacture Coceram (1947-1960) \u00e0 Quaregnon Belgium. Elle a sans doute \u00e9t\u00e9 offerte aux donneurs de sang, et date des ann\u00e9es 1950.<\/p>\n<div>R\u00e9f 30.46<\/div>\n","protected":false},"excerpt":{"rendered":"<p>Petite assiette (12 cm de diam\u00e8tre) \u00e9dit\u00e9e pour \u00abCroix rouge de Belgique &#8211; Donneur de sang &#8211; Sauveur de vies \u00bb avec inscription au dos de l&rsquo;assiette. Elle porte le cachet de la manufacture Coceram (1947-1960) \u00e0 Quaregnon Belgium. Elle a sans doute \u00e9t\u00e9 offerte aux donneurs de sang, et date des ann\u00e9es 1950. R\u00e9f&hellip;&nbsp;<a href=\"https:\/\/legrenierdelatour.be\/brocante\/produit\/petite-assiette-croix-rouge-de-belgique-coceram\/\" class=\"\" rel=\"bookmark\">Lire la suite &raquo;<span class=\"screen-reader-text\">Petite assiette Croix rouge de Belgique, Coceram<\/span><\/a><\/p>\n","protected":false},"featured_media":7878,"comment_status":"open","ping_status":"closed","template":"","meta":{"neve_meta_sidebar":"","neve_meta_container":"","neve_meta_enable_content_width":"off","neve_meta_content_width":100,"neve_meta_title_alignment":"","neve_meta_author_avatar":"","neve_post_elements_order":"","neve_meta_disable_header":"","neve_meta_disable_footer":"","neve_meta_disable_title":""},"product_brand":[],"product_cat":[37,174,16,173],"product_tag":[],"class_list":{"0":"post-7877","1":"product","2":"type-product","3":"status-publish","4":"has-post-thumbnail","6":"product_cat-belgique","7":"product_cat-coceram","8":"product_cat-ceramique","9":"product_cat-objets-de-publicite","11":"first","12":"instock","13":"shipping-taxable","14":"purchasable","15":"product-type-simple"},"_links":{"self":[{"href":"https:\/\/legrenierdelatour.be\/brocante\/wp-json\/wp\/v2\/product\/7877","targetHints":{"allow":["GET"]}}],"collection":[{"href":"https:\/\/legrenierdelatour.be\/brocante\/wp-json\/wp\/v2\/product"}],"about":[{"href":"https:\/\/legrenierdelatour.be\/brocante\/wp-json\/wp\/v2\/types\/product"}],"replies":[{"embeddable":true,"href":"https:\/\/legrenierdelatour.be\/brocante\/wp-json\/wp\/v2\/comments?post=7877"}],"wp:featuredmedia":[{"embeddable":true,"href":"https:\/\/legrenierdelatour.be\/brocante\/wp-json\/wp\/v2\/media\/7878"}],"wp:attachment":[{"href":"https:\/\/legrenierdelatour.be\/brocante\/wp-json\/wp\/v2\/media?parent=7877"}],"wp:term":[{"taxonomy":"product_brand","embeddable":true,"href":"https:\/\/legrenierdelatour.be\/brocante\/wp-json\/wp\/v2\/product_brand?post=7877"},{"taxonomy":"product_cat","embeddable":true,"href":"https:\/\/legrenierdelatour.be\/brocante\/wp-json\/wp\/v2\/product_cat?post=7877"},{"taxonomy":"product_tag","embeddable":true,"href":"https:\/\/legrenierdelatour.be\/brocante\/wp-json\/wp\/v2\/product_tag?post=7877"}],"curies":[{"name":"wp","href":"https:\/\/api.w.org\/{rel}","templated":true}]}}