{"id":7866,"date":"2024-05-03T20:07:42","date_gmt":"2024-05-03T18:07:42","guid":{"rendered":"https:\/\/legrenierdelatour.be\/brocante\/?post_type=product&#038;p=7866"},"modified":"2025-06-02T14:38:57","modified_gmt":"2025-06-02T12:38:57","slug":"ramequins-vereco-vintage","status":"publish","type":"product","link":"https:\/\/legrenierdelatour.be\/brocante\/produit\/ramequins-vereco-vintage\/","title":{"rendered":"Ramequins Vereco Vintage"},"content":{"rendered":"<p>Ramequins (10,5 cm de c\u00f4t\u00e9) en verre color\u00e9, datant sans doute des ann\u00e9es 1970. Ils sont marqu\u00e9s dessous Vereco, France.<\/p>\n<div>2 ramequins disponibles (un jaune et un bleu). Ils sont vendus \u00e0 la pi\u00e8ce au prix de 3\u20ac.<\/div>\n<div>R\u00e9f 30.43<\/div>\n","protected":false},"excerpt":{"rendered":"<p>Ramequins (10,5 cm de c\u00f4t\u00e9) en verre color\u00e9, datant sans doute des ann\u00e9es 1970. Ils sont marqu\u00e9s dessous Vereco, France. 2 ramequins disponibles (un jaune et un bleu). Ils sont vendus \u00e0 la pi\u00e8ce au prix de 3\u20ac. R\u00e9f 30.43<\/p>\n","protected":false},"featured_media":7867,"comment_status":"open","ping_status":"closed","template":"","meta":{"neve_meta_sidebar":"","neve_meta_container":"","neve_meta_enable_content_width":"off","neve_meta_content_width":100,"neve_meta_title_alignment":"","neve_meta_author_avatar":"","neve_post_elements_order":"","neve_meta_disable_header":"","neve_meta_disable_footer":"","neve_meta_disable_title":""},"product_brand":[],"product_cat":[172,163,22],"product_tag":[],"class_list":{"0":"post-7866","1":"product","2":"type-product","3":"status-publish","4":"has-post-thumbnail","6":"product_cat-en-cuisine","7":"product_cat-productions-francaises","8":"product_cat-verrerie","10":"first","11":"instock","12":"shipping-taxable","13":"purchasable","14":"product-type-simple"},"_links":{"self":[{"href":"https:\/\/legrenierdelatour.be\/brocante\/wp-json\/wp\/v2\/product\/7866","targetHints":{"allow":["GET"]}}],"collection":[{"href":"https:\/\/legrenierdelatour.be\/brocante\/wp-json\/wp\/v2\/product"}],"about":[{"href":"https:\/\/legrenierdelatour.be\/brocante\/wp-json\/wp\/v2\/types\/product"}],"replies":[{"embeddable":true,"href":"https:\/\/legrenierdelatour.be\/brocante\/wp-json\/wp\/v2\/comments?post=7866"}],"wp:featuredmedia":[{"embeddable":true,"href":"https:\/\/legrenierdelatour.be\/brocante\/wp-json\/wp\/v2\/media\/7867"}],"wp:attachment":[{"href":"https:\/\/legrenierdelatour.be\/brocante\/wp-json\/wp\/v2\/media?parent=7866"}],"wp:term":[{"taxonomy":"product_brand","embeddable":true,"href":"https:\/\/legrenierdelatour.be\/brocante\/wp-json\/wp\/v2\/product_brand?post=7866"},{"taxonomy":"product_cat","embeddable":true,"href":"https:\/\/legrenierdelatour.be\/brocante\/wp-json\/wp\/v2\/product_cat?post=7866"},{"taxonomy":"product_tag","embeddable":true,"href":"https:\/\/legrenierdelatour.be\/brocante\/wp-json\/wp\/v2\/product_tag?post=7866"}],"curies":[{"name":"wp","href":"https:\/\/api.w.org\/{rel}","templated":true}]}}