{"id":7855,"date":"2024-05-03T19:13:12","date_gmt":"2024-05-03T17:13:12","guid":{"rendered":"https:\/\/legrenierdelatour.be\/brocante\/?post_type=product&#038;p=7855"},"modified":"2025-09-12T13:28:45","modified_gmt":"2025-09-12T11:28:45","slug":"tasses-plastique-et-verre-vintage","status":"publish","type":"product","link":"https:\/\/legrenierdelatour.be\/brocante\/produit\/tasses-plastique-et-verre-vintage\/","title":{"rendered":"Tasses plastique et verre, vintage"},"content":{"rendered":"<p>Tasses compos\u00e9e d\u2019un verre amovible (7 cm de haut) et une base de plastique. La base ne porte pas de marque, sans pr\u00e9cision de manufacture. Elles datent sans doute des ann\u00e9es 1970.<\/p>\n<div>\n<p>2 exemplaires rouges vendus s\u00e9par\u00e9ment au prix de 6\u20ac.<\/p>\n<div>R\u00e9f 30.38<\/div>\n<\/div>\n","protected":false},"excerpt":{"rendered":"<p>Tasses compos\u00e9e d\u2019un verre amovible (7 cm de haut) et une base de plastique. La base ne porte pas de marque, sans pr\u00e9cision de manufacture. Elles datent sans doute des ann\u00e9es 1970. 2 exemplaires rouges vendus s\u00e9par\u00e9ment au prix de 6\u20ac. R\u00e9f 30.38<\/p>\n","protected":false},"featured_media":7856,"comment_status":"open","ping_status":"closed","template":"","meta":{"neve_meta_sidebar":"","neve_meta_container":"","neve_meta_enable_content_width":"off","neve_meta_content_width":100,"neve_meta_title_alignment":"","neve_meta_author_avatar":"","neve_post_elements_order":"","neve_meta_disable_header":"","neve_meta_disable_footer":"","neve_meta_disable_title":""},"product_brand":[],"product_cat":[172],"product_tag":[28],"class_list":{"0":"post-7855","1":"product","2":"type-product","3":"status-publish","4":"has-post-thumbnail","6":"product_cat-en-cuisine","7":"product_tag-vintage","9":"first","10":"instock","11":"shipping-taxable","12":"purchasable","13":"product-type-simple"},"_links":{"self":[{"href":"https:\/\/legrenierdelatour.be\/brocante\/wp-json\/wp\/v2\/product\/7855","targetHints":{"allow":["GET"]}}],"collection":[{"href":"https:\/\/legrenierdelatour.be\/brocante\/wp-json\/wp\/v2\/product"}],"about":[{"href":"https:\/\/legrenierdelatour.be\/brocante\/wp-json\/wp\/v2\/types\/product"}],"replies":[{"embeddable":true,"href":"https:\/\/legrenierdelatour.be\/brocante\/wp-json\/wp\/v2\/comments?post=7855"}],"wp:featuredmedia":[{"embeddable":true,"href":"https:\/\/legrenierdelatour.be\/brocante\/wp-json\/wp\/v2\/media\/7856"}],"wp:attachment":[{"href":"https:\/\/legrenierdelatour.be\/brocante\/wp-json\/wp\/v2\/media?parent=7855"}],"wp:term":[{"taxonomy":"product_brand","embeddable":true,"href":"https:\/\/legrenierdelatour.be\/brocante\/wp-json\/wp\/v2\/product_brand?post=7855"},{"taxonomy":"product_cat","embeddable":true,"href":"https:\/\/legrenierdelatour.be\/brocante\/wp-json\/wp\/v2\/product_cat?post=7855"},{"taxonomy":"product_tag","embeddable":true,"href":"https:\/\/legrenierdelatour.be\/brocante\/wp-json\/wp\/v2\/product_tag?post=7855"}],"curies":[{"name":"wp","href":"https:\/\/api.w.org\/{rel}","templated":true}]}}