{"id":7838,"date":"2024-05-01T18:40:10","date_gmt":"2024-05-01T16:40:10","guid":{"rendered":"https:\/\/legrenierdelatour.be\/brocante\/?post_type=product&#038;p=7838"},"modified":"2024-05-01T18:40:10","modified_gmt":"2024-05-01T16:40:10","slug":"plaque-en-faience-st-donat-arlon-arels-club","status":"publish","type":"product","link":"https:\/\/legrenierdelatour.be\/brocante\/produit\/plaque-en-faience-st-donat-arlon-arels-club\/","title":{"rendered":"Plaque en fa\u00efence, St Donat Arlon, Arels-Club"},"content":{"rendered":"<p>Plaque en fa\u00efence (20&#215;15 cm) \u00e9dit\u00e9e par les Marcheurs de l\u2019arles-club, et repr\u00e9snetant Saint Donat Arlon. Cette plaque a \u00e9t\u00e9 produite par Villeroy &amp; Boch en Allemagne, sans doute dans les ann\u00e9es 1980. Elle est en parfait \u00e9tat.<\/p>\n<div>R\u00e9f 30.32<\/div>\n","protected":false},"excerpt":{"rendered":"<p>Plaque en fa\u00efence (20&#215;15 cm) \u00e9dit\u00e9e par les Marcheurs de l\u2019arles-club, et repr\u00e9snetant Saint Donat Arlon. Cette plaque a \u00e9t\u00e9 produite par Villeroy &amp; Boch en Allemagne, sans doute dans les ann\u00e9es 1980. Elle est en parfait \u00e9tat. R\u00e9f 30.32<\/p>\n","protected":false},"featured_media":7839,"comment_status":"open","ping_status":"closed","template":"","meta":{"neve_meta_sidebar":"","neve_meta_container":"","neve_meta_enable_content_width":"off","neve_meta_content_width":100,"neve_meta_title_alignment":"","neve_meta_author_avatar":"","neve_post_elements_order":"","neve_meta_disable_header":"","neve_meta_disable_footer":"","neve_meta_disable_title":""},"product_brand":[],"product_cat":[16,165,30,31,29],"product_tag":[],"class_list":{"0":"post-7838","1":"product","2":"type-product","3":"status-publish","4":"has-post-thumbnail","6":"product_cat-ceramique","7":"product_cat-luxembourg","8":"product_cat-luxemburgensia","9":"product_cat-pays-darlon","10":"product_cat-villeroy-boch","12":"first","13":"instock","14":"shipping-taxable","15":"purchasable","16":"product-type-simple"},"_links":{"self":[{"href":"https:\/\/legrenierdelatour.be\/brocante\/wp-json\/wp\/v2\/product\/7838","targetHints":{"allow":["GET"]}}],"collection":[{"href":"https:\/\/legrenierdelatour.be\/brocante\/wp-json\/wp\/v2\/product"}],"about":[{"href":"https:\/\/legrenierdelatour.be\/brocante\/wp-json\/wp\/v2\/types\/product"}],"replies":[{"embeddable":true,"href":"https:\/\/legrenierdelatour.be\/brocante\/wp-json\/wp\/v2\/comments?post=7838"}],"wp:featuredmedia":[{"embeddable":true,"href":"https:\/\/legrenierdelatour.be\/brocante\/wp-json\/wp\/v2\/media\/7839"}],"wp:attachment":[{"href":"https:\/\/legrenierdelatour.be\/brocante\/wp-json\/wp\/v2\/media?parent=7838"}],"wp:term":[{"taxonomy":"product_brand","embeddable":true,"href":"https:\/\/legrenierdelatour.be\/brocante\/wp-json\/wp\/v2\/product_brand?post=7838"},{"taxonomy":"product_cat","embeddable":true,"href":"https:\/\/legrenierdelatour.be\/brocante\/wp-json\/wp\/v2\/product_cat?post=7838"},{"taxonomy":"product_tag","embeddable":true,"href":"https:\/\/legrenierdelatour.be\/brocante\/wp-json\/wp\/v2\/product_tag?post=7838"}],"curies":[{"name":"wp","href":"https:\/\/api.w.org\/{rel}","templated":true}]}}