{"id":7817,"date":"2024-04-30T17:45:07","date_gmt":"2024-04-30T15:45:07","guid":{"rendered":"https:\/\/legrenierdelatour.be\/brocante\/?post_type=product&#038;p=7817"},"modified":"2024-04-30T17:45:07","modified_gmt":"2024-04-30T15:45:07","slug":"medaillon-de-la-vierge-platre-et-laiton19e-siecle","status":"publish","type":"product","link":"https:\/\/legrenierdelatour.be\/brocante\/produit\/medaillon-de-la-vierge-platre-et-laiton19e-siecle\/","title":{"rendered":"M\u00e9daillon de la Vierge, pl\u00e2tre et laiton,19\u00e8 si\u00e8cle"},"content":{"rendered":"<p>Beau m\u00e9daillon (6 cm de long) de la Vierge en pied, en pl\u00e2tre avec cerclage de laiton. Ce m\u00e9daillon du 19\u00e8 si\u00e8cle est en assez bon \u00e9tat, si ce n\u2019est un coup dans le cerclage de laiton. L\u2019anneau d\u2019attache a \u00e9galement disparu, ainsi que le verre bomb\u00e9 qui devait sans doute prot\u00e9ger la face du m\u00e9daillon.<\/p>\n<div>R\u00e9f 30.26<\/div>\n","protected":false},"excerpt":{"rendered":"<p>Beau m\u00e9daillon (6 cm de long) de la Vierge en pied, en pl\u00e2tre avec cerclage de laiton. Ce m\u00e9daillon du 19\u00e8 si\u00e8cle est en assez bon \u00e9tat, si ce n\u2019est un coup dans le cerclage de laiton. L\u2019anneau d\u2019attache a \u00e9galement disparu, ainsi que le verre bomb\u00e9 qui devait sans doute prot\u00e9ger la face du&hellip;&nbsp;<a href=\"https:\/\/legrenierdelatour.be\/brocante\/produit\/medaillon-de-la-vierge-platre-et-laiton19e-siecle\/\" class=\"\" rel=\"bookmark\">Lire la suite &raquo;<span class=\"screen-reader-text\">M\u00e9daillon de la Vierge, pl\u00e2tre et laiton,19\u00e8 si\u00e8cle<\/span><\/a><\/p>\n","protected":false},"featured_media":7818,"comment_status":"open","ping_status":"closed","template":"","meta":{"neve_meta_sidebar":"","neve_meta_container":"","neve_meta_enable_content_width":"off","neve_meta_content_width":100,"neve_meta_title_alignment":"","neve_meta_author_avatar":"","neve_post_elements_order":"","neve_meta_disable_header":"","neve_meta_disable_footer":"","neve_meta_disable_title":""},"product_brand":[],"product_cat":[34],"product_tag":[],"class_list":{"0":"post-7817","1":"product","2":"type-product","3":"status-publish","4":"has-post-thumbnail","6":"product_cat-religiosa","8":"first","9":"instock","10":"shipping-taxable","11":"purchasable","12":"product-type-simple"},"_links":{"self":[{"href":"https:\/\/legrenierdelatour.be\/brocante\/wp-json\/wp\/v2\/product\/7817","targetHints":{"allow":["GET"]}}],"collection":[{"href":"https:\/\/legrenierdelatour.be\/brocante\/wp-json\/wp\/v2\/product"}],"about":[{"href":"https:\/\/legrenierdelatour.be\/brocante\/wp-json\/wp\/v2\/types\/product"}],"replies":[{"embeddable":true,"href":"https:\/\/legrenierdelatour.be\/brocante\/wp-json\/wp\/v2\/comments?post=7817"}],"wp:featuredmedia":[{"embeddable":true,"href":"https:\/\/legrenierdelatour.be\/brocante\/wp-json\/wp\/v2\/media\/7818"}],"wp:attachment":[{"href":"https:\/\/legrenierdelatour.be\/brocante\/wp-json\/wp\/v2\/media?parent=7817"}],"wp:term":[{"taxonomy":"product_brand","embeddable":true,"href":"https:\/\/legrenierdelatour.be\/brocante\/wp-json\/wp\/v2\/product_brand?post=7817"},{"taxonomy":"product_cat","embeddable":true,"href":"https:\/\/legrenierdelatour.be\/brocante\/wp-json\/wp\/v2\/product_cat?post=7817"},{"taxonomy":"product_tag","embeddable":true,"href":"https:\/\/legrenierdelatour.be\/brocante\/wp-json\/wp\/v2\/product_tag?post=7817"}],"curies":[{"name":"wp","href":"https:\/\/api.w.org\/{rel}","templated":true}]}}