{"id":78,"date":"2022-02-09T16:59:48","date_gmt":"2022-02-09T15:59:48","guid":{"rendered":"https:\/\/legrenierdelatour.be\/brocante\/?post_type=product&#038;p=78"},"modified":"2022-05-19T17:47:51","modified_gmt":"2022-05-19T15:47:51","slug":"assiettes-marguerites-boch-la-louviere","status":"publish","type":"product","link":"https:\/\/legrenierdelatour.be\/brocante\/produit\/assiettes-marguerites-boch-la-louviere\/","title":{"rendered":"Assiettes \u00ab\u00a0Marguerites\u00a0\u00bb Boch La Louvi\u00e8re"},"content":{"rendered":"<p>Deux assiettes avec d\u00e9cor de \u00ab\u00a0Marguerites\u00a0\u00bben tr\u00e8s bon \u00e9tat de 23 cm de diam\u00e8tre. Cachet vert. Produites par Boch La Louvi\u00e8re vers 1960-70.<\/p>\n<p>El\u00e9ments de la m\u00eame collection en r\u00e9f 9.16, 11.2, 11.3, 11.4<\/p>\n<p>R\u00e9f 5.8<\/p>\n","protected":false},"excerpt":{"rendered":"<p>Deux assiettes avec d\u00e9cor de \u00ab\u00a0Marguerites\u00a0\u00bben tr\u00e8s bon \u00e9tat de 23 cm de diam\u00e8tre. Cachet vert. Produites par Boch La Louvi\u00e8re vers 1960-70. El\u00e9ments de la m\u00eame collection en r\u00e9f 9.16, 11.2, 11.3, 11.4 R\u00e9f 5.8<\/p>\n","protected":false},"featured_media":82,"comment_status":"open","ping_status":"closed","template":"","meta":{"neve_meta_sidebar":"","neve_meta_container":"","neve_meta_enable_content_width":"off","neve_meta_content_width":100,"neve_meta_title_alignment":"","neve_meta_author_avatar":"","neve_post_elements_order":"","neve_meta_disable_header":"","neve_meta_disable_footer":"","neve_meta_disable_title":""},"product_brand":[],"product_cat":[15,37,175,172,16],"product_tag":[20,19,28],"class_list":{"0":"post-78","1":"product","2":"type-product","3":"status-publish","4":"has-post-thumbnail","6":"product_cat-non-classe","7":"product_cat-belgique","8":"product_cat-boch","9":"product_cat-en-cuisine","10":"product_cat-ceramique","11":"product_tag-boch","12":"product_tag-faience","13":"product_tag-vintage","15":"first","16":"instock","17":"shipping-taxable","18":"purchasable","19":"product-type-simple"},"_links":{"self":[{"href":"https:\/\/legrenierdelatour.be\/brocante\/wp-json\/wp\/v2\/product\/78","targetHints":{"allow":["GET"]}}],"collection":[{"href":"https:\/\/legrenierdelatour.be\/brocante\/wp-json\/wp\/v2\/product"}],"about":[{"href":"https:\/\/legrenierdelatour.be\/brocante\/wp-json\/wp\/v2\/types\/product"}],"replies":[{"embeddable":true,"href":"https:\/\/legrenierdelatour.be\/brocante\/wp-json\/wp\/v2\/comments?post=78"}],"wp:featuredmedia":[{"embeddable":true,"href":"https:\/\/legrenierdelatour.be\/brocante\/wp-json\/wp\/v2\/media\/82"}],"wp:attachment":[{"href":"https:\/\/legrenierdelatour.be\/brocante\/wp-json\/wp\/v2\/media?parent=78"}],"wp:term":[{"taxonomy":"product_brand","embeddable":true,"href":"https:\/\/legrenierdelatour.be\/brocante\/wp-json\/wp\/v2\/product_brand?post=78"},{"taxonomy":"product_cat","embeddable":true,"href":"https:\/\/legrenierdelatour.be\/brocante\/wp-json\/wp\/v2\/product_cat?post=78"},{"taxonomy":"product_tag","embeddable":true,"href":"https:\/\/legrenierdelatour.be\/brocante\/wp-json\/wp\/v2\/product_tag?post=78"}],"curies":[{"name":"wp","href":"https:\/\/api.w.org\/{rel}","templated":true}]}}