{"id":7794,"date":"2024-04-30T13:00:09","date_gmt":"2024-04-30T11:00:09","guid":{"rendered":"https:\/\/legrenierdelatour.be\/brocante\/?post_type=product&#038;p=7794"},"modified":"2024-04-30T13:00:10","modified_gmt":"2024-04-30T11:00:10","slug":"plat-luxval-severina-art-deco-5","status":"publish","type":"product","link":"https:\/\/legrenierdelatour.be\/brocante\/produit\/plat-luxval-severina-art-deco-5\/","title":{"rendered":"Plat Luxval S\u00e9v\u00e9rina, Art d\u00e9co"},"content":{"rendered":"<p>Petit plat en verre rosaline moul\u00e9 (14 cm de diam\u00e8tre) produite par Luxval dans la collection S\u00e9v\u00e9rina. Il s&rsquo;agit d&rsquo;un design de Charles Graffart et Ren\u00e9 Delvenne. Il est en parfait \u00e9tat.<\/p>\n<div>R\u00e9f 30.19<\/div>\n","protected":false},"excerpt":{"rendered":"<p>Petit plat en verre rosaline moul\u00e9 (14 cm de diam\u00e8tre) produite par Luxval dans la collection S\u00e9v\u00e9rina. Il s&rsquo;agit d&rsquo;un design de Charles Graffart et Ren\u00e9 Delvenne. Il est en parfait \u00e9tat. R\u00e9f 30.19<\/p>\n","protected":false},"featured_media":7792,"comment_status":"open","ping_status":"closed","template":"","meta":{"neve_meta_sidebar":"","neve_meta_container":"","neve_meta_enable_content_width":"off","neve_meta_content_width":100,"neve_meta_title_alignment":"","neve_meta_author_avatar":"","neve_post_elements_order":"","neve_meta_disable_header":"","neve_meta_disable_footer":"","neve_meta_disable_title":""},"product_brand":[],"product_cat":[64,162,63,22],"product_tag":[],"class_list":{"0":"post-7794","1":"product","2":"type-product","3":"status-publish","4":"has-post-thumbnail","6":"product_cat-luxval","7":"product_cat-productions-belges","8":"product_cat-val-saint-lambert","9":"product_cat-verrerie","11":"first","12":"instock","13":"shipping-taxable","14":"purchasable","15":"product-type-simple"},"_links":{"self":[{"href":"https:\/\/legrenierdelatour.be\/brocante\/wp-json\/wp\/v2\/product\/7794","targetHints":{"allow":["GET"]}}],"collection":[{"href":"https:\/\/legrenierdelatour.be\/brocante\/wp-json\/wp\/v2\/product"}],"about":[{"href":"https:\/\/legrenierdelatour.be\/brocante\/wp-json\/wp\/v2\/types\/product"}],"replies":[{"embeddable":true,"href":"https:\/\/legrenierdelatour.be\/brocante\/wp-json\/wp\/v2\/comments?post=7794"}],"wp:featuredmedia":[{"embeddable":true,"href":"https:\/\/legrenierdelatour.be\/brocante\/wp-json\/wp\/v2\/media\/7792"}],"wp:attachment":[{"href":"https:\/\/legrenierdelatour.be\/brocante\/wp-json\/wp\/v2\/media?parent=7794"}],"wp:term":[{"taxonomy":"product_brand","embeddable":true,"href":"https:\/\/legrenierdelatour.be\/brocante\/wp-json\/wp\/v2\/product_brand?post=7794"},{"taxonomy":"product_cat","embeddable":true,"href":"https:\/\/legrenierdelatour.be\/brocante\/wp-json\/wp\/v2\/product_cat?post=7794"},{"taxonomy":"product_tag","embeddable":true,"href":"https:\/\/legrenierdelatour.be\/brocante\/wp-json\/wp\/v2\/product_tag?post=7794"}],"curies":[{"name":"wp","href":"https:\/\/api.w.org\/{rel}","templated":true}]}}