{"id":7786,"date":"2024-04-30T11:13:09","date_gmt":"2024-04-30T09:13:09","guid":{"rendered":"https:\/\/legrenierdelatour.be\/brocante\/?post_type=product&#038;p=7786"},"modified":"2024-04-30T11:13:09","modified_gmt":"2024-04-30T09:13:09","slug":"soupiere-mitterteich-memphis","status":"publish","type":"product","link":"https:\/\/legrenierdelatour.be\/brocante\/produit\/soupiere-mitterteich-memphis\/","title":{"rendered":"Soupi\u00e8re Mitterteich, Memphis"},"content":{"rendered":"<p>Belle soupi\u00e8re (26 cm de diam\u00e8tre) en porcelaine blanche, de la manufacture Mitterteich en Allemagne Bavi\u00e8re. Cette soupi\u00e8re de style contemporain, est issu de la collection Memphis et date des ann\u00e9es 1980. Elle est en parfait \u00e9tat.<\/p>\n<div>R\u00e9f 30.15<\/div>\n","protected":false},"excerpt":{"rendered":"<p>Belle soupi\u00e8re (26 cm de diam\u00e8tre) en porcelaine blanche, de la manufacture Mitterteich en Allemagne Bavi\u00e8re. Cette soupi\u00e8re de style contemporain, est issu de la collection Memphis et date des ann\u00e9es 1980. Elle est en parfait \u00e9tat. R\u00e9f 30.15<\/p>\n","protected":false},"featured_media":7787,"comment_status":"open","ping_status":"closed","template":"","meta":{"neve_meta_sidebar":"","neve_meta_container":"","neve_meta_enable_content_width":"off","neve_meta_content_width":100,"neve_meta_title_alignment":"","neve_meta_author_avatar":"","neve_post_elements_order":"","neve_meta_disable_header":"","neve_meta_disable_footer":"","neve_meta_disable_title":""},"product_brand":[],"product_cat":[48,168,172,16],"product_tag":[],"class_list":{"0":"post-7786","1":"product","2":"type-product","3":"status-publish","4":"has-post-thumbnail","6":"product_cat-allemagne","7":"product_cat-bavaria","8":"product_cat-en-cuisine","9":"product_cat-ceramique","11":"first","12":"instock","13":"shipping-taxable","14":"purchasable","15":"product-type-simple"},"_links":{"self":[{"href":"https:\/\/legrenierdelatour.be\/brocante\/wp-json\/wp\/v2\/product\/7786","targetHints":{"allow":["GET"]}}],"collection":[{"href":"https:\/\/legrenierdelatour.be\/brocante\/wp-json\/wp\/v2\/product"}],"about":[{"href":"https:\/\/legrenierdelatour.be\/brocante\/wp-json\/wp\/v2\/types\/product"}],"replies":[{"embeddable":true,"href":"https:\/\/legrenierdelatour.be\/brocante\/wp-json\/wp\/v2\/comments?post=7786"}],"wp:featuredmedia":[{"embeddable":true,"href":"https:\/\/legrenierdelatour.be\/brocante\/wp-json\/wp\/v2\/media\/7787"}],"wp:attachment":[{"href":"https:\/\/legrenierdelatour.be\/brocante\/wp-json\/wp\/v2\/media?parent=7786"}],"wp:term":[{"taxonomy":"product_brand","embeddable":true,"href":"https:\/\/legrenierdelatour.be\/brocante\/wp-json\/wp\/v2\/product_brand?post=7786"},{"taxonomy":"product_cat","embeddable":true,"href":"https:\/\/legrenierdelatour.be\/brocante\/wp-json\/wp\/v2\/product_cat?post=7786"},{"taxonomy":"product_tag","embeddable":true,"href":"https:\/\/legrenierdelatour.be\/brocante\/wp-json\/wp\/v2\/product_tag?post=7786"}],"curies":[{"name":"wp","href":"https:\/\/api.w.org\/{rel}","templated":true}]}}