{"id":7774,"date":"2024-04-29T16:10:14","date_gmt":"2024-04-29T14:10:14","guid":{"rendered":"https:\/\/legrenierdelatour.be\/brocante\/?post_type=product&#038;p=7774"},"modified":"2024-04-29T17:30:24","modified_gmt":"2024-04-29T15:30:24","slug":"flacon-a-liqueur-boom","status":"publish","type":"product","link":"https:\/\/legrenierdelatour.be\/brocante\/produit\/flacon-a-liqueur-boom\/","title":{"rendered":"Flacon \u00e0 liqueur, Boom"},"content":{"rendered":"<p>Beau flacon \u00e0 liqueur en verre ros\u00e9 et or (21 cm de haut) produit par la manufacture Boom pr\u00e8s d\u2019Anvers, dans les ann\u00e9es 1930-1950. Il porte l\u2019\u00e9tiquette de la manufacture et est en parfait \u00e9tat.<\/p>\n<div>R\u00e9f 30.07<\/div>\n","protected":false},"excerpt":{"rendered":"<p>Beau flacon \u00e0 liqueur en verre ros\u00e9 et or (21 cm de haut) produit par la manufacture Boom pr\u00e8s d\u2019Anvers, dans les ann\u00e9es 1930-1950. Il porte l\u2019\u00e9tiquette de la manufacture et est en parfait \u00e9tat. R\u00e9f 30.07<\/p>\n","protected":false},"featured_media":7775,"comment_status":"open","ping_status":"closed","template":"","meta":{"neve_meta_sidebar":"","neve_meta_container":"","neve_meta_enable_content_width":"off","neve_meta_content_width":100,"neve_meta_title_alignment":"","neve_meta_author_avatar":"","neve_post_elements_order":"","neve_meta_disable_header":"","neve_meta_disable_footer":"","neve_meta_disable_title":""},"product_brand":[],"product_cat":[106,162,22],"product_tag":[],"class_list":{"0":"post-7774","1":"product","2":"type-product","3":"status-publish","4":"has-post-thumbnail","6":"product_cat-boom","7":"product_cat-productions-belges","8":"product_cat-verrerie","10":"first","11":"instock","12":"shipping-taxable","13":"purchasable","14":"product-type-simple"},"_links":{"self":[{"href":"https:\/\/legrenierdelatour.be\/brocante\/wp-json\/wp\/v2\/product\/7774","targetHints":{"allow":["GET"]}}],"collection":[{"href":"https:\/\/legrenierdelatour.be\/brocante\/wp-json\/wp\/v2\/product"}],"about":[{"href":"https:\/\/legrenierdelatour.be\/brocante\/wp-json\/wp\/v2\/types\/product"}],"replies":[{"embeddable":true,"href":"https:\/\/legrenierdelatour.be\/brocante\/wp-json\/wp\/v2\/comments?post=7774"}],"wp:featuredmedia":[{"embeddable":true,"href":"https:\/\/legrenierdelatour.be\/brocante\/wp-json\/wp\/v2\/media\/7775"}],"wp:attachment":[{"href":"https:\/\/legrenierdelatour.be\/brocante\/wp-json\/wp\/v2\/media?parent=7774"}],"wp:term":[{"taxonomy":"product_brand","embeddable":true,"href":"https:\/\/legrenierdelatour.be\/brocante\/wp-json\/wp\/v2\/product_brand?post=7774"},{"taxonomy":"product_cat","embeddable":true,"href":"https:\/\/legrenierdelatour.be\/brocante\/wp-json\/wp\/v2\/product_cat?post=7774"},{"taxonomy":"product_tag","embeddable":true,"href":"https:\/\/legrenierdelatour.be\/brocante\/wp-json\/wp\/v2\/product_tag?post=7774"}],"curies":[{"name":"wp","href":"https:\/\/api.w.org\/{rel}","templated":true}]}}